{"id":137,"date":"2010-11-19T01:00:42","date_gmt":"2010-11-19T03:00:42","guid":{"rendered":"http:\/\/bibliobelas.wordpress.com\/"},"modified":"2025-07-03T21:01:44","modified_gmt":"2025-07-04T00:01:44","slug":"novas-aquisicoes-recentesnovas-aquisicoes-recentesnovas-aquisicoes-recentes","status":"publish","type":"page","link":"https:\/\/bibliobelas.eba.ufmg.br\/index.php\/novas-aquisicoes-recentesnovas-aquisicoes-recentesnovas-aquisicoes-recentes\/","title":{"rendered":"NOVAS AQUISI\u00c7\u00d5ES"},"content":{"rendered":"\n<p><strong>Clique na imagem a seguir para baixar, na \u00edntegra, o Boletim de Novas Aquisi\u00e7\u00f5es do m\u00eas de mar\u00e7o de 2025:<\/strong><\/p>\n\n\n<div class=\"wp-block-image\">\n<figure class=\"aligncenter size-large\"><a href=\"https:\/\/bibliobelas.eba.ufmg.br\/wp-content\/uploads\/2025\/07\/novas_aquisicoes_mar_2025.pdf\" target=\"_blank\" rel=\" noreferrer noopener\"><img loading=\"lazy\" decoding=\"async\" width=\"725\" height=\"1024\" src=\"https:\/\/bibliobelas.eba.ufmg.br\/wp-content\/uploads\/2025\/07\/novas_aquisicoes_mar_2025_page-0001-1-725x1024.jpg\" alt=\"\" class=\"wp-image-8616\" srcset=\"https:\/\/bibliobelas.eba.ufmg.br\/wp-content\/uploads\/2025\/07\/novas_aquisicoes_mar_2025_page-0001-1-725x1024.jpg 725w, https:\/\/bibliobelas.eba.ufmg.br\/wp-content\/uploads\/2025\/07\/novas_aquisicoes_mar_2025_page-0001-1-212x300.jpg 212w, https:\/\/bibliobelas.eba.ufmg.br\/wp-content\/uploads\/2025\/07\/novas_aquisicoes_mar_2025_page-0001-1-768x1085.jpg 768w, https:\/\/bibliobelas.eba.ufmg.br\/wp-content\/uploads\/2025\/07\/novas_aquisicoes_mar_2025_page-0001-1-1087x1536.jpg 1087w, https:\/\/bibliobelas.eba.ufmg.br\/wp-content\/uploads\/2025\/07\/novas_aquisicoes_mar_2025_page-0001-1.jpg 1241w\" sizes=\"auto, (max-width: 725px) 100vw, 725px\" \/><\/a><figcaption class=\"wp-element-caption\">Novas Aquisi\u00e7\u00f5es \u2013 Mar\u00e7o\/2025<\/figcaption><\/figure>\n<\/div>","protected":false},"excerpt":{"rendered":"<p>Clique na imagem a seguir para baixar, na \u00edntegra, o Boletim de Novas Aquisi\u00e7\u00f5es do m\u00eas de mar\u00e7o de 2025:<\/p>\n","protected":false},"author":1,"featured_media":0,"parent":0,"menu_order":7,"comment_status":"closed","ping_status":"closed","template":"","meta":{"footnotes":""},"class_list":["post-137","page","type-page","status-publish","hentry"],"_links":{"self":[{"href":"https:\/\/bibliobelas.eba.ufmg.br\/index.php\/wp-json\/wp\/v2\/pages\/137","targetHints":{"allow":["GET"]}}],"collection":[{"href":"https:\/\/bibliobelas.eba.ufmg.br\/index.php\/wp-json\/wp\/v2\/pages"}],"about":[{"href":"https:\/\/bibliobelas.eba.ufmg.br\/index.php\/wp-json\/wp\/v2\/types\/page"}],"author":[{"embeddable":true,"href":"https:\/\/bibliobelas.eba.ufmg.br\/index.php\/wp-json\/wp\/v2\/users\/1"}],"replies":[{"embeddable":true,"href":"https:\/\/bibliobelas.eba.ufmg.br\/index.php\/wp-json\/wp\/v2\/comments?post=137"}],"version-history":[{"count":48,"href":"https:\/\/bibliobelas.eba.ufmg.br\/index.php\/wp-json\/wp\/v2\/pages\/137\/revisions"}],"predecessor-version":[{"id":8617,"href":"https:\/\/bibliobelas.eba.ufmg.br\/index.php\/wp-json\/wp\/v2\/pages\/137\/revisions\/8617"}],"wp:attachment":[{"href":"https:\/\/bibliobelas.eba.ufmg.br\/index.php\/wp-json\/wp\/v2\/media?parent=137"}],"curies":[{"name":"wp","href":"https:\/\/api.w.org\/{rel}","templated":true}]}}