{"id":20,"date":"2010-11-09T22:25:10","date_gmt":"2010-11-10T00:25:10","guid":{"rendered":"http:\/\/bibliobelas.wordpress.com\/"},"modified":"2024-09-20T15:52:22","modified_gmt":"2024-09-20T18:52:22","slug":"a-biblioteca","status":"publish","type":"page","link":"https:\/\/bibliobelas.eba.ufmg.br\/index.php\/a-biblioteca\/","title":{"rendered":"A Biblioteca"},"content":{"rendered":"<div class=\"wp-block-image\">\n<figure class=\"aligncenter size-large is-resized\"><img loading=\"lazy\" decoding=\"async\" width=\"1024\" height=\"1024\" src=\"https:\/\/bibliobelas.eba.ufmg.br\/wp-content\/uploads\/2024\/07\/20240301_185042-1-1024x1024.jpg\" alt=\"\" class=\"wp-image-8185\" style=\"width:284px;height:auto\" srcset=\"https:\/\/bibliobelas.eba.ufmg.br\/wp-content\/uploads\/2024\/07\/20240301_185042-1-1024x1024.jpg 1024w, https:\/\/bibliobelas.eba.ufmg.br\/wp-content\/uploads\/2024\/07\/20240301_185042-1-300x300.jpg 300w, https:\/\/bibliobelas.eba.ufmg.br\/wp-content\/uploads\/2024\/07\/20240301_185042-1-150x150.jpg 150w, https:\/\/bibliobelas.eba.ufmg.br\/wp-content\/uploads\/2024\/07\/20240301_185042-1-768x768.jpg 768w, https:\/\/bibliobelas.eba.ufmg.br\/wp-content\/uploads\/2024\/07\/20240301_185042-1-1536x1536.jpg 1536w, https:\/\/bibliobelas.eba.ufmg.br\/wp-content\/uploads\/2024\/07\/20240301_185042-1-2048x2048.jpg 2048w\" sizes=\"auto, (max-width: 1024px) 100vw, 1024px\" \/><\/figure>\n<\/div>\n\n\n<p class=\"has-text-align-justify\">A Biblioteca Professor Marcello de Vasconcellos Coelho est\u00e1 localizada no andar t\u00e9rreo, do Anexo 1, sala F110 da Escola de Belas Artes da Universidade Federal de Minas Gerais (UFMG).<\/p>\n\n\n\n<p class=\"has-text-align-justify\">A Biblioteca \u00e9 subordinada tecnicamente \u00e0 Biblioteca Universit\u00e1ria e administrativamente \u00e0 Diretoria da Escola de Belas Artes.<\/p>\n\n\n\n<p><strong>Conhe\u00e7a alguns dos espa\u00e7os da Biblioteca:<\/strong><\/p>\n\n\n\n<figure class=\"wp-block-gallery has-nested-images columns-default is-cropped wp-block-gallery-1 is-layout-flex wp-block-gallery-is-layout-flex\">\n<figure class=\"wp-block-image size-large\"><img loading=\"lazy\" decoding=\"async\" width=\"1024\" height=\"1024\" data-id=\"8247\" src=\"https:\/\/bibliobelas.eba.ufmg.br\/wp-content\/uploads\/2024\/09\/20240301_184720-1-1024x1024.jpg\" alt=\"\" class=\"wp-image-8247\" srcset=\"https:\/\/bibliobelas.eba.ufmg.br\/wp-content\/uploads\/2024\/09\/20240301_184720-1-1024x1024.jpg 1024w, https:\/\/bibliobelas.eba.ufmg.br\/wp-content\/uploads\/2024\/09\/20240301_184720-1-300x300.jpg 300w, https:\/\/bibliobelas.eba.ufmg.br\/wp-content\/uploads\/2024\/09\/20240301_184720-1-150x150.jpg 150w, https:\/\/bibliobelas.eba.ufmg.br\/wp-content\/uploads\/2024\/09\/20240301_184720-1-768x768.jpg 768w, https:\/\/bibliobelas.eba.ufmg.br\/wp-content\/uploads\/2024\/09\/20240301_184720-1-1536x1536.jpg 1536w, https:\/\/bibliobelas.eba.ufmg.br\/wp-content\/uploads\/2024\/09\/20240301_184720-1-2048x2048.jpg 2048w\" sizes=\"auto, (max-width: 1024px) 100vw, 1024px\" \/><\/figure>\n\n\n\n<figure class=\"wp-block-image size-large\"><img loading=\"lazy\" decoding=\"async\" width=\"1024\" height=\"1024\" data-id=\"8250\" src=\"https:\/\/bibliobelas.eba.ufmg.br\/wp-content\/uploads\/2024\/09\/20240301_184825-1-1024x1024.jpg\" alt=\"\" class=\"wp-image-8250\" srcset=\"https:\/\/bibliobelas.eba.ufmg.br\/wp-content\/uploads\/2024\/09\/20240301_184825-1-1024x1024.jpg 1024w, https:\/\/bibliobelas.eba.ufmg.br\/wp-content\/uploads\/2024\/09\/20240301_184825-1-300x300.jpg 300w, https:\/\/bibliobelas.eba.ufmg.br\/wp-content\/uploads\/2024\/09\/20240301_184825-1-150x150.jpg 150w, https:\/\/bibliobelas.eba.ufmg.br\/wp-content\/uploads\/2024\/09\/20240301_184825-1-768x768.jpg 768w, https:\/\/bibliobelas.eba.ufmg.br\/wp-content\/uploads\/2024\/09\/20240301_184825-1-1536x1536.jpg 1536w, https:\/\/bibliobelas.eba.ufmg.br\/wp-content\/uploads\/2024\/09\/20240301_184825-1-2048x2048.jpg 2048w\" sizes=\"auto, (max-width: 1024px) 100vw, 1024px\" \/><\/figure>\n\n\n\n<figure class=\"wp-block-image size-large\"><img loading=\"lazy\" decoding=\"async\" width=\"1024\" height=\"1024\" data-id=\"8246\" src=\"https:\/\/bibliobelas.eba.ufmg.br\/wp-content\/uploads\/2024\/09\/20240301_185114-1-1024x1024.jpg\" alt=\"\" class=\"wp-image-8246\" srcset=\"https:\/\/bibliobelas.eba.ufmg.br\/wp-content\/uploads\/2024\/09\/20240301_185114-1-1024x1024.jpg 1024w, https:\/\/bibliobelas.eba.ufmg.br\/wp-content\/uploads\/2024\/09\/20240301_185114-1-300x300.jpg 300w, https:\/\/bibliobelas.eba.ufmg.br\/wp-content\/uploads\/2024\/09\/20240301_185114-1-150x150.jpg 150w, https:\/\/bibliobelas.eba.ufmg.br\/wp-content\/uploads\/2024\/09\/20240301_185114-1-768x768.jpg 768w, https:\/\/bibliobelas.eba.ufmg.br\/wp-content\/uploads\/2024\/09\/20240301_185114-1-1536x1536.jpg 1536w, https:\/\/bibliobelas.eba.ufmg.br\/wp-content\/uploads\/2024\/09\/20240301_185114-1-2048x2048.jpg 2048w\" sizes=\"auto, (max-width: 1024px) 100vw, 1024px\" \/><\/figure>\n\n\n\n<figure class=\"wp-block-image size-large\"><img loading=\"lazy\" decoding=\"async\" width=\"1024\" height=\"462\" data-id=\"8238\" src=\"https:\/\/bibliobelas.eba.ufmg.br\/wp-content\/uploads\/2024\/09\/1-acervo-1024x462.jpg\" alt=\"\" class=\"wp-image-8238\" srcset=\"https:\/\/bibliobelas.eba.ufmg.br\/wp-content\/uploads\/2024\/09\/1-acervo-1024x462.jpg 1024w, https:\/\/bibliobelas.eba.ufmg.br\/wp-content\/uploads\/2024\/09\/1-acervo-300x135.jpg 300w, https:\/\/bibliobelas.eba.ufmg.br\/wp-content\/uploads\/2024\/09\/1-acervo-768x346.jpg 768w, https:\/\/bibliobelas.eba.ufmg.br\/wp-content\/uploads\/2024\/09\/1-acervo-1536x692.jpg 1536w, https:\/\/bibliobelas.eba.ufmg.br\/wp-content\/uploads\/2024\/09\/1-acervo-2048x923.jpg 2048w\" sizes=\"auto, (max-width: 1024px) 100vw, 1024px\" \/><\/figure>\n\n\n\n<figure class=\"wp-block-image size-large\"><img loading=\"lazy\" decoding=\"async\" width=\"1024\" height=\"461\" data-id=\"8252\" src=\"https:\/\/bibliobelas.eba.ufmg.br\/wp-content\/uploads\/2024\/09\/4064865-1024x461.jpg\" alt=\"\" class=\"wp-image-8252\" srcset=\"https:\/\/bibliobelas.eba.ufmg.br\/wp-content\/uploads\/2024\/09\/4064865-1024x461.jpg 1024w, https:\/\/bibliobelas.eba.ufmg.br\/wp-content\/uploads\/2024\/09\/4064865-300x135.jpg 300w, https:\/\/bibliobelas.eba.ufmg.br\/wp-content\/uploads\/2024\/09\/4064865-768x346.jpg 768w, https:\/\/bibliobelas.eba.ufmg.br\/wp-content\/uploads\/2024\/09\/4064865-1536x691.jpg 1536w, https:\/\/bibliobelas.eba.ufmg.br\/wp-content\/uploads\/2024\/09\/4064865-2048x922.jpg 2048w\" sizes=\"auto, (max-width: 1024px) 100vw, 1024px\" \/><\/figure>\n\n\n\n<figure class=\"wp-block-image size-large is-style-default\"><img loading=\"lazy\" decoding=\"async\" width=\"1024\" height=\"1024\" data-id=\"8251\" src=\"https:\/\/bibliobelas.eba.ufmg.br\/wp-content\/uploads\/2024\/09\/20240301_184754-1024x1024.jpeg\" alt=\"\" class=\"wp-image-8251\" srcset=\"https:\/\/bibliobelas.eba.ufmg.br\/wp-content\/uploads\/2024\/09\/20240301_184754-1024x1024.jpeg 1024w, https:\/\/bibliobelas.eba.ufmg.br\/wp-content\/uploads\/2024\/09\/20240301_184754-300x300.jpeg 300w, https:\/\/bibliobelas.eba.ufmg.br\/wp-content\/uploads\/2024\/09\/20240301_184754-150x150.jpeg 150w, https:\/\/bibliobelas.eba.ufmg.br\/wp-content\/uploads\/2024\/09\/20240301_184754-768x768.jpeg 768w, https:\/\/bibliobelas.eba.ufmg.br\/wp-content\/uploads\/2024\/09\/20240301_184754-1536x1536.jpeg 1536w, https:\/\/bibliobelas.eba.ufmg.br\/wp-content\/uploads\/2024\/09\/20240301_184754-2048x2048.jpeg 2048w\" sizes=\"auto, (max-width: 1024px) 100vw, 1024px\" \/><\/figure>\n\n\n\n<figure class=\"wp-block-image size-large\"><img loading=\"lazy\" decoding=\"async\" width=\"1024\" height=\"1024\" data-id=\"8281\" src=\"https:\/\/bibliobelas.eba.ufmg.br\/wp-content\/uploads\/2024\/09\/20240301_184943-1024x1024.jpg\" alt=\"\" class=\"wp-image-8281\" srcset=\"https:\/\/bibliobelas.eba.ufmg.br\/wp-content\/uploads\/2024\/09\/20240301_184943-1024x1024.jpg 1024w, https:\/\/bibliobelas.eba.ufmg.br\/wp-content\/uploads\/2024\/09\/20240301_184943-300x300.jpg 300w, https:\/\/bibliobelas.eba.ufmg.br\/wp-content\/uploads\/2024\/09\/20240301_184943-150x150.jpg 150w, https:\/\/bibliobelas.eba.ufmg.br\/wp-content\/uploads\/2024\/09\/20240301_184943-768x768.jpg 768w, https:\/\/bibliobelas.eba.ufmg.br\/wp-content\/uploads\/2024\/09\/20240301_184943-1536x1536.jpg 1536w, https:\/\/bibliobelas.eba.ufmg.br\/wp-content\/uploads\/2024\/09\/20240301_184943-2048x2048.jpg 2048w\" sizes=\"auto, (max-width: 1024px) 100vw, 1024px\" \/><\/figure>\n\n\n\n<figure class=\"wp-block-image size-large\"><img loading=\"lazy\" decoding=\"async\" width=\"1024\" height=\"461\" data-id=\"8302\" src=\"https:\/\/bibliobelas.eba.ufmg.br\/wp-content\/uploads\/2024\/09\/20240919_191713-1024x461.jpg\" alt=\"\" class=\"wp-image-8302\" srcset=\"https:\/\/bibliobelas.eba.ufmg.br\/wp-content\/uploads\/2024\/09\/20240919_191713-1024x461.jpg 1024w, https:\/\/bibliobelas.eba.ufmg.br\/wp-content\/uploads\/2024\/09\/20240919_191713-300x135.jpg 300w, https:\/\/bibliobelas.eba.ufmg.br\/wp-content\/uploads\/2024\/09\/20240919_191713-768x346.jpg 768w, https:\/\/bibliobelas.eba.ufmg.br\/wp-content\/uploads\/2024\/09\/20240919_191713-1536x691.jpg 1536w, https:\/\/bibliobelas.eba.ufmg.br\/wp-content\/uploads\/2024\/09\/20240919_191713-2048x922.jpg 2048w\" sizes=\"auto, (max-width: 1024px) 100vw, 1024px\" \/><\/figure>\n\n\n\n<figure class=\"wp-block-image size-large\"><img loading=\"lazy\" decoding=\"async\" width=\"1024\" height=\"461\" data-id=\"8305\" src=\"https:\/\/bibliobelas.eba.ufmg.br\/wp-content\/uploads\/2024\/09\/20240919_191806-1024x461.jpg\" alt=\"\" class=\"wp-image-8305\" srcset=\"https:\/\/bibliobelas.eba.ufmg.br\/wp-content\/uploads\/2024\/09\/20240919_191806-1024x461.jpg 1024w, https:\/\/bibliobelas.eba.ufmg.br\/wp-content\/uploads\/2024\/09\/20240919_191806-300x135.jpg 300w, https:\/\/bibliobelas.eba.ufmg.br\/wp-content\/uploads\/2024\/09\/20240919_191806-768x346.jpg 768w, https:\/\/bibliobelas.eba.ufmg.br\/wp-content\/uploads\/2024\/09\/20240919_191806-1536x691.jpg 1536w, https:\/\/bibliobelas.eba.ufmg.br\/wp-content\/uploads\/2024\/09\/20240919_191806-2048x922.jpg 2048w\" sizes=\"auto, (max-width: 1024px) 100vw, 1024px\" \/><\/figure>\n<\/figure>\n\n\n\n<ul class=\"wp-block-list\">\n<li>Salas de Estudo Individual<\/li>\n\n\n\n<li>Sala de Estudo em Grupo<\/li>\n\n\n\n<li>Sala Multim\u00eddia<\/li>\n\n\n\n<li>Terminais de Consulta ao Cat\u00e1logo Online<\/li>\n\n\n\n<li>Portaria e Guarda-volumes<\/li>\n\n\n\n<li>Se\u00e7\u00e3o de Circula\u00e7\u00e3o e Atendimento ao Usu\u00e1rio<\/li>\n\n\n\n<li>Setor de Digitaliza\u00e7\u00e3o<\/li>\n\n\n\n<li>Setor de Reparo<\/li>\n\n\n\n<li>Setor de Refer\u00eancia<\/li>\n\n\n\n<li>Setor de Processamento T\u00e9cnico<\/li>\n\n\n\n<li>Setor de Coordena\u00e7\u00e3o<\/li>\n<\/ul>\n\n\n\n<p><strong>Acervo:<\/strong><\/p>\n\n\n\n<p><strong><a href=\"https:\/\/bibliobelas.eba.ufmg.br\/index.php\/a-biblioteca\/acervo\/\">Conhe\u00e7a nosso acervo (clique)<\/a><\/strong><\/p>\n\n\n\n<p><\/p>\n","protected":false},"excerpt":{"rendered":"<p>A Biblioteca Professor Marcello de Vasconcellos Coelho est\u00e1 localizada no andar t\u00e9rreo, do Anexo 1, sala F110 da Escola de Belas Artes da Universidade Federal de Minas Gerais (UFMG). A Biblioteca \u00e9 subordinada tecnicamente \u00e0 Biblioteca Universit\u00e1ria e administrativamente \u00e0 Diretoria da Escola de Belas Artes. Conhe\u00e7a alguns dos espa\u00e7os da Biblioteca: Acervo: Conhe\u00e7a nosso &hellip; <a href=\"https:\/\/bibliobelas.eba.ufmg.br\/index.php\/a-biblioteca\/\" class=\"more-link\">Continue lendo <span class=\"screen-reader-text\">A Biblioteca<\/span> <span class=\"meta-nav\">&rarr;<\/span><\/a><\/p>\n","protected":false},"author":1,"featured_media":0,"parent":0,"menu_order":1,"comment_status":"closed","ping_status":"closed","template":"","meta":{"footnotes":""},"class_list":["post-20","page","type-page","status-publish","hentry"],"_links":{"self":[{"href":"https:\/\/bibliobelas.eba.ufmg.br\/index.php\/wp-json\/wp\/v2\/pages\/20","targetHints":{"allow":["GET"]}}],"collection":[{"href":"https:\/\/bibliobelas.eba.ufmg.br\/index.php\/wp-json\/wp\/v2\/pages"}],"about":[{"href":"https:\/\/bibliobelas.eba.ufmg.br\/index.php\/wp-json\/wp\/v2\/types\/page"}],"author":[{"embeddable":true,"href":"https:\/\/bibliobelas.eba.ufmg.br\/index.php\/wp-json\/wp\/v2\/users\/1"}],"replies":[{"embeddable":true,"href":"https:\/\/bibliobelas.eba.ufmg.br\/index.php\/wp-json\/wp\/v2\/comments?post=20"}],"version-history":[{"count":9,"href":"https:\/\/bibliobelas.eba.ufmg.br\/index.php\/wp-json\/wp\/v2\/pages\/20\/revisions"}],"predecessor-version":[{"id":8306,"href":"https:\/\/bibliobelas.eba.ufmg.br\/index.php\/wp-json\/wp\/v2\/pages\/20\/revisions\/8306"}],"wp:attachment":[{"href":"https:\/\/bibliobelas.eba.ufmg.br\/index.php\/wp-json\/wp\/v2\/media?parent=20"}],"curies":[{"name":"wp","href":"https:\/\/api.w.org\/{rel}","templated":true}]}}