{"id":2655,"date":"2014-01-01T01:00:54","date_gmt":"2014-01-01T03:00:54","guid":{"rendered":"http:\/\/bibliobelas.wordpress.com\/?page_id=2655"},"modified":"2014-01-01T01:00:54","modified_gmt":"2014-01-01T03:00:54","slug":"2014-2","status":"publish","type":"page","link":"https:\/\/bibliobelas.eba.ufmg.br\/index.php\/novas-aquisicoes-recentesnovas-aquisicoes-recentesnovas-aquisicoes-recentes\/2010-2\/2014-2\/","title":{"rendered":"2014"},"content":{"rendered":"<p>Aquisi\u00e7\u00f5es de 2014:<\/p>\n<p><a href=\"https:\/\/bibliobelas.eba.ufmg.br\/wp-content\/uploads\/2015\/01\/novas-aquisicoes_dez-2014.pdf\" target=\"_blank\" rel=\"noopener\">Dezembro<\/a><\/p>\n<p><a href=\"https:\/\/bibliobelas.eba.ufmg.br\/wp-content\/uploads\/2014\/12\/novas-aquisicoes_nov-20143.pdf\" target=\"_blank\" rel=\"noopener\">Novembro<\/a><\/p>\n<p><a href=\"https:\/\/bibliobelas.eba.ufmg.br\/wp-content\/uploads\/2014\/12\/novas-aquisicoes_out-2014.pdf\" target=\"_blank\" rel=\"noopener\">Outubro<\/a><\/p>\n<p><a href=\"https:\/\/bibliobelas.eba.ufmg.br\/wp-content\/uploads\/2014\/10\/novas-aquisicoes_set-2014.pdf\" target=\"_blank\" rel=\"noopener\">Setembro<\/a><\/p>\n<p><a href=\"https:\/\/bibliobelas.eba.ufmg.br\/wp-content\/uploads\/2014\/09\/novas-aquisicoes_ago-2014.pdf\" target=\"_blank\" rel=\"noopener\">Agosto<\/a><\/p>\n<p><a href=\"https:\/\/bibliobelas.eba.ufmg.br\/wp-content\/uploads\/2014\/08\/novas-aquisicoes_jul-2014.pdf\" target=\"_blank\" rel=\"noopener\">Julho<\/a><\/p>\n<p><a href=\"https:\/\/bibliobelas.eba.ufmg.br\/wp-content\/uploads\/2014\/07\/novas-aquisicoes_jun-2014.pdf\" target=\"_blank\" rel=\"noopener\">Junho<\/a><\/p>\n<p><a href=\"https:\/\/bibliobelas.eba.ufmg.br\/wp-content\/uploads\/2014\/05\/novas-aquisicoes_maio-2014.pdf\" target=\"_blank\" rel=\"noopener\">Maio<\/a><\/p>\n<p><a href=\"https:\/\/bibliobelas.eba.ufmg.br\/wp-content\/uploads\/2014\/06\/novas-aquisicoes_abr-2014.pdf\" target=\"_blank\" rel=\"noopener\">Abril<\/a><\/p>\n<p><a href=\"https:\/\/bibliobelas.eba.ufmg.br\/wp-content\/uploads\/2014\/04\/novas-aquisicoes_mar-2014.pdf\" target=\"_blank\" rel=\"noopener\">Mar\u00e7o<\/a><\/p>\n<p><a href=\"https:\/\/bibliobelas.eba.ufmg.br\/wp-content\/uploads\/2014\/03\/novas-aquisicoes_fev-20141.pdf\" target=\"_blank\" rel=\"noopener\">Fevereiro <\/a><\/p>\n<p><a href=\"https:\/\/bibliobelas.eba.ufmg.br\/wp-content\/uploads\/2014\/02\/novas-aquisicoes_jan-2014.pdf\">Janeiro<\/a><\/p>\n","protected":false},"excerpt":{"rendered":"<p>Aquisi\u00e7\u00f5es de 2014: Dezembro Novembro Outubro Setembro Agosto Julho Junho Maio Abril Mar\u00e7o Fevereiro Janeiro<\/p>\n","protected":false},"author":1,"featured_media":0,"parent":495,"menu_order":105,"comment_status":"open","ping_status":"closed","template":"","meta":{"footnotes":""},"class_list":["post-2655","page","type-page","status-publish","hentry"],"_links":{"self":[{"href":"https:\/\/bibliobelas.eba.ufmg.br\/index.php\/wp-json\/wp\/v2\/pages\/2655","targetHints":{"allow":["GET"]}}],"collection":[{"href":"https:\/\/bibliobelas.eba.ufmg.br\/index.php\/wp-json\/wp\/v2\/pages"}],"about":[{"href":"https:\/\/bibliobelas.eba.ufmg.br\/index.php\/wp-json\/wp\/v2\/types\/page"}],"author":[{"embeddable":true,"href":"https:\/\/bibliobelas.eba.ufmg.br\/index.php\/wp-json\/wp\/v2\/users\/1"}],"replies":[{"embeddable":true,"href":"https:\/\/bibliobelas.eba.ufmg.br\/index.php\/wp-json\/wp\/v2\/comments?post=2655"}],"version-history":[{"count":0,"href":"https:\/\/bibliobelas.eba.ufmg.br\/index.php\/wp-json\/wp\/v2\/pages\/2655\/revisions"}],"up":[{"embeddable":true,"href":"https:\/\/bibliobelas.eba.ufmg.br\/index.php\/wp-json\/wp\/v2\/pages\/495"}],"wp:attachment":[{"href":"https:\/\/bibliobelas.eba.ufmg.br\/index.php\/wp-json\/wp\/v2\/media?parent=2655"}],"curies":[{"name":"wp","href":"https:\/\/api.w.org\/{rel}","templated":true}]}}