{"id":3234,"date":"2013-12-03T16:41:45","date_gmt":"2013-12-03T18:41:45","guid":{"rendered":"http:\/\/bibliobelas.wordpress.com\/?page_id=3234"},"modified":"2025-11-06T20:32:40","modified_gmt":"2025-11-06T23:32:40","slug":"hemeroteca","status":"publish","type":"page","link":"https:\/\/bibliobelas.eba.ufmg.br\/index.php\/hemeroteca-2\/4073-2\/hemeroteca\/","title":{"rendered":"A"},"content":{"rendered":"<p>ABAL, Tomas,1922-1986<br \/>\n<a href=\"https:\/\/1drv.ms\/f\/s!AuixT851rLZEg3jQwnZtf1GihYb-\" target=\"_blank\" rel=\"noopener noreferrer\">ABRAMO, L\u00edvio, 1903-1992<\/a><br \/>\nABREU,Gilberto de,1953-<br \/>\nABREU, Vicente, 1926-1987<br \/>\n<a href=\"https:\/\/1drv.ms\/f\/s!AuixT851rLZEyBu-zMU9bKpmYct6\" target=\"_blank\" rel=\"noopener noreferrer\">AGOSTINELLI, M\u00e1rio, 1915-2000<\/a><br \/>\nAGUIAR Junior, Wenceslau Caminha, 1955-<br \/>\n<a href=\"https:\/\/1drv.ms\/f\/s!AuixT851rLZEyB86Ho6969MILs77\" target=\"_blank\" rel=\"noopener noreferrer\">AGUILAR, Jos\u00e9 Roberto, 1941-<\/a><br \/>\n<a href=\"https:\/\/1drv.ms\/b\/c\/44b6ac75ce4fb1e8\/EeixT851rLYggER9AAAAAAABTWiURf9dfwHlvi8tiGB-Jg?e=lLkAxQ\" target=\"_blank\" rel=\"noopener noreferrer\">AJURICABA<\/a><br \/>\n<a href=\"https:\/\/1drv.ms\/b\/c\/44b6ac75ce4fb1e8\/EeixT851rLYggESMAAAAAAABOR2R2_P831KbKgl8eUr7EQ\" target=\"_blank\" rel=\"noopener noreferrer\">ALBERS, Josef, 1988-1976<\/a><br \/>\n<a href=\"https:\/\/1drv.ms\/b\/c\/44b6ac75ce4fb1e8\/EeixT851rLYggESOAAAAAAABEtofgun8Ntx3NnP-QbnXYw\" target=\"_blank\" rel=\"noopener noreferrer\">ALBERY, 1944-<\/a><br \/>\n<a href=\"https:\/\/onedrive.live.com\/redir?resid=44B6AC75CE4FB1E8!126&amp;authkey=!ACPPHSWyiFIhAQU&amp;ithint=file%2cpdf\" target=\"_blank\" rel=\"noopener noreferrer\">ALBUQUERQUE, Lucilio, 1877-1939<\/a><br \/>\n<a href=\"https:\/\/onedrive.live.com\/redir?resid=44B6AC75CE4FB1E8!124&amp;authkey=!AMh60b5l1Rf6b20&amp;ithint=file%2cpdf\" target=\"_blank\" rel=\"noopener noreferrer\">ALBUQUERQUE, Ruy<\/a>, 1912-<br \/>\n<a href=\"https:\/\/1drv.ms\/f\/s!AuixT851rLZEwW7vbgjLGbgzXNI-\" target=\"_blank\" rel=\"noopener noreferrer\">ALEIJADINHO, 1730-1814<\/a><br \/>\n<a href=\"https:\/\/onedrive.live.com\/redir?resid=44B6AC75CE4FB1E8!109&amp;authkey=!AMY62s1hk4NYaIE&amp;ithint=file%2cpdf\" target=\"_blank\" rel=\"noopener noreferrer\">ALMEIDA, Charters de, 1935-<\/a><br \/>\n<a href=\"https:\/\/onedrive.live.com\/redir?resid=44B6AC75CE4FB1E8!462&amp;authkey=!AKHMsI04HJJmZ8M&amp;ithint=folder%2cjpg\" target=\"_blank\" rel=\"noopener noreferrer\">ALMEIDA Junior, 1850-1899<\/a><br \/>\n<a href=\"https:\/\/onedrive.live.com\/redir?resid=44B6AC75CE4FB1E8!3011&amp;authkey=!AKcTTXDccuHf8qI&amp;ithint=folder%2cbmp\" target=\"_blank\" rel=\"noopener noreferrer\">ALMEIDA, Roberto de<\/a><br \/>\n<a href=\"https:\/\/onedrive.live.com\/redir?resid=44B6AC75CE4FB1E8!111&amp;authkey=!AEMLSPNmLc4d_y0&amp;ithint=file%2cpdf\" target=\"_blank\" rel=\"noopener noreferrer\">ALVARUS, 1904-1985<\/a><br \/>\n<a href=\"https:\/\/onedrive.live.com\/redir?resid=44B6AC75CE4FB1E8!477&amp;authkey=!AECbVtkEVojWkko&amp;ithint=folder%2cjpg\" target=\"_blank\" rel=\"noopener noreferrer\">ALVIM, Fausto, 1899-<\/a><br \/>\n<a href=\"https:\/\/onedrive.live.com\/redir?resid=44B6AC75CE4FB1E8!110&amp;authkey=!AAWrm46V77QzdXY&amp;ithint=file%2cpdf\" target=\"_blank\" rel=\"noopener noreferrer\">ALVIM, Ivone<\/a><br \/>\n<a href=\"https:\/\/onedrive.live.com\/redir?resid=44B6AC75CE4FB1E8!617&amp;authkey=!AB-_WEi96n-C7Wo&amp;ithint=folder%2cjpg\" target=\"_blank\" rel=\"noopener noreferrer\">AMANCIUS, 1946- <\/a><br \/>\n<a href=\"https:\/\/onedrive.live.com\/redir?resid=44B6AC75CE4FB1E8!623&amp;authkey=!ADmoglQ1XruHEwU&amp;ithint=folder%2cjpg\" target=\"_blank\" rel=\"noopener noreferrer\">AMARAL,\u00a0Ant\u00f4nio Henrique, 1935-<\/a><br \/>\n<a href=\"https:\/\/onedrive.live.com\/redir?resid=44B6AC75CE4FB1E8!2999&amp;authkey=!AJBfSpFzeXGeR7M&amp;ithint=folder%2cJPG\" target=\"_blank\" rel=\"noopener noreferrer\">AMARAL, M\u00e1rcia Barroso do, 1943-<\/a><br \/>\n<a href=\"https:\/\/onedrive.live.com\/redir?resid=44B6AC75CE4FB1E8!3018&amp;authkey=!AEpa5m4eHgfKDyg&amp;ithint=folder%2cjpg\" target=\"_blank\" rel=\"noopener noreferrer\">AMARAL, Mary Lane Faria, 1940-<\/a><br \/>\n<a href=\"https:\/\/onedrive.live.com\/redir?resid=44B6AC75CE4FB1E8!522&amp;authkey=!AF78Is7doxND0iM&amp;ithint=folder%2cjpg\" target=\"_blank\" rel=\"noopener noreferrer\">AMARAL, Tarsila, 1886-1973<\/a><br \/>\n<a href=\"https:\/\/onedrive.live.com\/redir?resid=44B6AC75CE4FB1E8!113&amp;authkey=!AAiVRx6Sbd8rJEU&amp;ithint=file%2cpdf\" target=\"_blank\" rel=\"noopener noreferrer\">AMARAL, Vera, 1916-<\/a><br \/>\n<a href=\"https:\/\/onedrive.live.com\/redir?resid=44B6AC75CE4FB1E8!183&amp;authkey=!AM03qJIMvhjr78I&amp;ithint=file%2cpdf\" target=\"_blank\" rel=\"noopener noreferrer\">AMBROSIO, D\u00e9cio Duarte, 1947-<\/a><br \/>\n<a href=\"https:\/\/onedrive.live.com\/redir?resid=44B6AC75CE4FB1E8!202&amp;authkey=!APvOBsQZgPPdhpg&amp;ithint=file%2cpdf\" target=\"_blank\" rel=\"noopener noreferrer\">AM\u00c9RICO, Pedro, 1843-1905<\/a><br \/>\n<a href=\"https:\/\/onedrive.live.com\/redir?resid=44B6AC75CE4FB1E8!201&amp;authkey=!AF0Un-N_7WssebM&amp;ithint=file%2cpdf\" target=\"_blank\" rel=\"noopener noreferrer\">ANDERSON, June, 1941-<\/a><br \/>\nANDRADE, Maria C\u00e9lia<br \/>\n<a href=\"https:\/\/1drv.ms\/f\/s!AuixT851rLZEyEBRWVEgy6DB-8B7\" target=\"_blank\" rel=\"noopener noreferrer\">ANDRADE, M\u00e1rio de<\/a><br \/>\n<a href=\"https:\/\/onedrive.live.com\/redir?resid=44B6AC75CE4FB1E8!8510&amp;authkey=!AAcNr7gHpjK0Uj4&amp;ithint=folder%2cJPG\" target=\"_blank\" rel=\"noopener noreferrer\">ANDRADE, Moacir, 1927-<\/a><br \/>\n<a href=\"https:\/\/onedrive.live.com\/redir?resid=44B6AC75CE4FB1E8!204&amp;authkey=!AM_Ej4bwpi_YCYU&amp;ithint=file%2cpdf\" target=\"_blank\" rel=\"noopener noreferrer\">ANDRADE, Odin<\/a><br \/>\n<a href=\"https:\/\/1drv.ms\/f\/s!AuixT851rLZExn6PaID3h0LNXuZN\" target=\"_blank\" rel=\"noopener noreferrer\">ANDRADE, Rodrigo, 1962-<\/a><br \/>\n<a href=\"https:\/\/onedrive.live.com\/redir?resid=44B6AC75CE4FB1E8!168&amp;authkey=!AE7eH6zI24mnY5U&amp;ithint=file%2cpdf\" target=\"_blank\" rel=\"noopener noreferrer\">ANDRADE, Sonia, 1962-<\/a><br \/>\nANDREATO, Elifas, 1947-<br \/>\n<a href=\"https:\/\/onedrive.live.com\/redir?resid=44B6AC75CE4FB1E8!2671&amp;authkey=!AAEkoZSWICPsUUg&amp;ithint=folder%2cjpg\" target=\"_blank\" rel=\"noopener noreferrer\">ANDR\u00c9S, Maria Helena, 1922-<\/a><br \/>\n<a href=\"https:\/\/onedrive.live.com\/redir?resid=44B6AC75CE4FB1E8!182&amp;authkey=!AIHHE5Q47k6ZrPA&amp;ithint=file%2cpdf\" target=\"_blank\" rel=\"noopener noreferrer\">ANETO<\/a><br \/>\n<a href=\"https:\/\/onedrive.live.com\/redir?resid=44B6AC75CE4FB1E8!2813&amp;authkey=!AFfm5Hun6QMD6bU&amp;ithint=folder%2cpdf\" target=\"_blank\" rel=\"noopener noreferrer\">APAR\u00cdCIO<\/a><br \/>\n<a href=\"https:\/\/onedrive.live.com\/redir?resid=44B6AC75CE4FB1E8!2441&amp;authkey=!ADL5927qdGw8eI4&amp;ithint=folder%2cjpg\" target=\"_blank\" rel=\"noopener noreferrer\">APOCALYPSE, Alvaro, 1937-<\/a><br \/>\nAPPEL, Kare, 1921-<br \/>\nAQUILA, Luiz, 1943-<br \/>\n<a href=\"https:\/\/onedrive.live.com\/redir?resid=44B6AC75CE4FB1E8!470&amp;authkey=!AImSlagoVuJiUd8&amp;ithint=folder%2cjpg\" target=\"_blank\" rel=\"noopener noreferrer\">AQUINO, Adriano, 1946-<\/a><br \/>\n<a href=\"https:\/\/onedrive.live.com\/redir?resid=44B6AC75CE4FB1E8!8522&amp;authkey=!APQYSI_QDJCotOc&amp;ithint=folder%2cjpg\" target=\"_blank\" rel=\"noopener noreferrer\">AQUINO, Angelo de, 1945-<\/a><br \/>\n<a href=\"https:\/\/onedrive.live.com\/redir?resid=44B6AC75CE4FB1E8!2680&amp;authkey=!AI2n3b6PKOvwaSU&amp;ithint=folder%2cpdf\" target=\"_blank\" rel=\"noopener noreferrer\">ARAUJO, Emanoel, 1940-<\/a><br \/>\n<a href=\"https:\/\/onedrive.live.com\/redir?resid=44B6AC75CE4FB1E8!205&amp;authkey=!AGb6gpplVuD1RW0&amp;ithint=file%2cpdf\" target=\"_blank\" rel=\"noopener noreferrer\">ARAUJO, Carlos, 1950-<\/a><br \/>\nARAUJO, Lais Correa de, 1928-<br \/>\nARA\u00daJO, Manezinho, 1910-1993<br \/>\nARA\u00daJO, Maurino de, 1949-<br \/>\n<a href=\"https:\/\/onedrive.live.com\/redir?resid=44B6AC75CE4FB1E8!186&amp;authkey=!ABmqQI9Oc05swe4&amp;ithint=file%2cpdf\" target=\"_blank\" rel=\"noopener noreferrer\">ARAUJO, Octavio, 1925-<\/a><br \/>\n<a href=\"https:\/\/onedrive.live.com\/redir?resid=44B6AC75CE4FB1E8!185&amp;authkey=!AIWku3-Sw6Jrbws&amp;ithint=file%2cpdf\" target=\"_blank\" rel=\"noopener noreferrer\">ARA\u00daJO, Ronaldo<\/a><br \/>\n<a href=\"https:\/\/onedrive.live.com\/redir?resid=44B6AC75CE4FB1E8!169&amp;authkey=!AMTYzoOWl8nCgjM&amp;ithint=file%2cpdf\" target=\"_blank\" rel=\"noopener noreferrer\">ARCHIMEADES <\/a><br \/>\n<a href=\"https:\/\/onedrive.live.com\/redir?resid=44B6AC75CE4FB1E8!184&amp;authkey=!AAQgBWUEdl96sYk&amp;ithint=file%2cpdf\" target=\"_blank\" rel=\"noopener noreferrer\">ARRUDA, Victor, 1947-<\/a><br \/>\nATHAYDE, Manoel da Costa, 1762-1830<br \/>\nAUGUSTO, Jenner, 1924-<br \/>\n<a href=\"https:\/\/onedrive.live.com\/redir?resid=44B6AC75CE4FB1E8!557&amp;authkey=!ANiKGQCcsPxNtZg&amp;ithint=folder%2cjpg\" target=\"_blank\" rel=\"noopener noreferrer\">AYRES, Lula Cardoso, 1910-1987<\/a><br \/>\n<a href=\"https:\/\/onedrive.live.com\/redir?resid=44B6AC75CE4FB1E8!203&amp;authkey=!AGe3lZvnvBcl8ng&amp;ithint=file%2cpdf\" target=\"_blank\" rel=\"noopener noreferrer\">\u00c1VILLA, Affonso, 1928-<\/a><br \/>\n<a href=\"https:\/\/1drv.ms\/f\/c\/44b6ac75ce4fb1e8\/EuixT851rLYggER8CgAAAAAB6LXzpXbTgUxTa_zOvc3uZQ?e=KjcMw7\" target=\"_blank\" rel=\"noopener noreferrer\">\u00c1VILA, Sara, 1932-<\/a><br \/>\n<a href=\"https:\/\/1drv.ms\/f\/s!AuixT851rLZEyEJ8ABXNmO0t1Kd0\" target=\"_blank\" rel=\"noopener noreferrer\">AZEVEDO, M\u00e1rio C\u00e9sar de, 1957<\/a><\/p>\n","protected":false},"excerpt":{"rendered":"<p>ABAL, Tomas,1922-1986 ABRAMO, L\u00edvio, 1903-1992 ABREU,Gilberto de,1953- ABREU, Vicente, 1926-1987 AGOSTINELLI, M\u00e1rio, 1915-2000 AGUIAR Junior, Wenceslau Caminha, 1955- AGUILAR, Jos\u00e9 Roberto, 1941- AJURICABA ALBERS, Josef, 1988-1976 ALBERY, 1944- ALBUQUERQUE, Lucilio, 1877-1939 ALBUQUERQUE, Ruy, 1912- ALEIJADINHO, 1730-1814 ALMEIDA, Charters de, 1935- ALMEIDA Junior, 1850-1899 ALMEIDA, Roberto de ALVARUS, 1904-1985 ALVIM, Fausto, 1899- ALVIM, Ivone AMANCIUS, 1946- &hellip; <a href=\"https:\/\/bibliobelas.eba.ufmg.br\/index.php\/hemeroteca-2\/4073-2\/hemeroteca\/\" class=\"more-link\">Continue lendo <span class=\"screen-reader-text\">A<\/span> <span class=\"meta-nav\">&rarr;<\/span><\/a><\/p>\n","protected":false},"author":1,"featured_media":0,"parent":4073,"menu_order":0,"comment_status":"open","ping_status":"closed","template":"","meta":{"footnotes":""},"class_list":["post-3234","page","type-page","status-publish","hentry"],"_links":{"self":[{"href":"https:\/\/bibliobelas.eba.ufmg.br\/index.php\/wp-json\/wp\/v2\/pages\/3234","targetHints":{"allow":["GET"]}}],"collection":[{"href":"https:\/\/bibliobelas.eba.ufmg.br\/index.php\/wp-json\/wp\/v2\/pages"}],"about":[{"href":"https:\/\/bibliobelas.eba.ufmg.br\/index.php\/wp-json\/wp\/v2\/types\/page"}],"author":[{"embeddable":true,"href":"https:\/\/bibliobelas.eba.ufmg.br\/index.php\/wp-json\/wp\/v2\/users\/1"}],"replies":[{"embeddable":true,"href":"https:\/\/bibliobelas.eba.ufmg.br\/index.php\/wp-json\/wp\/v2\/comments?post=3234"}],"version-history":[{"count":6,"href":"https:\/\/bibliobelas.eba.ufmg.br\/index.php\/wp-json\/wp\/v2\/pages\/3234\/revisions"}],"predecessor-version":[{"id":8684,"href":"https:\/\/bibliobelas.eba.ufmg.br\/index.php\/wp-json\/wp\/v2\/pages\/3234\/revisions\/8684"}],"up":[{"embeddable":true,"href":"https:\/\/bibliobelas.eba.ufmg.br\/index.php\/wp-json\/wp\/v2\/pages\/4073"}],"wp:attachment":[{"href":"https:\/\/bibliobelas.eba.ufmg.br\/index.php\/wp-json\/wp\/v2\/media?parent=3234"}],"curies":[{"name":"wp","href":"https:\/\/api.w.org\/{rel}","templated":true}]}}