{"id":324,"date":"2010-11-24T01:32:53","date_gmt":"2010-11-24T03:32:53","guid":{"rendered":"http:\/\/bibliobelas.wordpress.com\/"},"modified":"2025-05-16T13:38:54","modified_gmt":"2025-05-16T16:38:54","slug":"normalizacao-bibliografica","status":"publish","type":"page","link":"https:\/\/bibliobelas.eba.ufmg.br\/index.php\/servicos\/normalizacao-bibliografica\/","title":{"rendered":"NORMALIZA\u00c7\u00c3O DE TRABALHOS ACAD\u00caMICOS"},"content":{"rendered":"\n<p><\/p>\n\n\n\n<p>Acesse as abas <a href=\"https:\/\/bibliobelas.eba.ufmg.br\/index.php\/servicos\/normalizacao-bibliografica\/graduacao\/\">GRADUA\u00c7\u00c3O<\/a> e <a href=\"https:\/\/bibliobelas.eba.ufmg.br\/index.php\/servicos\/normalizacao-bibliografica\/pos-graduacao\/\">P\u00d3S-GRADUA\u00c7\u00c3O<\/a><\/p>\n\n\n\n<hr class=\"wp-block-separator has-alpha-channel-opacity\"\/>\n\n\n\n<p><\/p>\n\n\n\n<p class=\"has-medium-font-size\"><\/p>\n\n\n\n<p><\/p>\n","protected":false},"excerpt":{"rendered":"<p>Acesse as abas GRADUA\u00c7\u00c3O e P\u00d3S-GRADUA\u00c7\u00c3O<\/p>\n","protected":false},"author":1,"featured_media":0,"parent":36,"menu_order":3,"comment_status":"closed","ping_status":"open","template":"","meta":{"footnotes":""},"class_list":["post-324","page","type-page","status-publish","hentry"],"_links":{"self":[{"href":"https:\/\/bibliobelas.eba.ufmg.br\/index.php\/wp-json\/wp\/v2\/pages\/324","targetHints":{"allow":["GET"]}}],"collection":[{"href":"https:\/\/bibliobelas.eba.ufmg.br\/index.php\/wp-json\/wp\/v2\/pages"}],"about":[{"href":"https:\/\/bibliobelas.eba.ufmg.br\/index.php\/wp-json\/wp\/v2\/types\/page"}],"author":[{"embeddable":true,"href":"https:\/\/bibliobelas.eba.ufmg.br\/index.php\/wp-json\/wp\/v2\/users\/1"}],"replies":[{"embeddable":true,"href":"https:\/\/bibliobelas.eba.ufmg.br\/index.php\/wp-json\/wp\/v2\/comments?post=324"}],"version-history":[{"count":9,"href":"https:\/\/bibliobelas.eba.ufmg.br\/index.php\/wp-json\/wp\/v2\/pages\/324\/revisions"}],"predecessor-version":[{"id":8557,"href":"https:\/\/bibliobelas.eba.ufmg.br\/index.php\/wp-json\/wp\/v2\/pages\/324\/revisions\/8557"}],"up":[{"embeddable":true,"href":"https:\/\/bibliobelas.eba.ufmg.br\/index.php\/wp-json\/wp\/v2\/pages\/36"}],"wp:attachment":[{"href":"https:\/\/bibliobelas.eba.ufmg.br\/index.php\/wp-json\/wp\/v2\/media?parent=324"}],"curies":[{"name":"wp","href":"https:\/\/api.w.org\/{rel}","templated":true}]}}