{"id":3269,"date":"2013-12-03T18:39:18","date_gmt":"2013-12-03T20:39:18","guid":{"rendered":"http:\/\/bibliobelas.wordpress.com\/?page_id=3269"},"modified":"2013-12-03T18:39:18","modified_gmt":"2013-12-03T20:39:18","slug":"b","status":"publish","type":"page","link":"https:\/\/bibliobelas.eba.ufmg.br\/index.php\/hemeroteca-2\/4073-2\/b\/","title":{"rendered":"B"},"content":{"rendered":"<p>BABISNKI, Maciej, 1931-<br \/>\nBACK, Silvio, 1937-<br \/>\nBACON, Francis, 1909-1992<br \/>\n<a href=\"https:\/\/1drv.ms\/f\/s!AuixT851rLZEyCXYNE1r_L7na3L8\" target=\"_blank\" rel=\"noopener noreferrer\">BAENDERECK, Sepp, 1920-1988<\/a><br \/>\n<a href=\"https:\/\/onedrive.live.com\/redir?resid=44B6AC75CE4FB1E8!2681&amp;authkey=!AL-9sB-rdMPfKk0&amp;ithint=folder%2cpdf\" target=\"_blank\" rel=\"noopener noreferrer\">BAHIA, Hansen<\/a><br \/>\n<a href=\"https:\/\/onedrive.live.com\/redir?resid=44B6AC75CE4FB1E8!517&amp;authkey=!ANQS2iUSvJrJ5Nw&amp;ithint=folder%2cjpg\" target=\"_blank\" rel=\"noopener noreferrer\">BAJADO, 1912-1996<\/a><br \/>\nBALDACCINI, 1921-<br \/>\nBALTHUS, 1908-2001<br \/>\nBANDEIRA, Antonio, 1922-1967<br \/>\n<a href=\"https:\/\/onedrive.live.com\/redir?resid=44B6AC75CE4FB1E8!207&amp;authkey=!APUjLr3BJqzxcy8&amp;ithint=file%2cpdf\" target=\"_blank\" rel=\"noopener noreferrer\">BANDEIRA, Norma<\/a><br \/>\n<a href=\"https:\/\/1drv.ms\/f\/s!AuixT851rLZE0BneCUulxaJPqo4f\" target=\"_blank\" rel=\"noopener\">BARAVELLI, Luiz Paulo, 1942-<\/a><br \/>\n<a href=\"https:\/\/1drv.ms\/f\/s!AuixT851rLZEyFGq7g6Ee4CiPEMK\" target=\"_blank\" rel=\"noopener noreferrer\">BARBOSA, M\u00f4nica, 1939-<\/a><br \/>\n<a href=\"https:\/\/onedrive.live.com\/redir?resid=44B6AC75CE4FB1E8!208&amp;authkey=!AEBu3t7KOwNWi5M&amp;ithint=file%2cpdf\" target=\"_blank\" rel=\"noopener noreferrer\">BARBOSA, Sebasti\u00e3o<\/a><br \/>\n<a href=\"https:\/\/1drv.ms\/f\/s!AuixT851rLZEzWS39JbuHvBXpQBc\" target=\"_blank\" rel=\"noopener noreferrer\">BARDI, Lina Bo, 1914-1922<\/a><br \/>\n<a href=\"https:\/\/1drv.ms\/f\/s!AuixT851rLZEzW57GWsc5gKqQt8h\" target=\"_blank\" rel=\"noopener noreferrer\">BARDI, P. M. (Pietro Maria), 1900-1999<\/a><br \/>\n<a href=\"https:\/\/1drv.ms\/f\/s!AuixT851rLZEzgkuIJTSu9ZbA6BW\" target=\"_blank\" rel=\"noopener noreferrer\">BARDY, Carmen, 1934-<\/a><br \/>\n<a href=\"https:\/\/1drv.ms\/f\/s!AuixT851rLZEzh454GAOpHRm87Aj\" target=\"_blank\" rel=\"noopener noreferrer\">BARRIO, Arthur Al\u00edpio, 1945-<\/a><br \/>\nBARROS, Geraldo de, 1923-1998<br \/>\n<a href=\"https:\/\/1drv.ms\/f\/s!AuixT851rLZEyFzir4GhSkcVLSef\" target=\"_blank\" rel=\"noopener noreferrer\">BARROSO, Haroldo, 1935-1989<\/a><br \/>\n<a href=\"https:\/\/onedrive.live.com\/redir?resid=44B6AC75CE4FB1E8!673&amp;authkey=!AGIqpu77lHxx5Hw&amp;ithint=folder%2cjpg\" target=\"_blank\" rel=\"noopener noreferrer\">BARROSO, Jader, 1930-<\/a><br \/>\n<a href=\"https:\/\/onedrive.live.com\/redir?resid=44B6AC75CE4FB1E8!200&amp;authkey=!AFKELnlOEGtB8Vs&amp;ithint=file%2c.pdf\" target=\"_blank\" rel=\"noopener noreferrer\">BARSOTTI, H\u00e9rcules, 1914-<\/a><br \/>\nBASQUIAT, Jean-Michel, 1960-1988<br \/>\n<a href=\"https:\/\/skydrive.live.com\/redir?resid=44B6AC75CE4FB1E8!158&amp;authkey=!ADx_fcWub8N6t7M&amp;ithint=file%2c.pdf\" target=\"_blank\" rel=\"noopener noreferrer\">BASTOS, Carlos, 1925-<\/a><br \/>\n<a href=\"https:\/\/skydrive.live.com\/redir?resid=44B6AC75CE4FB1E8!154&amp;authkey=!AFuASuoOteMtjUo&amp;ithint=file%2c.pdf\" target=\"_blank\" rel=\"noopener noreferrer\">BASTOS, Gilberto Guimar\u00e3es<\/a><br \/>\nBAUDELAIRE, Charles, 1821-1867<br \/>\n<a href=\"https:\/\/1drv.ms\/f\/s!AuixT851rLZEzjjFPPDNBhA1VXmQ\" target=\"_blank\" rel=\"noopener noreferrer\">BAUDISSIN, Kay von, 1942-<\/a><br \/>\n<a href=\"https:\/\/1drv.ms\/f\/s!AuixT851rLZEyGy8AEH8LwfGba0f\" target=\"_blank\" rel=\"noopener noreferrer\">BAX, Petr\u00f4nio, 1927-<\/a><br \/>\n<a href=\"https:\/\/skydrive.live.com\/redir?resid=44B6AC75CE4FB1E8!162&amp;authkey=!ADTmZCToykqo8rQ&amp;ithint=file%2c.pdf\" target=\"_blank\" rel=\"noopener noreferrer\">BAZEL<\/a><br \/>\n<a href=\"https:\/\/skydrive.live.com\/redir?resid=44B6AC75CE4FB1E8!157&amp;authkey=!ALTL9Ba0obfYBB0&amp;ithint=file%2c.pdf\" target=\"_blank\" rel=\"noopener noreferrer\">BECHERONI, Elvio, 1934-<\/a><br \/>\n<a href=\"https:\/\/skydrive.live.com\/redir?resid=44B6AC75CE4FB1E8!165&amp;authkey=!ANCDehtqRL-frEY&amp;ithint=file%2c.pdf\" target=\"_blank\" rel=\"noopener noreferrer\">BECKER, Paulo, 1927-1952?<\/a><br \/>\n<a href=\"https:\/\/skydrive.live.com\/redir?resid=44B6AC75CE4FB1E8!175&amp;authkey=!ADTXIjrZMYCKaKE&amp;ithint=file%2c.pdf\" target=\"_blank\" rel=\"noopener noreferrer\">BELCHIOR<\/a><br \/>\nBELLAVINHA, Niura, 1960-<br \/>\nBELLMER, Hans, 1902-1975<br \/>\n<a href=\"https:\/\/onedrive.live.com\/redir?resid=44B6AC75CE4FB1E8!8475&amp;authkey=!ALMv_v6423vME9g&amp;ithint=folder%2cjpg\" target=\"_blank\" rel=\"noopener noreferrer\">BELMONTE, 1896-1947<\/a><br \/>\n<a href=\"https:\/\/skydrive.live.com\/redir?resid=44B6AC75CE4FB1E8!163&amp;authkey=!AOt3WimKQA3a9zc&amp;ithint=file%2c.pdf\" target=\"_blank\" rel=\"noopener noreferrer\">BELTRAME, Luiz, 1947-<\/a><br \/>\n<a href=\"https:\/\/onedrive.live.com\/redir?resid=44B6AC75CE4FB1E8!686&amp;authkey=!ACmHV6lbcfaEJbI&amp;ithint=folder%2cjpg\" target=\"_blank\" rel=\"noopener noreferrer\">BENEVENTO, 1945-<\/a><br \/>\nBENJAMIM, Marcos Coelho, 1952-<br \/>\n<a href=\"https:\/\/1drv.ms\/f\/s!AuixT851rLZEyHrzzFeU24xdnlYC\" target=\"_blank\" rel=\"noopener noreferrer\">BENTES, Maur\u00edcio, 1958-<\/a><br \/>\n<a href=\"https:\/\/onedrive.live.com\/redir?resid=44B6AC75CE4FB1E8!681&amp;authkey=!AONzT3pjSKK1qS0&amp;ithint=folder%2cjpg\" target=\"_blank\" rel=\"noopener noreferrer\">BENTLEY, Maria Celeste Maia, 1941-<\/a><br \/>\nBENTO, Jos\u00e9, 1962-<br \/>\n<a href=\"https:\/\/1drv.ms\/f\/s!AuixT851rLZEyQNa9cNdh5BX51nC\" target=\"_blank\" rel=\"noopener noreferrer\">BERGSTEIN, Lena, 1946-<\/a><br \/>\n<a href=\"https:\/\/onedrive.live.com\/redir?resid=44B6AC75CE4FB1E8!775&amp;authkey=!AHZIxJMWTiF0Bwk&amp;ithint=folder%2cjpg\" target=\"_blank\" rel=\"noopener noreferrer\">BERLET, Gerhard, 1940-<\/a><br \/>\n<a href=\"https:\/\/1drv.ms\/f\/s!AuixT851rLZEyRW4u7pYAQexSq_h\" target=\"_blank\" rel=\"noopener noreferrer\">BERNARDELLI Henrique, 1858-1936<\/a><br \/>\nBERREDO, Hilton, 1954-<br \/>\n<a href=\"https:\/\/1drv.ms\/f\/s!AuixT851rLZEySR1gskPBkyg0HcW\" target=\"_blank\" rel=\"noopener noreferrer\">BESSA, Romeu<\/a><br \/>\n<a href=\"https:\/\/1drv.ms\/f\/s!AuixT851rLZEzwnGLh6mVLFHZInj\" target=\"_blank\" rel=\"noopener\">BETH\u00d4NICO, Roberto, 1964-<\/a><br \/>\n<a href=\"https:\/\/1drv.ms\/f\/s!AuixT851rLZEyTCA_rKtPXg7E7Rw\" target=\"_blank\" rel=\"noopener noreferrer\">BETTIOL, Zor\u00e1via, 1935-<\/a><br \/>\n<a href=\"https:\/\/1drv.ms\/f\/s!AuixT851rLZEyTzW6JceK319LA1T\" target=\"_blank\" rel=\"noopener noreferrer\">BEYUS, Joseph, 1921-1986<\/a><br \/>\n<a href=\"https:\/\/1drv.ms\/f\/s!AuixT851rLZEyUxU-AUDQwjujCC0\" target=\"_blank\" rel=\"noopener noreferrer\">BHERING, M\u00e1rio, 1922-<\/a><br \/>\n<a href=\"https:\/\/1drv.ms\/f\/s!AuixT851rLZEyVbUXCif2Am11W7Q\" target=\"_blank\" rel=\"noopener noreferrer\">BIANCHETTI, Gl\u00eanio, 1928-<\/a><br \/>\n<a href=\"https:\/\/onedrive.live.com\/redir?resid=44B6AC75CE4FB1E8!187&amp;authkey=!AAMal0mbqXyVwhw&amp;ithint=file%2c.pdf\" target=\"_blank\" rel=\"noopener noreferrer\">BIANCHI, Sandra, 1950-<\/a><br \/>\nBIANCO, Enrico, 1918-<br \/>\nBILL, Max, 1908-1995<br \/>\nBISPO DO ROS\u00c1RIO, Arthur, 1909-1989<br \/>\n<a href=\"https:\/\/skydrive.live.com\/redir?resid=44B6AC75CE4FB1E8!156&amp;authkey=!AKsDrHYBxsJ22Ug&amp;ithint=file%2c.pdf\" target=\"_blank\" rel=\"noopener noreferrer\">BISSIER, Julius, 1893-1965<\/a><br \/>\n<a href=\"https:\/\/onedrive.live.com\/redir?resid=44B6AC75CE4FB1E8!615&amp;authkey=!AL7oC8DA-TqcJ94&amp;ithint=folder%2cjpg\" target=\"_blank\" rel=\"noopener noreferrer\">BITTENCOURT Cylene<\/a><br \/>\n<a href=\"https:\/\/onedrive.live.com\/redir?resid=44B6AC75CE4FB1E8!677&amp;authkey=!ANCzqswzPUd4ZFs&amp;ithint=folder%2cjpg\" target=\"_blank\" rel=\"noopener noreferrer\">BLUM, Germano, 1936-<\/a><br \/>\n<a href=\"https:\/\/onedrive.live.com\/redir?resid=44B6AC75CE4FB1E8!2449&amp;authkey=!AA5s1p9O_A1H1YI&amp;ithint=folder%2cjpg\" target=\"_blank\" rel=\"noopener noreferrer\">BOESE, Henrique, 1897-1982<\/a><br \/>\nBONADEI, Aldo Claudio F.,1906-1974<br \/>\nBONNARD, Pierre, 1867-1947<br \/>\nBONOMI, Maria, 1935-<br \/>\nBOR\u00c9M, Humberto, 1949-<br \/>\nBORKOWSKI, Maia<br \/>\n<a href=\"https:\/\/onedrive.live.com\/redir?resid=44B6AC75CE4FB1E8!189&amp;authkey=!AF4lEM4OUzrrMCo&amp;ithint=file%2c.pdf\" target=\"_blank\" rel=\"noopener noreferrer\">BOTELHO, Solange S., 1924-<\/a><br \/>\nBOTERO, Fernando, 1932-<br \/>\n<a href=\"https:\/\/onedrive.live.com\/redir?resid=44B6AC75CE4FB1E8!188&amp;authkey=!AKSWya3dsB-YznY&amp;ithint=file%2c.pdf\" target=\"_blank\" rel=\"noopener noreferrer\">BOUTS, Bernard, 1909-<\/a><br \/>\nBRACHER, Carlos ( 1\/2 ),1940-<br \/>\nBRACHER, Carlos ( 2\/2 ),1940-<br \/>\nBRACHER JR, Frederico, 1920-1984<br \/>\nBRAND\u00c3O, Eymard, 1946-<br \/>\nBRAND\u00c3O, Marcelo A., 1945-<br \/>\nBRAND\u00c3O, Roni, 1935-1991<br \/>\nBRAQUES, Georges, 1882-1963<br \/>\n<a href=\"https:\/\/skydrive.live.com\/redir?resid=44B6AC75CE4FB1E8!174&amp;authkey=!AGdgZyD0K9WNhOA&amp;ithint=file%2c.pdf\" target=\"_blank\" rel=\"noopener noreferrer\">BRAZ, Cremilda Salles<\/a><br \/>\nBRECHER, Fani, 1947-<br \/>\nBRECHERET, Victor, 1894-1955<br \/>\nBRENNAND, Francisco, 1927-<br \/>\nBRENTANI, Gerda, 1908-1999<br \/>\nBRILL, Alice, 1920-<br \/>\nBRUNNET, Thereza<br \/>\nBRUSCA, Jack, 1939-<br \/>\nBUENO, Ely, 1923-<br \/>\nBUL\u00c7\u00c3O, Athos, 1918-<br \/>\nBURCHARD, Hartwig, 1920-<br \/>\nBUSS, Diva Elena, 1943-<br \/>\nBUSSAB, Jorge<\/p>\n","protected":false},"excerpt":{"rendered":"<p>BABISNKI, Maciej, 1931- BACK, Silvio, 1937- BACON, Francis, 1909-1992 BAENDERECK, Sepp, 1920-1988 BAHIA, Hansen BAJADO, 1912-1996 BALDACCINI, 1921- BALTHUS, 1908-2001 BANDEIRA, Antonio, 1922-1967 BANDEIRA, Norma BARAVELLI, Luiz Paulo, 1942- BARBOSA, M\u00f4nica, 1939- BARBOSA, Sebasti\u00e3o BARDI, Lina Bo, 1914-1922 BARDI, P. M. (Pietro Maria), 1900-1999 BARDY, Carmen, 1934- BARRIO, Arthur Al\u00edpio, 1945- BARROS, Geraldo de, 1923-1998 &hellip; <a href=\"https:\/\/bibliobelas.eba.ufmg.br\/index.php\/hemeroteca-2\/4073-2\/b\/\" class=\"more-link\">Continue lendo <span class=\"screen-reader-text\">B<\/span> <span class=\"meta-nav\">&rarr;<\/span><\/a><\/p>\n","protected":false},"author":1,"featured_media":0,"parent":4073,"menu_order":1,"comment_status":"open","ping_status":"closed","template":"","meta":{"footnotes":""},"class_list":["post-3269","page","type-page","status-publish","hentry"],"_links":{"self":[{"href":"https:\/\/bibliobelas.eba.ufmg.br\/index.php\/wp-json\/wp\/v2\/pages\/3269","targetHints":{"allow":["GET"]}}],"collection":[{"href":"https:\/\/bibliobelas.eba.ufmg.br\/index.php\/wp-json\/wp\/v2\/pages"}],"about":[{"href":"https:\/\/bibliobelas.eba.ufmg.br\/index.php\/wp-json\/wp\/v2\/types\/page"}],"author":[{"embeddable":true,"href":"https:\/\/bibliobelas.eba.ufmg.br\/index.php\/wp-json\/wp\/v2\/users\/1"}],"replies":[{"embeddable":true,"href":"https:\/\/bibliobelas.eba.ufmg.br\/index.php\/wp-json\/wp\/v2\/comments?post=3269"}],"version-history":[{"count":0,"href":"https:\/\/bibliobelas.eba.ufmg.br\/index.php\/wp-json\/wp\/v2\/pages\/3269\/revisions"}],"up":[{"embeddable":true,"href":"https:\/\/bibliobelas.eba.ufmg.br\/index.php\/wp-json\/wp\/v2\/pages\/4073"}],"wp:attachment":[{"href":"https:\/\/bibliobelas.eba.ufmg.br\/index.php\/wp-json\/wp\/v2\/media?parent=3269"}],"curies":[{"name":"wp","href":"https:\/\/api.w.org\/{rel}","templated":true}]}}