{"id":3271,"date":"2013-12-03T18:40:09","date_gmt":"2013-12-03T20:40:09","guid":{"rendered":"http:\/\/bibliobelas.wordpress.com\/?page_id=3271"},"modified":"2013-12-03T18:40:09","modified_gmt":"2013-12-03T20:40:09","slug":"c","status":"publish","type":"page","link":"https:\/\/bibliobelas.eba.ufmg.br\/index.php\/hemeroteca-2\/4073-2\/c\/","title":{"rendered":"C"},"content":{"rendered":"<p>CABRAL, Ant\u00f4nio Helio, 1948-<br \/>\nCACIPOR\u00c9, Torres, 1932-<br \/>\nCADAR, Emira<br \/>\nCAETANO, Waldir, 1950-<br \/>\nCALABRONE, 1928-2000<br \/>\nCALASANS NETO, Jos\u00e9 J\u00falioa, 1932-<br \/>\nCALDAS Junior, Waltercio, 1946-<br \/>\nCALDER, Alexandre, 1898-1976<br \/>\nCALDERON, Bibiana, 1949-<br \/>\nCALIXTO, Benedito, 1853-1927<br \/>\nCAMARA, Jo\u00e3o, 1944-<br \/>\n<a href=\"https:\/\/onedrive.live.com\/redir?resid=44B6AC75CE4FB1E8!782&amp;authkey=!ABcNNYHx7h0hn-k&amp;ithint=folder%2cjpg\" target=\"_blank\" rel=\"noopener\">CAMARGO, Iber\u00ea, 1914-1994<\/a><br \/>\nCAMARGO, S\u00e9gio, 1930-1990<br \/>\n<a href=\"https:\/\/1drv.ms\/f\/s!AuixT851rLZEzxLnhsJnk4ul7BXN\" target=\"_blank\" rel=\"noopener\">CAMASMIE, Liane<\/a><br \/>\n<a href=\"https:\/\/1drv.ms\/f\/s!AuixT851rLZEzxmJYq66SR6x8u4g\" target=\"_blank\" rel=\"noopener\">CAMASMIE, Roberto<\/a><br \/>\nCAMPEFIORITO, Hila, 1901-1997<br \/>\nCAMPEFIORITO, Quirins, 1902-1993<br \/>\n<a href=\"https:\/\/1drv.ms\/f\/s!AuixT851rLZEzxmJYq66SR6x8u4g\" target=\"_blank\" rel=\"noopener\">CAMPELO, M\u00e1rio, 1941-2000<\/a><br \/>\n<a href=\"https:\/\/1drv.ms\/f\/s!AuixT851rLZEzxmJYq66SR6x8u4g\" target=\"_blank\" rel=\"noopener\">CAMPENELA, Vito, 1932-<\/a><br \/>\nCAMPOS, Herculano, 1912-1996<br \/>\n<a href=\"https:\/\/1drv.ms\/f\/s!AuixT851rLZEzxmJYq66SR6x8u4g\" target=\"_blank\" rel=\"noopener\">CAMPOS, Zu<\/a><br \/>\n<a href=\"https:\/\/1drv.ms\/f\/s!AuixT851rLZEzxmJYq66SR6x8u4g\" target=\"_blank\" rel=\"noopener\">CANABRAVA, Luiz, 1923-2000<\/a><br \/>\n<a href=\"https:\/\/1drv.ms\/f\/s!AuixT851rLZEzxmJYq66SR6x8u4g\" target=\"_blank\" rel=\"noopener\">CANALE, Cristina, 1961-<\/a><br \/>\n<a href=\"https:\/\/1drv.ms\/f\/s!AuixT851rLZEzydFU8xMerx5kigQ\" target=\"_blank\" rel=\"noopener\">CARAM, Marina, 1925-<\/a><br \/>\n<a href=\"https:\/\/1drv.ms\/f\/s!AuixT851rLZEyBbJxg6zYqgY7ZNl\" target=\"_blank\" rel=\"noopener\">CARAVAGGIO, Michelangelo, 1573-1610<\/a><br \/>\nCARRETERO, Angel, 1915-1981<br \/>\nCARTA, Mino, 1933-<br \/>\n<a href=\"https:\/\/onedrive.live.com\/redir?resid=44B6AC75CE4FB1E8!210&amp;authkey=!AM_uCTw_653KLWs&amp;ithint=file%2c.pdf\" target=\"_blank\" rel=\"noopener\">CARTIER-BRESSON, Henri<\/a><br \/>\nCARUSO, Chico, 1949-<br \/>\nCARVALHO, Fernando<br \/>\nCARVALHO, Fl\u00e1vio de, 1899-1973<br \/>\nCARVALHO, Genaro Antonio D. de<br \/>\n<a href=\"https:\/\/1drv.ms\/f\/s!AuixT851rLZEzydFU8xMerx5kigQ\" target=\"_blank\" rel=\"noopener\">CARVALHO, Josely<\/a><br \/>\nCARVALHOSA, Carlito, 1961-<br \/>\nCARV\u00c3O, Aluisio, 1920-2001<br \/>\nCARYBE, 1911-1997<br \/>\nCASTA\u00d1O, Orlando, 1945-<br \/>\nCASTELLANE, 1910-<br \/>\n<a href=\"https:\/\/1drv.ms\/f\/s!AuixT851rLZEyWF2XATCxfx1AS_L\" target=\"_blank\" rel=\"noopener\">CASTRO, Amilcar de, 1920-2002<\/a><br \/>\n<a href=\"https:\/\/onedrive.live.com\/redir?resid=44B6AC75CE4FB1E8!2809&amp;authkey=!AHwqDEu1NVlPnh4&amp;ithint=folder%2cjpg\" target=\"_blank\" rel=\"noopener\">CASTRO, Wagner, 1917-<\/a><br \/>\nCASTRO, Willys de, 1926-1988<br \/>\nCATUNDA, Leda, 1961-<br \/>\nCAULOS, 1943-<br \/>\nCAVALCANTI, Newton, 1930-<br \/>\nCAVALLEIRO, Henrique, 1892-1975<br \/>\n<a href=\"https:\/\/1drv.ms\/f\/s!AuixT851rLZEzydFU8xMerx5kigQ\" target=\"_blank\" rel=\"noopener\">CAZARRE, 1943-<\/a><br \/>\n<a href=\"https:\/\/onedrive.live.com\/redir?resid=44B6AC75CE4FB1E8!776&amp;authkey=!AH6LzMkKJUCyBrE&amp;ithint=folder%2cjpg\" target=\"_blank\" rel=\"noopener\">CELSO ANTONIO, 1896-1984<\/a><br \/>\n<a href=\"https:\/\/1drv.ms\/f\/s!AuixT851rLZEyXIzeens97tsTrpc\" target=\"_blank\" rel=\"noopener\">CENCINI, It\u00e1lo, 1925-<\/a><br \/>\nCENDRAS, Blaise, 1887-1961<br \/>\nCESCHIATTI, Alfredo, 1918-1989<br \/>\n<a href=\"https:\/\/1drv.ms\/f\/s!AuixT851rLZEyXIzeens97tsTrpc\" target=\"_blank\" rel=\"noopener\">CEZANNE, Paul, 1839-1906<\/a><br \/>\nCHAGALL, Mark, 1887-1985<br \/>\nCHANINA, 1927-<br \/>\nCHAPMAN, Grover, 1924-2000<br \/>\nCHAROUX, Lothar, 1912-1987<br \/>\n<a href=\"https:\/\/onedrive.live.com\/redir?resid=44B6AC75CE4FB1E8!486&amp;authkey=!AH1mjoVKtMQd634&amp;ithint=folder%2cjpg\" target=\"_blank\" rel=\"noopener\">CHAVES, An\u00e9sia Pacheco e, 1932-<\/a><br \/>\n<a href=\"https:\/\/onedrive.live.com\/redir?resid=44B6AC75CE4FB1E8!565&amp;authkey=!AJbKv3wMJN-gYyg&amp;ithint=folder%2cjpg\" target=\"_blank\" rel=\"noopener\">CHAVES, Luiz, 1924-<\/a><br \/>\n<a href=\"https:\/\/1drv.ms\/f\/s!AuixT851rLZEyXIzeens97tsTrpc\" target=\"_blank\" rel=\"noopener\">CHAVES, Paulo, 1921-<\/a><br \/>\nCHECCACCI, Pietrina, 1941-<br \/>\nCHIAVERINI, Miriam, 1940-<br \/>\nCHRISTO, 1935-<br \/>\nCHRISTOFF, Konstantin, 1923-<br \/>\nCLARK, Lygia, 1920-1988<br \/>\nCLAUDEL, Camille, 1864-1943<br \/>\n<a href=\"https:\/\/1drv.ms\/f\/s!AuixT851rLZEz3W2W2ZxyBmPGH8R\" target=\"_blank\" rel=\"noopener\">CLEMENS, Carlos<\/a><br \/>\n<a href=\"https:\/\/1drv.ms\/f\/s!AuixT851rLZEz3W2W2ZxyBmPGH8R\" target=\"_blank\" rel=\"noopener\">COARACY, Ism\u00eania, 1918-<\/a><br \/>\nCOELHO, Beatriz Ramos de V., 1934-<br \/>\nCOELHO, Fernando, 1939-<br \/>\n<a href=\"https:\/\/1drv.ms\/f\/s!AuixT851rLZE0AMq-EgD2rkOp1lh\" target=\"_blank\" rel=\"noopener\">COELHO, Jos\u00e9 Efig\u00eanio Pinto<\/a><br \/>\n<a href=\"https:\/\/1drv.ms\/f\/s!AuixT851rLZE0AhdPzxkc9m2Fl3J\" target=\"_blank\" rel=\"noopener\">COELHO, Miguel, 1934-<\/a><br \/>\nCOLA\u00c7O, Concessa, 1928-<br \/>\nCOLA\u00c7O, Madeleine, 1907-<br \/>\nCOLARES, Raimundo, 1944-1986<br \/>\nCORDEIRO, Waldemar, 1925-<br \/>\nCOROT, Jean-Baptiste Camille, 1796-1875<br \/>\n<a href=\"https:\/\/1drv.ms\/f\/s!AuixT851rLZE0A9xNU8IyiER3lc3\" target=\"_blank\" rel=\"noopener\">CORRADIN, Inos, 1929-<\/a><br \/>\nCORR\u00caA, Alvim, 1876-1910<br \/>\nCOSTA, Humberto, 1941-<br \/>\nCOSTA, Jo\u00e3o Frank da, 1925-<br \/>\n<a href=\"https:\/\/1drv.ms\/f\/s!AuixT851rLZE0BneCUulxaJPqo4f\" target=\"_blank\" rel=\"noopener\">COSTA, Ju\u00e7ara, 1952-<\/a><br \/>\nCOSTA, L\u00facio, 1902-1998<br \/>\nCOSTA, Raimundo, 1927-<br \/>\nCOUBERT, Gustave, 1819-1877<br \/>\nCOUTO, Olimpia, 1947-<br \/>\nCRAVO NETO, Mario, 1947-<br \/>\nCRAVO, Mario, 1923-<br \/>\nCRISTIANO, 1940-<br \/>\nCRUZ, Gerson da<br \/>\nCRUZ, Jos\u00e9 Maria Dias da, 1935-<\/p>\n<p><a href=\"https:\/\/onedrive.live.com\/redir?resid=44B6AC75CE4FB1E8!222&amp;authkey=!ALBWrao72BbOWYg&amp;ithint=folder%2cJPG\" target=\"_blank\" rel=\"noopener\">CONVITES DE EXPOSI\u00c7\u00c3O<\/a><\/p>\n","protected":false},"excerpt":{"rendered":"<p>CABRAL, Ant\u00f4nio Helio, 1948- CACIPOR\u00c9, Torres, 1932- CADAR, Emira CAETANO, Waldir, 1950- CALABRONE, 1928-2000 CALASANS NETO, Jos\u00e9 J\u00falioa, 1932- CALDAS Junior, Waltercio, 1946- CALDER, Alexandre, 1898-1976 CALDERON, Bibiana, 1949- CALIXTO, Benedito, 1853-1927 CAMARA, Jo\u00e3o, 1944- CAMARGO, Iber\u00ea, 1914-1994 CAMARGO, S\u00e9gio, 1930-1990 CAMASMIE, Liane CAMASMIE, Roberto CAMPEFIORITO, Hila, 1901-1997 CAMPEFIORITO, Quirins, 1902-1993 CAMPELO, M\u00e1rio, 1941-2000 CAMPENELA, &hellip; <a href=\"https:\/\/bibliobelas.eba.ufmg.br\/index.php\/hemeroteca-2\/4073-2\/c\/\" class=\"more-link\">Continue lendo <span class=\"screen-reader-text\">C<\/span> <span class=\"meta-nav\">&rarr;<\/span><\/a><\/p>\n","protected":false},"author":1,"featured_media":0,"parent":4073,"menu_order":2,"comment_status":"open","ping_status":"closed","template":"","meta":{"footnotes":""},"class_list":["post-3271","page","type-page","status-publish","hentry"],"_links":{"self":[{"href":"https:\/\/bibliobelas.eba.ufmg.br\/index.php\/wp-json\/wp\/v2\/pages\/3271","targetHints":{"allow":["GET"]}}],"collection":[{"href":"https:\/\/bibliobelas.eba.ufmg.br\/index.php\/wp-json\/wp\/v2\/pages"}],"about":[{"href":"https:\/\/bibliobelas.eba.ufmg.br\/index.php\/wp-json\/wp\/v2\/types\/page"}],"author":[{"embeddable":true,"href":"https:\/\/bibliobelas.eba.ufmg.br\/index.php\/wp-json\/wp\/v2\/users\/1"}],"replies":[{"embeddable":true,"href":"https:\/\/bibliobelas.eba.ufmg.br\/index.php\/wp-json\/wp\/v2\/comments?post=3271"}],"version-history":[{"count":0,"href":"https:\/\/bibliobelas.eba.ufmg.br\/index.php\/wp-json\/wp\/v2\/pages\/3271\/revisions"}],"up":[{"embeddable":true,"href":"https:\/\/bibliobelas.eba.ufmg.br\/index.php\/wp-json\/wp\/v2\/pages\/4073"}],"wp:attachment":[{"href":"https:\/\/bibliobelas.eba.ufmg.br\/index.php\/wp-json\/wp\/v2\/media?parent=3271"}],"curies":[{"name":"wp","href":"https:\/\/api.w.org\/{rel}","templated":true}]}}