{"id":3281,"date":"2013-12-03T18:49:51","date_gmt":"2013-12-03T20:49:51","guid":{"rendered":"http:\/\/bibliobelas.wordpress.com\/?page_id=3281"},"modified":"2013-12-03T18:49:51","modified_gmt":"2013-12-03T20:49:51","slug":"l","status":"publish","type":"page","link":"https:\/\/bibliobelas.eba.ufmg.br\/index.php\/hemeroteca-2\/4073-2\/l\/","title":{"rendered":"L"},"content":{"rendered":"<p>LABISSE, F\u00e9lix, 1905-1982<br \/>\nLABOURIAU, S\u00f4nia<br \/>\nLACAZ, Guto, 1948-<br \/>\nLACERDA, Wilde, 1929-1996<br \/>\nLAENDER, Paulo, 1945-<br \/>\nLAGE, Clores Dias Andrade<br \/>\nLANDSEER, Charles, 1799-1879<br \/>\nLANNA, Andr\u00e9a, 1957-<br \/>\nLAPERTOSA, Marisa Guerra<br \/>\nLARA, W. F., 1954-<br \/>\n<a href=\"https:\/\/onedrive.live.com\/redir?resid=44B6AC75CE4FB1E8!484&amp;authkey=!AHtxn_U_8n4dFSM&amp;ithint=folder%2cjpg\" target=\"_blank\" rel=\"noopener\">LAUAND, Judith<\/a><br \/>\nLAZZARINI, Domenico, 1920-1987<br \/>\nLEAL, Paulo Roberto, 1946-1991<br \/>\nLE\u00c3O, Carlos, 1906-1983<br \/>\nLE\u00c3O, Maria Luiza, 1932-<br \/>\nLE CORBUSIER, 1887-1965<br \/>\nLEE, Wesley Duke, 1931-<br \/>\nL\u00c9GER, Fernand, 1881-1955<br \/>\nLEINER, Jacqueline, 1961-<br \/>\nLEIRNER, Fel\u00edcia, 1904-1996<br \/>\nLEIRNER, Giselda, 1928-<br \/>\nLEIRNER, Nelson, 1932-<br \/>\nLEME, Shirley Paes, 1956-<br \/>\nLEMOS, Fernando, 1926-<br \/>\nLEMOS, S\u00e9rgio, 1950-<br \/>\nLEONARDO, da Vinci, 1452-1519<br \/>\nLEONILSON, Jos\u00e9, 1957-1993<br \/>\nLEONTINA, Maria, 1917-1984<br \/>\nLESKOSCHER, Axl, 1889-1975<br \/>\n<a href=\"https:\/\/onedrive.live.com\/redir?resid=44B6AC75CE4FB1E8!2683&amp;authkey=!AJr4Ls6LZzgnqr4&amp;ithint=folder%2cpdf\" target=\"_blank\" rel=\"noopener\">LET\u00cdCIA, Anna<\/a><br \/>\nLEWY, Walter, 1905-1955<br \/>\nLICHTENSTEIN, Roy, 1923-1997<br \/>\nLIMA, Darc\u00edlio, 1944-1991<br \/>\nLIMA, Eduardo<br \/>\nLIMA, Jos\u00e9, 1934-1992<br \/>\n<a href=\"https:\/\/onedrive.live.com\/redir?resid=44B6AC75CE4FB1E8!2839&amp;authkey=!APb4cTS3bXFJNmM&amp;ithint=folder%2cpdf\" target=\"_blank\" rel=\"noopener\">LIMA, Maur\u00edcio Nogueira, 1930-1999<\/a><br \/>\nLIZZ\u00c1RAGA, Ant\u00f4nio, 1924-<br \/>\nLOBO, L\u00f3tus, 1943-<br \/>\nLOCATELLI, Aldo, 1915-1962<br \/>\nLOIO-P\u00c9RSIO, 1927-<br \/>\n<a href=\"https:\/\/1drv.ms\/u\/s!AuixT851rLZE7kuxMR9lWF4VHnm0?e=bFNieI\" target=\"_blank\" rel=\"noopener\">LORENZATO, 1900-1995<\/a><br \/>\nLOUREIRO, Rita, 1952-<br \/>\nLOUREN\u00c7O, 1945-<br \/>\nLUCCHESI, Fernando, 1955-<br \/>\nLUDOLF, Rubem, 1932-<br \/>\nLUGMAR, 1929-<\/p>\n","protected":false},"excerpt":{"rendered":"<p>LABISSE, F\u00e9lix, 1905-1982 LABOURIAU, S\u00f4nia LACAZ, Guto, 1948- LACERDA, Wilde, 1929-1996 LAENDER, Paulo, 1945- LAGE, Clores Dias Andrade LANDSEER, Charles, 1799-1879 LANNA, Andr\u00e9a, 1957- LAPERTOSA, Marisa Guerra LARA, W. F., 1954- LAUAND, Judith LAZZARINI, Domenico, 1920-1987 LEAL, Paulo Roberto, 1946-1991 LE\u00c3O, Carlos, 1906-1983 LE\u00c3O, Maria Luiza, 1932- LE CORBUSIER, 1887-1965 LEE, Wesley Duke, 1931- L\u00c9GER, &hellip; <a href=\"https:\/\/bibliobelas.eba.ufmg.br\/index.php\/hemeroteca-2\/4073-2\/l\/\" class=\"more-link\">Continue lendo <span class=\"screen-reader-text\">L<\/span> <span class=\"meta-nav\">&rarr;<\/span><\/a><\/p>\n","protected":false},"author":1,"featured_media":0,"parent":4073,"menu_order":7,"comment_status":"open","ping_status":"closed","template":"","meta":{"footnotes":""},"class_list":["post-3281","page","type-page","status-publish","hentry"],"_links":{"self":[{"href":"https:\/\/bibliobelas.eba.ufmg.br\/index.php\/wp-json\/wp\/v2\/pages\/3281","targetHints":{"allow":["GET"]}}],"collection":[{"href":"https:\/\/bibliobelas.eba.ufmg.br\/index.php\/wp-json\/wp\/v2\/pages"}],"about":[{"href":"https:\/\/bibliobelas.eba.ufmg.br\/index.php\/wp-json\/wp\/v2\/types\/page"}],"author":[{"embeddable":true,"href":"https:\/\/bibliobelas.eba.ufmg.br\/index.php\/wp-json\/wp\/v2\/users\/1"}],"replies":[{"embeddable":true,"href":"https:\/\/bibliobelas.eba.ufmg.br\/index.php\/wp-json\/wp\/v2\/comments?post=3281"}],"version-history":[{"count":0,"href":"https:\/\/bibliobelas.eba.ufmg.br\/index.php\/wp-json\/wp\/v2\/pages\/3281\/revisions"}],"up":[{"embeddable":true,"href":"https:\/\/bibliobelas.eba.ufmg.br\/index.php\/wp-json\/wp\/v2\/pages\/4073"}],"wp:attachment":[{"href":"https:\/\/bibliobelas.eba.ufmg.br\/index.php\/wp-json\/wp\/v2\/media?parent=3281"}],"curies":[{"name":"wp","href":"https:\/\/api.w.org\/{rel}","templated":true}]}}