{"id":3283,"date":"2013-12-03T18:50:34","date_gmt":"2013-12-03T20:50:34","guid":{"rendered":"http:\/\/bibliobelas.wordpress.com\/?page_id=3283"},"modified":"2013-12-03T18:50:34","modified_gmt":"2013-12-03T20:50:34","slug":"m","status":"publish","type":"page","link":"https:\/\/bibliobelas.eba.ufmg.br\/index.php\/hemeroteca-2\/4073-2\/m\/","title":{"rendered":"M"},"content":{"rendered":"<p>MABE, Manabu, 1924-1997<br \/>\nMACAPARANA, 1952-<br \/>\nMACHADO, Ivens, 1942-<br \/>\nMACHADO, Juarez, 1941-<br \/>\nMACHADO, Milton, 1947-<br \/>\nMADURO, Cl\u00e9bio, 1951-<br \/>\nMAGALH\u00c3ES, Alo\u00edsio, 1927-1982<br \/>\nMAGALH\u00c3ES, F\u00e1bio, 1942-<br \/>\nMAGALH\u00c3ES, Gast\u00e3o de, 1953-<br \/>\nMAGALH\u00c3ES, Roberto, 1940-<br \/>\nMAGALH\u00c3ES, Solange, 1939-<br \/>\nMAGNO, Juarez, 1943-<br \/>\nMAGRITTE, Ren\u00e9, 1898-1967<br \/>\nMAIA, Ant\u00f4nio, 1928-<br \/>\nMAIOLINO, Anna Maria, 1942-<br \/>\nMALAGOILI, Ado, 1906-1994<br \/>\nMALFATTI, Anita, 1889-1964<br \/>\nMALIDONADO, Ter\u00e9sio<br \/>\nMALUBA<br \/>\nMANET, Edouard, 1832-1883<br \/>\nMANUEL, Ant\u00f4nio, 1947-<br \/>\nMARIA Luiza, 1919-<br \/>\nMARIANO, M\u00e1rio, 1947-<br \/>\nMARCIER, Emeric, 1916-1990<br \/>\nMARCIER, Tobias, 1948-1982<br \/>\nMARQUES, L\u00facia, 1950-<br \/>\nMARQUES, Maria Lira<br \/>\nMARTINOLLI, S\u00e9rgio, 1938-<br \/>\nMARTINS, Aldemir, 1922-<br \/>\nMARTINS, Carlos, 1946-<br \/>\nMARTINS, Itajahy, 1927-<br \/>\nMARTINS, Manoel, 1911-1979<br \/>\nMARTINS, Maria do Carmo Vivacqua, 1945-<br \/>\nMARTINS, Wilma, 1934-<br \/>\nMARX, Roberto Burle, 1909-1994<br \/>\nMARYSIA, 1937-<br \/>\nMARZANO, Angelo, 1955-<br \/>\nMATISSE, Henri, 1869-1954<br \/>\nMATTAR, Samir, 1930-<br \/>\nMATTOS, Haroldo, 1924-<br \/>\n<a href=\"https:\/\/onedrive.live.com\/redir?resid=44B6AC75CE4FB1E8!498&amp;authkey=!APizyR2vekzlOtg&amp;ithint=folder%2cjpg\" target=\"_blank\" rel=\"noopener\">MATTOS, Orlando, 1917-1992<\/a><br \/>\nMATOZINHOS, Jos\u00e9<br \/>\nMEDEIROS, Delima, 1935-<br \/>\nMEE, Margaret, 1909-1988<br \/>\nMEIRELES, Cildo, 1948-<br \/>\nMEIRELES, Vitor, 1832-1903<br \/>\nMEITNER, Laszlo, 1900-1968<br \/>\nMELHEM, Georgette, 1938-<br \/>\nMENEZES, Sanzio de, 1946-<br \/>\nMENICUCCI, Esthergilda<br \/>\nMESQUITA, Newton, 1949-<br \/>\nMESTRINER, Odilla, 1928-<br \/>\nMICHELANGELO, Buonarroti, 1475-1564<br \/>\n<a href=\"https:\/\/onedrive.live.com\/redir?resid=44B6AC75CE4FB1E8!180&amp;authkey=!AEP2FimMbXJqVlc&amp;ithint=file%2cpdf\" target=\"_blank\" rel=\"noopener\">MIGUEL, Sebasti\u00e3o<\/a><br \/>\nMIGUEZ, F\u00e1bio, 1962-<br \/>\nMILDE, Jeanne, 1900-1997<br \/>\nMILLIET, S\u00e9rgio, 1898-1966<br \/>\nMINDLIN, Vera Bocayuva, 1920-1985<br \/>\nMIO, Kozo, 1924-<br \/>\nMIR, Ant\u00f4nio, 1950-<br \/>\nMIRANDA, Thereza, 1928-<br \/>\nMIR\u00d3, Joan, 1893-1983<br \/>\nMIYATA, Masayuki, 1926-1997<br \/>\nMODERNO, Jo\u00e3o Ricardo, 1958<br \/>\nMODIGLIANI, Amedeo, 1884-1920<br \/>\nMOHALYI, Yolanda, 1909-1978<br \/>\nMONET, Claude, 1840-1926<br \/>\nMONTEIRO, Vicente do Rego, 1899-1970<br \/>\nMONTOLLI, Marina<br \/>\nMONTONI, Dora<br \/>\nMOORE, Henri, 1898-1986<br \/>\nMORAES, Avatar, 1933-<br \/>\nMORAES, Glauco Pinto de, 1928-1990<br \/>\nMORAES, Jacintho, 1917-1982<br \/>\nMORAES, Jos\u00e9, 1921-<br \/>\nMORAIS, Crisaldo, 1932-1997<br \/>\nMORAIS, Frederico, 1936-<br \/>\nMORANDI, Giorgio, 1890-1964<br \/>\nMOREIRA FILHO, Arlindo, 1950-<br \/>\nMOREIRA, Ildeu, 1920-1999<br \/>\nMORGAN SNELL, Flora, 1920-<br \/>\nMORI, Emi, 1941-<br \/>\nMORI, Jorge, 1932-<br \/>\nMORICONI, Roberto, 1932-1993<br \/>\nMORVAN, Roberto, 1917-1984<br \/>\nMOTTA, Edson, 1910-1981<br \/>\nMOTTA, Laerpe, 1933-<br \/>\nMOTTA, No\u00eamia, 1941-<br \/>\nMUNCH, Edvard, 1863-1944<br \/>\nMURTA, Genesco, 1885-1967<br \/>\nMUSATTI, Jeanete, 1968-<\/p>\n","protected":false},"excerpt":{"rendered":"<p>MABE, Manabu, 1924-1997 MACAPARANA, 1952- MACHADO, Ivens, 1942- MACHADO, Juarez, 1941- MACHADO, Milton, 1947- MADURO, Cl\u00e9bio, 1951- MAGALH\u00c3ES, Alo\u00edsio, 1927-1982 MAGALH\u00c3ES, F\u00e1bio, 1942- MAGALH\u00c3ES, Gast\u00e3o de, 1953- MAGALH\u00c3ES, Roberto, 1940- MAGALH\u00c3ES, Solange, 1939- MAGNO, Juarez, 1943- MAGRITTE, Ren\u00e9, 1898-1967 MAIA, Ant\u00f4nio, 1928- MAIOLINO, Anna Maria, 1942- MALAGOILI, Ado, 1906-1994 MALFATTI, Anita, 1889-1964 MALIDONADO, Ter\u00e9sio MALUBA &hellip; <a href=\"https:\/\/bibliobelas.eba.ufmg.br\/index.php\/hemeroteca-2\/4073-2\/m\/\" class=\"more-link\">Continue lendo <span class=\"screen-reader-text\">M<\/span> <span class=\"meta-nav\">&rarr;<\/span><\/a><\/p>\n","protected":false},"author":1,"featured_media":0,"parent":4073,"menu_order":8,"comment_status":"open","ping_status":"closed","template":"","meta":{"footnotes":""},"class_list":["post-3283","page","type-page","status-publish","hentry"],"_links":{"self":[{"href":"https:\/\/bibliobelas.eba.ufmg.br\/index.php\/wp-json\/wp\/v2\/pages\/3283","targetHints":{"allow":["GET"]}}],"collection":[{"href":"https:\/\/bibliobelas.eba.ufmg.br\/index.php\/wp-json\/wp\/v2\/pages"}],"about":[{"href":"https:\/\/bibliobelas.eba.ufmg.br\/index.php\/wp-json\/wp\/v2\/types\/page"}],"author":[{"embeddable":true,"href":"https:\/\/bibliobelas.eba.ufmg.br\/index.php\/wp-json\/wp\/v2\/users\/1"}],"replies":[{"embeddable":true,"href":"https:\/\/bibliobelas.eba.ufmg.br\/index.php\/wp-json\/wp\/v2\/comments?post=3283"}],"version-history":[{"count":0,"href":"https:\/\/bibliobelas.eba.ufmg.br\/index.php\/wp-json\/wp\/v2\/pages\/3283\/revisions"}],"up":[{"embeddable":true,"href":"https:\/\/bibliobelas.eba.ufmg.br\/index.php\/wp-json\/wp\/v2\/pages\/4073"}],"wp:attachment":[{"href":"https:\/\/bibliobelas.eba.ufmg.br\/index.php\/wp-json\/wp\/v2\/media?parent=3283"}],"curies":[{"name":"wp","href":"https:\/\/api.w.org\/{rel}","templated":true}]}}