{"id":3288,"date":"2013-12-03T18:53:10","date_gmt":"2013-12-03T20:53:10","guid":{"rendered":"http:\/\/bibliobelas.wordpress.com\/?page_id=3288"},"modified":"2013-12-03T18:53:10","modified_gmt":"2013-12-03T20:53:10","slug":"p","status":"publish","type":"page","link":"https:\/\/bibliobelas.eba.ufmg.br\/index.php\/hemeroteca-2\/4073-2\/p\/","title":{"rendered":"P"},"content":{"rendered":"<p><a href=\"https:\/\/onedrive.live.com\/redir?resid=44B6AC75CE4FB1E8!3034&amp;authkey=!AJMWlM8OKdkubcA&amp;ithint=folder%2cJPG\" target=\"_blank\" rel=\"noopener\">PACE, F\u00e1bio<\/a><br \/>\nPACHECO, Fernando, 1949-<br \/>\nPAGAL<br \/>\nPAIVA, Brasil, 1930-<br \/>\nPAIVA, Miguel, 1950-<br \/>\nPAIVA, Romildo, 1938-<br \/>\nPALATNIK, Abraham, 1928-<br \/>\nPANCETTI, Jos\u00e9, 1904-1958<br \/>\nPAPE, Lygia, 1929-<br \/>\nPARODI, Pierluigi<br \/>\nPARREIRAS, Ant\u00f4nio, 1860-1937<br \/>\nPASQUALINI, Vilma, 1930-<br \/>\nPASTA, Paulo, 1959-<br \/>\nPAULA, Eduardo de, 1957-<br \/>\n<a href=\"https:\/\/onedrive.live.com\/redir?resid=44B6AC75CE4FB1E8!831&amp;authkey=!ALgBfpHzLvIC0A4&amp;ithint=folder%2cjpg\" target=\"_blank\" rel=\"noopener\">PAULA, Inim\u00e1 de, 1918-1999\u00a0<\/a><br \/>\nPAULA, S\u00e9rgio de, 1946-<br \/>\nPECCI, Jo\u00e3o Carlos, 1942-<br \/>\nPEDROSA, Bruno, 1950-<br \/>\nPEDROSA, Israel, 1926-<br \/>\nPEDROSA, Jos\u00e9, 1915-2002<br \/>\n<a href=\"https:\/\/1drv.ms\/u\/s!AuixT851rLZEgYR-AodAnsMVByHgvA?e=J4M6Fy\">PEDROSA, M\u00e1rio, 1900-1981<\/a><br \/>\nPENA, F\u00e1tima, 1947-<br \/>\nPENA, Isaura,1958-<br \/>\nPENEDO, Cl\u00e9cio, 1936-<br \/>\nPENHA<br \/>\nPENNA, Alceu, 1915-1980<br \/>\nPENNACCHI, F\u00falvio, 1905-1992<br \/>\nPENTEADO, Darcy, 1926-1987<br \/>\nPERISSINOTTO, Giuseppe, 1881-1965<br \/>\nPERTIUS, Carlos, 1910-1977<br \/>\nPETICOV, Ant\u00f4nio, 1946-<br \/>\nPETIT, Francesc, 1934-<br \/>\nPICABIA, Francis, 1879-1953<br \/>\n<a href=\"https:\/\/onedrive.live.com\/redir?resid=44B6AC75CE4FB1E8!8548&amp;authkey=!AKx6m6F91opg1Rw&amp;ithint=folder%2cjpg\" target=\"_blank\" rel=\"noopener\">PICASSO, Pablo, 1881-1973<\/a><br \/>\nPIGNATARO, Angelo, 1949-<br \/>\nPILO, Maria da Concei\u00e7\u00e3o<br \/>\nPIMENTEL, Wanda, 1943-<br \/>\nPINTO, Z\u00e9lio Alves, 1938-<br \/>\nPIRAN, Wilson, 1951-<br \/>\nPIZA, Arthur Luiz, 1928-<br \/>\nPIZARRO, Luiz, 1958-<br \/>\nPLAZA, J\u00falio, 1938-<br \/>\nPOLLOCK, Jackson, 1912-1956<br \/>\nPOMAR, J\u00falio, 1926<br \/>\nPONS, Isabel, 1912-<br \/>\nPORTINARI, C\u00e2ndido, 1903-1962<br \/>\nPOST, Frans, 1612-1680<br \/>\nPOTEIRO, Ant\u00f4nio, 1925-<br \/>\nPRADO, Vasco, 1914-1998<br \/>\nPRAZERES, Heitor dos, 1898-1966<br \/>\nPUJOL, Regina, 1913-<br \/>\nPURYEAR, Martin, 1941-<\/p>\n","protected":false},"excerpt":{"rendered":"<p>PACE, F\u00e1bio PACHECO, Fernando, 1949- PAGAL PAIVA, Brasil, 1930- PAIVA, Miguel, 1950- PAIVA, Romildo, 1938- PALATNIK, Abraham, 1928- PANCETTI, Jos\u00e9, 1904-1958 PAPE, Lygia, 1929- PARODI, Pierluigi PARREIRAS, Ant\u00f4nio, 1860-1937 PASQUALINI, Vilma, 1930- PASTA, Paulo, 1959- PAULA, Eduardo de, 1957- PAULA, Inim\u00e1 de, 1918-1999\u00a0 PAULA, S\u00e9rgio de, 1946- PECCI, Jo\u00e3o Carlos, 1942- PEDROSA, Bruno, 1950- PEDROSA, &hellip; <a href=\"https:\/\/bibliobelas.eba.ufmg.br\/index.php\/hemeroteca-2\/4073-2\/p\/\" class=\"more-link\">Continue lendo <span class=\"screen-reader-text\">P<\/span> <span class=\"meta-nav\">&rarr;<\/span><\/a><\/p>\n","protected":false},"author":1,"featured_media":0,"parent":4073,"menu_order":11,"comment_status":"open","ping_status":"closed","template":"","meta":{"footnotes":""},"class_list":["post-3288","page","type-page","status-publish","hentry"],"_links":{"self":[{"href":"https:\/\/bibliobelas.eba.ufmg.br\/index.php\/wp-json\/wp\/v2\/pages\/3288","targetHints":{"allow":["GET"]}}],"collection":[{"href":"https:\/\/bibliobelas.eba.ufmg.br\/index.php\/wp-json\/wp\/v2\/pages"}],"about":[{"href":"https:\/\/bibliobelas.eba.ufmg.br\/index.php\/wp-json\/wp\/v2\/types\/page"}],"author":[{"embeddable":true,"href":"https:\/\/bibliobelas.eba.ufmg.br\/index.php\/wp-json\/wp\/v2\/users\/1"}],"replies":[{"embeddable":true,"href":"https:\/\/bibliobelas.eba.ufmg.br\/index.php\/wp-json\/wp\/v2\/comments?post=3288"}],"version-history":[{"count":0,"href":"https:\/\/bibliobelas.eba.ufmg.br\/index.php\/wp-json\/wp\/v2\/pages\/3288\/revisions"}],"up":[{"embeddable":true,"href":"https:\/\/bibliobelas.eba.ufmg.br\/index.php\/wp-json\/wp\/v2\/pages\/4073"}],"wp:attachment":[{"href":"https:\/\/bibliobelas.eba.ufmg.br\/index.php\/wp-json\/wp\/v2\/media?parent=3288"}],"curies":[{"name":"wp","href":"https:\/\/api.w.org\/{rel}","templated":true}]}}