{"id":3292,"date":"2013-12-03T18:55:58","date_gmt":"2013-12-03T20:55:58","guid":{"rendered":"http:\/\/bibliobelas.wordpress.com\/?page_id=3292"},"modified":"2013-12-03T18:55:58","modified_gmt":"2013-12-03T20:55:58","slug":"s","status":"publish","type":"page","link":"https:\/\/bibliobelas.eba.ufmg.br\/index.php\/hemeroteca-2\/4073-2\/s\/","title":{"rendered":"S"},"content":{"rendered":"<p><a href=\"https:\/\/onedrive.live.com\/redir?resid=44B6AC75CE4FB1E8!754&amp;authkey=!ACScv-p6Jki-qKw&amp;ithint=folder%2cjpg\" target=\"_blank\" rel=\"noopener\">S\u00c1, Bustamante, 1907-1988<\/a><br \/>\nS\u00c1, In\u00eas de Melo, 1947-<br \/>\nSAB\u00d3IA, Jos\u00e9, 1949-<br \/>\nSACILOTTO, Luiz, 1924-2003<br \/>\nSAGBONI, Victorina, 1932-<br \/>\nSALDANHA, Ione, 1921-2001<br \/>\nSALGADO, Sebasti\u00e3o, 1944-<br \/>\nSALGUEIRO, Maur\u00edcio, 1930-<br \/>\nSALLES, Jorge de<br \/>\nSALVADOR, Gilberto, 1946-<br \/>\nSAMPAIO, M\u00e1rcio, 1941-<br \/>\nSANTA ROSA, 1909-1956<br \/>\nSANTIAGO, Manoel, 1897-1987<br \/>\nSANTOS, Miguel dos, 1944-<br \/>\n<a href=\"https:\/\/onedrive.live.com\/redir?resid=44B6AC75CE4FB1E8!3169&amp;authkey=!AK8f_iPoMsqgAt4&amp;ithint=folder%2cpdf\" target=\"_blank\" rel=\"noopener\">SANTOS, Pierre<\/a><br \/>\nSARGENTO, Nelson, 1924-<br \/>\nSARUBBI, Valdir, 1939-2000<br \/>\nSARTORI, M\u00f4nica, 1957-<br \/>\nSAV\u00c9RIO, 1934-<br \/>\nSCALDAFERRI, Sante, 1928-<br \/>\nSCHAEFFER, Frank, 1917-<br \/>\nSCHAEPPER, Linda<br \/>\nSCHNBERG, M\u00e1rio, 1916-1990<br \/>\nSCHENDEL, Mira, 1919-1988<br \/>\nSCHIELE, Egon, 1890-1918<br \/>\nSCHIMIDT, Paulo, 1963-<br \/>\n<a href=\"https:\/\/onedrive.live.com\/redir?resid=44B6AC75CE4FB1E8!576&amp;authkey=!ALhJgnuNR1jcs7s&amp;ithint=folder%2cjpg\" target=\"_blank\" rel=\"noopener\">SCLIAR, Carlos, 1920-2001\u00a0<\/a><br \/>\nSECCO, Maria do Carmo, 1933-<br \/>\n<a href=\"https:\/\/onedrive.live.com\/redir?resid=44B6AC75CE4FB1E8!2676&amp;authkey=!AGF5page3_Iz61E&amp;ithint=folder%2cpdf\" target=\"_blank\" rel=\"noopener\">SEGALL, Lasar, 1891-1957<\/a><br \/>\nSENDIN, Armando, 1928-<br \/>\n<a href=\"https:\/\/onedrive.live.com\/redir?resid=44B6AC75CE4FB1E8!3188&amp;authkey=!AGlTjnvTFhikbSE&amp;ithint=folder%2cjpg\" target=\"_blank\" rel=\"noopener\">SENISE, Daniel, 1955-<\/a><br \/>\nSERGIO, Waldir, 1938-<br \/>\nSERPA, Manoel Augusto, 1945-<br \/>\nSERPA, Ivan, 1923-1973<br \/>\nSHALDERS, C\u00e9lia, 1934-<br \/>\nSIGAUD, Eug\u00eanio de Proen\u00e7a, 1899-1979<br \/>\nSIL\u00c9SIO, M\u00e1rio, 1913-1990<br \/>\nSILVA, Benjamim, 1927-<br \/>\nSILVA, Chico da, 1910-1985<br \/>\nSILVA, Jos\u00e9 Ant\u00f4nio da, 1909-1996<br \/>\nSILVA, Quirino da, 1897-1981<br \/>\n<a href=\"https:\/\/onedrive.live.com\/redir?resid=44B6AC75CE4FB1E8!2578&amp;authkey=!AAw-7t359oIx1rk&amp;ithint=folder%2cjpg\" target=\"_blank\" rel=\"noopener\">SILVA, Vieira da<\/a><br \/>\nSILVEIRA, Regina, 1939-<br \/>\nSIM\u00d5ES, Paulo, 1939-<br \/>\nSIM\u00d5ES, Thereza, 1941-<br \/>\nSOALHEIRO, M\u00e1ximo, 1955-<br \/>\nSOARES, Teresinha, 1937-<br \/>\nSONCINI, D\u00e9cio, 1953-<br \/>\nSON SALVADOR<br \/>\nSORENSEN, Carlos Haroldo, 1928-<br \/>\nSOULAGES, Pierre, 1919-<br \/>\nSOUZA, Aldir Mendes de, 1941-<br \/>\nSOUZA, Ant\u00f4nio Aquino<br \/>\nSOZANETTO, Manfredo de, 1947-<br \/>\nSUED, Eduardo, 1925-<br \/>\nSUIGNARD, Jean-Yves<br \/>\nSUZUKI, Jo\u00e3o, 1935-<br \/>\nSTEIN, W. C., 1936-<br \/>\nSTEINBERG, Saul, 1914-1999<br \/>\nSTELLA, Frank, 1935-<br \/>\nSTOCKINGER, Francisco, 1919-<br \/>\nSTRAUS, Agi, 1926-<\/p>\n","protected":false},"excerpt":{"rendered":"<p>S\u00c1, Bustamante, 1907-1988 S\u00c1, In\u00eas de Melo, 1947- SAB\u00d3IA, Jos\u00e9, 1949- SACILOTTO, Luiz, 1924-2003 SAGBONI, Victorina, 1932- SALDANHA, Ione, 1921-2001 SALGADO, Sebasti\u00e3o, 1944- SALGUEIRO, Maur\u00edcio, 1930- SALLES, Jorge de SALVADOR, Gilberto, 1946- SAMPAIO, M\u00e1rcio, 1941- SANTA ROSA, 1909-1956 SANTIAGO, Manoel, 1897-1987 SANTOS, Miguel dos, 1944- SANTOS, Pierre SARGENTO, Nelson, 1924- SARUBBI, Valdir, 1939-2000 SARTORI, M\u00f4nica, &hellip; <a href=\"https:\/\/bibliobelas.eba.ufmg.br\/index.php\/hemeroteca-2\/4073-2\/s\/\" class=\"more-link\">Continue lendo <span class=\"screen-reader-text\">S<\/span> <span class=\"meta-nav\">&rarr;<\/span><\/a><\/p>\n","protected":false},"author":1,"featured_media":0,"parent":4073,"menu_order":13,"comment_status":"open","ping_status":"closed","template":"","meta":{"footnotes":""},"class_list":["post-3292","page","type-page","status-publish","hentry"],"_links":{"self":[{"href":"https:\/\/bibliobelas.eba.ufmg.br\/index.php\/wp-json\/wp\/v2\/pages\/3292","targetHints":{"allow":["GET"]}}],"collection":[{"href":"https:\/\/bibliobelas.eba.ufmg.br\/index.php\/wp-json\/wp\/v2\/pages"}],"about":[{"href":"https:\/\/bibliobelas.eba.ufmg.br\/index.php\/wp-json\/wp\/v2\/types\/page"}],"author":[{"embeddable":true,"href":"https:\/\/bibliobelas.eba.ufmg.br\/index.php\/wp-json\/wp\/v2\/users\/1"}],"replies":[{"embeddable":true,"href":"https:\/\/bibliobelas.eba.ufmg.br\/index.php\/wp-json\/wp\/v2\/comments?post=3292"}],"version-history":[{"count":0,"href":"https:\/\/bibliobelas.eba.ufmg.br\/index.php\/wp-json\/wp\/v2\/pages\/3292\/revisions"}],"up":[{"embeddable":true,"href":"https:\/\/bibliobelas.eba.ufmg.br\/index.php\/wp-json\/wp\/v2\/pages\/4073"}],"wp:attachment":[{"href":"https:\/\/bibliobelas.eba.ufmg.br\/index.php\/wp-json\/wp\/v2\/media?parent=3292"}],"curies":[{"name":"wp","href":"https:\/\/api.w.org\/{rel}","templated":true}]}}