{"id":3294,"date":"2013-12-03T18:57:19","date_gmt":"2013-12-03T20:57:19","guid":{"rendered":"http:\/\/bibliobelas.wordpress.com\/?page_id=3294"},"modified":"2013-12-03T18:57:19","modified_gmt":"2013-12-03T20:57:19","slug":"t-u","status":"publish","type":"page","link":"https:\/\/bibliobelas.eba.ufmg.br\/index.php\/hemeroteca-2\/4073-2\/t-u\/","title":{"rendered":"T-U"},"content":{"rendered":"<div>\n<p align=\"center\"><b>T<\/b><\/p>\n<\/div>\n<p>TEMPEL, Sigi, 1921-<br \/>\nTENREIRO, Joaquim, 1906-1992<br \/>\nTERUZ, Orlando, 1902-1984<br \/>\nTHEYS, Ivan<br \/>\nTICIANO, 1490-1576<br \/>\nT\u00d3FANI, Wanda de Paula, 1942-<br \/>\nTOLEDO, Am\u00e9lia, 1926-<br \/>\nTOMASELLI, Maria, 1941-<br \/>\n<a href=\"https:\/\/onedrive.live.com\/redir?resid=44B6AC75CE4FB1E8!2799&amp;authkey=!AFKoXW_vPku_G0U&amp;ithint=folder%2cjpg\" target=\"_blank\" rel=\"noopener\">TORASSA, Eduardo, 1954-<\/a><br \/>\nTORRES-GARCIA, Joaquim, 1874-1949<br \/>\nTORRES, Mar\u00edlia Giannetti, 1926-<br \/>\nTOYOTA, Yutaka, 1931-<br \/>\nTOULOUSE-LAUTREC, Henri de, 1864-1901<br \/>\nTOZZI, Cl\u00e1udio, 1944-<br \/>\nTRANCOSO, Mariza<br \/>\nTRIMANO, Luiz, 1943-<br \/>\nTRINDADE, \u00c1urea<br \/>\nTRINDADE, Marlene, 1936-<br \/>\nTUNEU, 1948-<br \/>\nTUNGA, 1952-<br \/>\n<a href=\"https:\/\/onedrive.live.com\/redir?resid=44B6AC75CE4FB1E8!8391&amp;authkey=!AKrg1g3zKCJ4gk4&amp;ithint=folder%2cjpg\" target=\"_blank\" rel=\"noopener\">TUPYNAMB\u00c1, Yara, 1932-\u00a0<\/a><br \/>\nTURNER, J. M. W. (Joseph Mallord William), 1775-1851<br \/>\nTAKAOKA, Yoshiya, 1909-1976<br \/>\nTAMAYO, Rufino, 1899-1991<br \/>\nTARC\u00cdSIO, Jos\u00e9, 1941-<br \/>\nTELLES, S\u00e9rgio, 1936-<\/p>\n<p align=\"center\"><b>U<\/b><\/p>\n<p>\u00a0UCH\u00d4A, Delson, 1956-<\/p>\n<p>&nbsp;<\/p>\n<p>&nbsp;<\/p>\n","protected":false},"excerpt":{"rendered":"<p>T TEMPEL, Sigi, 1921- TENREIRO, Joaquim, 1906-1992 TERUZ, Orlando, 1902-1984 THEYS, Ivan TICIANO, 1490-1576 T\u00d3FANI, Wanda de Paula, 1942- TOLEDO, Am\u00e9lia, 1926- TOMASELLI, Maria, 1941- TORASSA, Eduardo, 1954- TORRES-GARCIA, Joaquim, 1874-1949 TORRES, Mar\u00edlia Giannetti, 1926- TOYOTA, Yutaka, 1931- TOULOUSE-LAUTREC, Henri de, 1864-1901 TOZZI, Cl\u00e1udio, 1944- TRANCOSO, Mariza TRIMANO, Luiz, 1943- TRINDADE, \u00c1urea TRINDADE, Marlene, 1936- &hellip; <a href=\"https:\/\/bibliobelas.eba.ufmg.br\/index.php\/hemeroteca-2\/4073-2\/t-u\/\" class=\"more-link\">Continue lendo <span class=\"screen-reader-text\">T-U<\/span> <span class=\"meta-nav\">&rarr;<\/span><\/a><\/p>\n","protected":false},"author":1,"featured_media":0,"parent":4073,"menu_order":14,"comment_status":"open","ping_status":"closed","template":"","meta":{"footnotes":""},"class_list":["post-3294","page","type-page","status-publish","hentry"],"_links":{"self":[{"href":"https:\/\/bibliobelas.eba.ufmg.br\/index.php\/wp-json\/wp\/v2\/pages\/3294","targetHints":{"allow":["GET"]}}],"collection":[{"href":"https:\/\/bibliobelas.eba.ufmg.br\/index.php\/wp-json\/wp\/v2\/pages"}],"about":[{"href":"https:\/\/bibliobelas.eba.ufmg.br\/index.php\/wp-json\/wp\/v2\/types\/page"}],"author":[{"embeddable":true,"href":"https:\/\/bibliobelas.eba.ufmg.br\/index.php\/wp-json\/wp\/v2\/users\/1"}],"replies":[{"embeddable":true,"href":"https:\/\/bibliobelas.eba.ufmg.br\/index.php\/wp-json\/wp\/v2\/comments?post=3294"}],"version-history":[{"count":0,"href":"https:\/\/bibliobelas.eba.ufmg.br\/index.php\/wp-json\/wp\/v2\/pages\/3294\/revisions"}],"up":[{"embeddable":true,"href":"https:\/\/bibliobelas.eba.ufmg.br\/index.php\/wp-json\/wp\/v2\/pages\/4073"}],"wp:attachment":[{"href":"https:\/\/bibliobelas.eba.ufmg.br\/index.php\/wp-json\/wp\/v2\/media?parent=3294"}],"curies":[{"name":"wp","href":"https:\/\/api.w.org\/{rel}","templated":true}]}}