{"id":37,"date":"2010-11-11T11:42:26","date_gmt":"2010-11-11T13:42:26","guid":{"rendered":"http:\/\/bibliobelas.wordpress.com\/"},"modified":"2023-05-24T19:16:15","modified_gmt":"2023-05-24T22:16:15","slug":"links-interessantes","status":"publish","type":"page","link":"https:\/\/bibliobelas.eba.ufmg.br\/index.php\/conteudos-digitais-de-artes\/links-interessantes\/","title":{"rendered":"LINKS \/ CURSO"},"content":{"rendered":"<p style=\"text-align: justify;\"><strong>&#8212;<a title=\"Artes&nbsp;Visuais\" href=\"https:\/\/bibliobelas.eba.ufmg.br\/index.php\/conteudos-digitais-de-artes\/links-interessantes\/artes-visuais\/\">Artes Visuais<\/a><\/strong><\/p>\n<p style=\"text-align: justify;\"><strong>&#8212;<a title=\"Cinema de Anima\u00e7\u00e3o e Artes&nbsp;Digitais\" href=\"https:\/\/bibliobelas.eba.ufmg.br\/index.php\/conteudos-digitais-de-artes\/links-interessantes\/cinema-de-animacao-e-artes-digitais\/\">Cinema de Anima\u00e7\u00e3o e Artes Digitais<\/a><\/strong><\/p>\n<p style=\"text-align: justify;\"><strong>&#8212;<a title=\"Conserva\u00e7\u00e3o e Restaura\u00e7\u00e3o de Bens Culturais&nbsp;M\u00f3veis\" href=\"https:\/\/bibliobelas.eba.ufmg.br\/index.php\/conteudos-digitais-de-artes\/links-interessantes\/conservacao-e-restauracao-de-bens-culturais-moveis\/\">Conserva\u00e7\u00e3o e Restaura\u00e7\u00e3o de Bens Culturais M\u00f3veis<br \/>\n<\/a><\/strong><\/p>\n<p style=\"text-align: justify;\"><strong>&#8212;<a title=\"Dan\u00e7a\" href=\"https:\/\/bibliobelas.eba.ufmg.br\/index.php\/conteudos-digitais-de-artes\/links-interessantes\/danca\/\">Dan\u00e7a<\/a><\/strong><\/p>\n<p style=\"text-align: justify;\"><strong>&#8212;<a title=\"Design de&nbsp;Moda\" href=\"https:\/\/bibliobelas.eba.ufmg.br\/index.php\/conteudos-digitais-de-artes\/links-interessantes\/design-de-moda\/\">Design de Moda<\/a><\/strong><\/p>\n<p style=\"text-align: justify;\"><strong>&#8212;<a title=\"Teatro\" href=\"https:\/\/bibliobelas.eba.ufmg.br\/index.php\/conteudos-digitais-de-artes\/links-interessantes\/teatro\/\">Teatro<\/a><\/strong><\/p>\n<p><strong><big>&#8212;Gerais:<\/big><\/strong><\/p>\n<ul>\n<li style=\"text-align: justify;\"><span style=\"color: #000000;\"><a href=\"http:\/\/www.eba.ufmg.br\/\">Escola de Belas Artes da UFMG<\/a><\/span><\/li>\n<li style=\"text-align: justify;\"><span style=\"color: #000000;\"><a href=\"http:\/\/www.bu.ufmg.br\/\" target=\"_blank\" rel=\"noopener\">Sistema de Biblioteca da UFMG<\/a><\/span><\/li>\n<li style=\"text-align: justify;\"><span style=\"color: #000000;\"><a href=\"http:\/\/www.eba.ufrj.br\/\" target=\"_blank\" rel=\"noopener\">Escola de Belas Artes &#8211; UFRJ<\/a><\/span><\/li>\n<li style=\"text-align: justify;\"><span style=\"color: #000000;\"><a href=\"http:\/\/www.belasartes.br\/\" target=\"_blank\" rel=\"noopener\">Centro Universit\u00e1rio Belas Artes de S\u00e3o Paulo<\/a><\/span><\/li>\n<li style=\"text-align: justify;\"><span style=\"color: #000000;\"><a href=\"http:\/\/www3.eca.usp.br\/\" target=\"_blank\" rel=\"noopener\">ECA \u2013 Escola e Comunica\u00e7\u00e3o e Artes da USP<\/a><\/span><\/li>\n<li style=\"text-align: justify;\"><span style=\"color: #000000;\"><a href=\"http:\/\/www.embap.br\/\" target=\"_blank\" rel=\"noopener\">EMBAP &#8211; Escola de M\u00fasica e Belas Artes do Paran\u00e1<\/a><\/span><\/li>\n<li style=\"text-align: justify;\"><a href=\"http:\/\/www.belasartes.ufba.br\/\" target=\"_blank\" rel=\"noopener\">Escola de Belas Artes da UFBA<\/a><\/li>\n<li style=\"text-align: justify;\"><span style=\"color: #000000;\"><a href=\"http:\/\/www.belasartesjoinville.com.br\/\" target=\"_blank\" rel=\"noopener\">Conservat\u00f3rio Belas Artes de Joinville<\/a><\/span><\/li>\n<li style=\"text-align: justify;\"><span style=\"color: #000000;\"><a href=\"http:\/\/www.museus.art.br\/brasil.htm\" target=\"_blank\" rel=\"noopener\">Museus de arte no Brasil<\/a><\/span><\/li>\n<li style=\"text-align: justify;\"><span style=\"color: #000000;\"><a href=\"http:\/\/www.museus.art.br\/mundo.htm\" target=\"_blank\" rel=\"noopener\">Museus de Arte no Mundo<\/a><\/span><\/li>\n<li style=\"text-align: justify;\"><a href=\"http:\/\/www.cultura.gov.br\/site\/\" target=\"_blank\" rel=\"noopener\">Minist\u00e9rio da Cultura<\/a><\/li>\n<li style=\"text-align: justify;\"><a href=\"http:\/\/www.funarte.gov.br\/portal\/\" target=\"_blank\" rel=\"noopener\">FUNARTE \u2013 Funda\u00e7\u00e3o Nacional de Arte :<\/a> Institui\u00e7\u00e3o de apoio e fomento \u00e0 arte vinculada ao Minist\u00e9rio da Cultura. Disponibiliza agenda e informa\u00e7\u00f5es sobre casas de espet\u00e1culo, cursos e concursos.<\/li>\n<li style=\"text-align: justify;\"><a href=\"http:\/\/www.canalcontemporaneo.art.br\" target=\"_blank\" rel=\"noopener\">Canal Contempor\u00e2neo<\/a><\/li>\n<li style=\"text-align: justify;\"><a href=\"http:\/\/www.portaldoartista.com.br\" target=\"_blank\" rel=\"noopener\">Portal do Artista<\/a><\/li>\n<li style=\"text-align: justify;\"><a href=\"http:\/\/www.mapadasartes.com.br\/index.php\" target=\"_blank\" rel=\"noopener\">Mapa das artes<\/a><\/li>\n<li style=\"text-align: justify;\"><a href=\"http:\/\/www.producaocultural.org.br\" target=\"_blank\" rel=\"noopener\">Produ\u00e7\u00e3o Cultural<\/a><\/li>\n<li style=\"text-align: justify;\"><a href=\"http:\/\/www.krccnetwork.org\/tbs\" target=\"_blank\" rel=\"noopener\">Culture Cast<\/a><\/li>\n<li style=\"text-align: justify;\"><a href=\"http:\/\/FUNtastico.com.br\" target=\"_blank\" rel=\"noopener\">FUN\u00e1stico!<\/a><\/li>\n<li style=\"text-align: justify;\"><a href=\"http:\/\/galeriagrazinigoes.blogspot.com\/\" target=\"_blank\" rel=\"noopener\">Blog Grazini G\u00f3es<\/a> . Dedicado \u00e0 discuss\u00e3o, \u00e0 informa\u00e7\u00e3o e ao fomento da arte contempor\u00e2nea, promovido pela Galeria Grazini G\u00f3es.<\/li>\n<li style=\"text-align: justify;\"><a href=\"http:\/\/www.laboratoriopop.com.br\" target=\"_blank\" rel=\"noopener\">Laborat\u00f3rio Pop<\/a><\/li>\n<li style=\"text-align: justify;\"><a href=\"http:\/\/www.fenearte.org\" target=\"_blank\" rel=\"noopener\">Fenearte <\/a>(Federa\u00e7\u00e3o Nacional dos Estudantes de Arte)<\/li>\n<li style=\"text-align: justify;\"><a href=\"http:\/\/www.indiefestival.com.br\" target=\"_blank\" rel=\"noopener\">Indie Festival<\/a><\/li>\n<li style=\"text-align: justify;\"><a href=\"http:\/\/www.marketingcultural.com.br\/\" target=\"_blank\" rel=\"noopener\">Marketing Cultural<\/a><\/li>\n<li style=\"text-align: justify;\"><a href=\"http:\/\/www.vitae.org.br\/\" target=\"_blank\" rel=\"noopener\">Funda\u00e7\u00e3o VITAE<\/a> <em>&#8211; <\/em>Apoio \u00e0 Cultura, Educa\u00e7\u00e3o e Promo\u00e7\u00e3o Social<\/li>\n<li style=\"text-align: justify;\"><a href=\"http:\/\/www.dominiopublico.gov.br\/pesquisa\/PesquisaObraForm.jsp\" target=\"_blank\" rel=\"noopener\">Portal Dom\u00ednio P\u00fablico<\/a><\/li>\n<li style=\"text-align: justify;\"><a href=\"http:\/\/www.scielo.br\/\" target=\"_blank\" rel=\"noopener\">Scielo<\/a><\/li>\n<li style=\"text-align: justify;\"><a href=\"http:\/\/www.abnt.org.br\/default.asp\" target=\"_blank\" rel=\"noopener\">Associa\u00e7\u00e3o Brasileira de Normas T\u00e9cnicas &#8211; ABNT<\/a><\/li>\n<li style=\"text-align: justify;\"><a href=\"http:\/\/www.ceia.art.br\/\" target=\"_blank\" rel=\"noopener\">http:\/\/www.ceia.art.br\/<\/a><\/li>\n<li style=\"text-align: justify;\"><a href=\"http:\/\/www.bibliotecas.ufu.br\/bibliotecas-digitais-de-teses-e-dissertacoes\" target=\"_blank\" rel=\"noopener\">Bibliotecas Digitais de Teses e Disserta\u00e7\u00f5es<\/a><\/li>\n<\/ul>\n<p><strong><big>&#8212;&#8212;-Gerais : publica\u00e7\u00f5es:<\/big><\/strong><\/p>\n<ul>\n<li><a href=\"http:\/\/www.cap.eca.usp.br\/index.html\" target=\"_blank\" rel=\"noopener\">Ars: revista do Departamento de Artes Pl\u00e1sticas ECA \u2013 USP&nbsp;<\/a><\/li>\n<li><a href=\"http:\/\/www.studium.iar.unicamp.br\/\" target=\"_blank\" rel=\"noopener\">Studium : revista do Instituto de Artes da Unicamp&nbsp;<\/a><\/li>\n<li style=\"text-align: justify;\"><a href=\"http:\/\/revistacatorze.com.br\/\" target=\"_blank\" rel=\"noopener\">Revista Eletr\u00f4nica CATORZE<\/a>. Revista sobre m\u00fasica, literatura, cinema, teatro, arte popular e erudita, em todos os aspectos e vertentes, com destaque para o Rio Grande do Norte.<\/li>\n<li style=\"text-align: justify;\"><a href=\"http:\/\/www.revistacontemporaneos.com.br\/\" target=\"_blank\" rel=\"noopener\">Contempor\u00e2neos : revista de arte e humanidades.<\/a> Estimula reflex\u00f5es sobre a produ\u00e7\u00e3o e cr\u00edtica contempor\u00e2nea cinematogr\u00e1fica, liter\u00e1ria, dramat\u00fargica, de Artes Pl\u00e1sticas e da Humanidades em geral. Em seu quadro est\u00e3o presentes docentes, discentes e pesquisadores da UFABC, UFJF, UFV, UFBA, UERJ, USS-RJ, UFRPE, UFF, UPF-RS, UFPR.<\/li>\n<li style=\"text-align: justify;\"><a href=\"http:\/\/www.artcultura.inhis.ufu.br\/index.php\" target=\"_blank\" rel=\"noopener\"><strong>ArtCultura:<\/strong> Revista de Hist\u00f3ria, Cultura e Arte.<\/a> Publica\u00e7\u00e3o semestral do Instituto de Hist\u00f3ria e do Programa de P\u00f3s-gradua\u00e7\u00e3o em Hist\u00f3ria da Universidade Federal de Uberl\u00e2ndia.<\/li>\n<li><a href=\"http:\/\/revistadigitalart.blogspot.com\/\" target=\"_blank\" rel=\"noopener\">Revista Digital Art&amp;<\/a><\/li>\n<\/ul>\n","protected":false},"excerpt":{"rendered":"<p>&#8212;Artes Visuais &#8212;Cinema de Anima\u00e7\u00e3o e Artes Digitais &#8212;Conserva\u00e7\u00e3o e Restaura\u00e7\u00e3o de Bens Culturais M\u00f3veis &#8212;Dan\u00e7a &#8212;Design de Moda &#8212;Teatro &#8212;Gerais: Escola de Belas Artes da UFMG Sistema de Biblioteca da UFMG Escola de Belas Artes &#8211; UFRJ Centro Universit\u00e1rio Belas Artes de S\u00e3o Paulo ECA \u2013 Escola e Comunica\u00e7\u00e3o e Artes da USP EMBAP &hellip; <a href=\"https:\/\/bibliobelas.eba.ufmg.br\/index.php\/conteudos-digitais-de-artes\/links-interessantes\/\" class=\"more-link\">Continue lendo <span class=\"screen-reader-text\">LINKS \/ CURSO<\/span> <span class=\"meta-nav\">&rarr;<\/span><\/a><\/p>\n","protected":false},"author":1,"featured_media":0,"parent":6820,"menu_order":1,"comment_status":"open","ping_status":"closed","template":"","meta":{"footnotes":""},"class_list":["post-37","page","type-page","status-publish","hentry"],"_links":{"self":[{"href":"https:\/\/bibliobelas.eba.ufmg.br\/index.php\/wp-json\/wp\/v2\/pages\/37","targetHints":{"allow":["GET"]}}],"collection":[{"href":"https:\/\/bibliobelas.eba.ufmg.br\/index.php\/wp-json\/wp\/v2\/pages"}],"about":[{"href":"https:\/\/bibliobelas.eba.ufmg.br\/index.php\/wp-json\/wp\/v2\/types\/page"}],"author":[{"embeddable":true,"href":"https:\/\/bibliobelas.eba.ufmg.br\/index.php\/wp-json\/wp\/v2\/users\/1"}],"replies":[{"embeddable":true,"href":"https:\/\/bibliobelas.eba.ufmg.br\/index.php\/wp-json\/wp\/v2\/comments?post=37"}],"version-history":[{"count":3,"href":"https:\/\/bibliobelas.eba.ufmg.br\/index.php\/wp-json\/wp\/v2\/pages\/37\/revisions"}],"predecessor-version":[{"id":7752,"href":"https:\/\/bibliobelas.eba.ufmg.br\/index.php\/wp-json\/wp\/v2\/pages\/37\/revisions\/7752"}],"up":[{"embeddable":true,"href":"https:\/\/bibliobelas.eba.ufmg.br\/index.php\/wp-json\/wp\/v2\/pages\/6820"}],"wp:attachment":[{"href":"https:\/\/bibliobelas.eba.ufmg.br\/index.php\/wp-json\/wp\/v2\/media?parent=37"}],"curies":[{"name":"wp","href":"https:\/\/api.w.org\/{rel}","templated":true}]}}