{"id":4073,"date":"2015-04-28T20:20:21","date_gmt":"2015-04-28T22:20:21","guid":{"rendered":"https:\/\/bibliobelas.wordpress.com\/?page_id=4073"},"modified":"2025-03-10T17:26:01","modified_gmt":"2025-03-10T20:26:01","slug":"4073-2","status":"publish","type":"page","link":"https:\/\/bibliobelas.eba.ufmg.br\/index.php\/hemeroteca-2\/4073-2\/","title":{"rendered":"Artistas e convites"},"content":{"rendered":"<p style=\"text-align: justify;\"><a href=\"https:\/\/bibliobelas.eba.ufmg.br\/wp-content\/uploads\/2010\/12\/eba-01-03-2010-0052.jpg\"><img loading=\"lazy\" decoding=\"async\" class=\"aligncenter size-full wp-image-377\" src=\"https:\/\/bibliobelas.eba.ufmg.br\/wp-content\/uploads\/2010\/12\/eba-01-03-2010-0052.jpg\" alt=\"Multimeios\" width=\"500\" height=\"187\" \/><\/a><\/p>\n<p style=\"text-align: justify;\">A biblioteca da Escola de Belas Artes possui uma hemeroteca com recortes de jornais e revistas com pastas individuais por artista e por assunto.<\/p>\n<p style=\"text-align: justify;\">Este acervo\u00a0est\u00e1 em processo de digitaliza\u00e7\u00e3o e ser\u00e3o gradativamente\u00a0inseridos em formato online. Os nomes das listagens abaixo que n\u00e3o fornecem link para um documento online est\u00e3o dispon\u00edveis na hemeroteca f\u00edsica.<\/p>\n<ul>\n<li style=\"text-align: justify;\"><span style=\"color: #444444; line-height: 1.7;\">Artistas por nome<\/span><\/li>\n<\/ul>\n<p><a title=\"A\" href=\"https:\/\/bibliobelas.eba.ufmg.br\/index.php\/hemeroteca-2\/4073-2\/hemeroteca\/\">A<\/a>\u00a0&#8211;\u00a0<a title=\"B\" href=\"https:\/\/bibliobelas.eba.ufmg.br\/index.php\/hemeroteca-2\/4073-2\/b\/\">B<\/a>\u00a0&#8211;\u00a0<a title=\"C\" href=\"https:\/\/bibliobelas.eba.ufmg.br\/index.php\/hemeroteca-2\/4073-2\/c\/\">C<\/a>\u00a0&#8211;\u00a0<a title=\"D\" href=\"https:\/\/bibliobelas.eba.ufmg.br\/index.php\/hemeroteca-2\/4073-2\/d\/\">D<\/a>\u00a0<a title=\"E-F\" href=\"https:\/\/bibliobelas.eba.ufmg.br\/index.php\/hemeroteca-2\/4073-2\/e-f\/\">&#8211;\u00a0E \/ F<\/a>\u00a0<a title=\"G\" href=\"https:\/\/bibliobelas.eba.ufmg.br\/index.php\/hemeroteca-2\/4073-2\/g\/\">&#8211;\u00a0G<\/a>\u00a0<a title=\"H-K\" href=\"https:\/\/bibliobelas.eba.ufmg.br\/index.php\/hemeroteca-2\/4073-2\/h-k\/\">&#8211;\u00a0H \/ K<\/a>\u00a0<span style=\"color: #444444; line-height: 1.7;\"><a title=\"L\" href=\"https:\/\/bibliobelas.eba.ufmg.br\/index.php\/hemeroteca-2\/4073-2\/l\/\">&#8211;\u00a0L<\/a>\u00a0<\/span><a title=\"M\" href=\"https:\/\/bibliobelas.eba.ufmg.br\/index.php\/hemeroteca-2\/4073-2\/m\/\">&#8211;\u00a0M<\/a>\u00a0<a title=\"N-O\" href=\"https:\/\/bibliobelas.eba.ufmg.br\/index.php\/hemeroteca-2\/4073-2\/n-o\/\">&#8211;\u00a0N \/ O<\/a>\u00a0<span style=\"color: #444444; line-height: 1.7;\"><a title=\"P\" href=\"https:\/\/bibliobelas.eba.ufmg.br\/index.php\/hemeroteca-2\/4073-2\/p\/\">&#8211;\u00a0P<\/a>\u00a0<\/span><a title=\"Q-R\" href=\"https:\/\/bibliobelas.eba.ufmg.br\/index.php\/hemeroteca-2\/4073-2\/q-r\/\">&#8211;\u00a0Q \/ R<\/a>\u00a0<a title=\"S\" href=\"https:\/\/bibliobelas.eba.ufmg.br\/index.php\/hemeroteca-2\/4073-2\/s\/\">&#8211;\u00a0S<\/a>\u00a0<a title=\"T-U\" href=\"https:\/\/bibliobelas.eba.ufmg.br\/index.php\/hemeroteca-2\/4073-2\/t-u\/\">&#8211;\u00a0T \u00a0\/ U<\/a>\u00a0<a title=\"V-Z\" href=\"https:\/\/bibliobelas.eba.ufmg.br\/index.php\/hemeroteca-2\/4073-2\/v-z\/\"><span style=\"color: #444444; line-height: 1.7;\">&#8211;\u00a0V \/ \u00a0Z<\/span><\/a><\/p>\n<ul>\n<li><a href=\"http:\/\/1drv.ms\/1Fsz4O3\">Convites de exposi\u00e7\u00e3o<\/a><\/li>\n<\/ul>\n","protected":false},"excerpt":{"rendered":"<p>A biblioteca da Escola de Belas Artes possui uma hemeroteca com recortes de jornais e revistas com pastas individuais por artista e por assunto. Este acervo\u00a0est\u00e1 em processo de digitaliza\u00e7\u00e3o e ser\u00e3o gradativamente\u00a0inseridos em formato online. Os nomes das listagens abaixo que n\u00e3o fornecem link para um documento online est\u00e3o dispon\u00edveis na hemeroteca f\u00edsica. Artistas &hellip; <a href=\"https:\/\/bibliobelas.eba.ufmg.br\/index.php\/hemeroteca-2\/4073-2\/\" class=\"more-link\">Continue lendo <span class=\"screen-reader-text\">Artistas e convites<\/span> <span class=\"meta-nav\">&rarr;<\/span><\/a><\/p>\n","protected":false},"author":1,"featured_media":0,"parent":3257,"menu_order":1,"comment_status":"open","ping_status":"open","template":"","meta":{"footnotes":""},"class_list":["post-4073","page","type-page","status-publish","hentry"],"_links":{"self":[{"href":"https:\/\/bibliobelas.eba.ufmg.br\/index.php\/wp-json\/wp\/v2\/pages\/4073","targetHints":{"allow":["GET"]}}],"collection":[{"href":"https:\/\/bibliobelas.eba.ufmg.br\/index.php\/wp-json\/wp\/v2\/pages"}],"about":[{"href":"https:\/\/bibliobelas.eba.ufmg.br\/index.php\/wp-json\/wp\/v2\/types\/page"}],"author":[{"embeddable":true,"href":"https:\/\/bibliobelas.eba.ufmg.br\/index.php\/wp-json\/wp\/v2\/users\/1"}],"replies":[{"embeddable":true,"href":"https:\/\/bibliobelas.eba.ufmg.br\/index.php\/wp-json\/wp\/v2\/comments?post=4073"}],"version-history":[{"count":1,"href":"https:\/\/bibliobelas.eba.ufmg.br\/index.php\/wp-json\/wp\/v2\/pages\/4073\/revisions"}],"predecessor-version":[{"id":8485,"href":"https:\/\/bibliobelas.eba.ufmg.br\/index.php\/wp-json\/wp\/v2\/pages\/4073\/revisions\/8485"}],"up":[{"embeddable":true,"href":"https:\/\/bibliobelas.eba.ufmg.br\/index.php\/wp-json\/wp\/v2\/pages\/3257"}],"wp:attachment":[{"href":"https:\/\/bibliobelas.eba.ufmg.br\/index.php\/wp-json\/wp\/v2\/media?parent=4073"}],"curies":[{"name":"wp","href":"https:\/\/api.w.org\/{rel}","templated":true}]}}