{"id":4076,"date":"2015-04-28T20:23:10","date_gmt":"2015-04-28T22:23:10","guid":{"rendered":"https:\/\/bibliobelas.wordpress.com\/?page_id=4076"},"modified":"2025-03-10T17:19:08","modified_gmt":"2025-03-10T20:19:08","slug":"assunto","status":"publish","type":"page","link":"https:\/\/bibliobelas.eba.ufmg.br\/index.php\/hemeroteca-2\/assunto\/","title":{"rendered":"Assunto"},"content":{"rendered":"<p style=\"text-align: justify;\"><a href=\"https:\/\/bibliobelas.eba.ufmg.br\/wp-content\/uploads\/2010\/12\/eba-01-03-2010-0052.jpg\"><img loading=\"lazy\" decoding=\"async\" class=\"aligncenter size-full wp-image-377\" src=\"https:\/\/bibliobelas.eba.ufmg.br\/wp-content\/uploads\/2010\/12\/eba-01-03-2010-0052.jpg\" alt=\"Multimeios\" width=\"500\" height=\"187\" \/><\/a><\/p>\n<p style=\"text-align: justify;\">A biblioteca da Escola de Belas Artes possui uma hemeroteca com recortes de jornais e revistas com pastas individuais por artista.<\/p>\n<p style=\"text-align: justify;\">Este acervo\u00a0est\u00e1 em processo de digitaliza\u00e7\u00e3o e ser\u00e3o gradativamente\u00a0inseridos em formato online. Os nomes das listagens abaixo que n\u00e3o fornecem link para um documento online est\u00e3o dispon\u00edveis na hemeroteca f\u00edsica.<\/p>\n<ul>\n<li>Recortes por assunto :<\/li>\n<\/ul>\n<p>A-B-C-D-<a href=\"https:\/\/bibliobelas.eba.ufmg.br\/index.php\/hemeroteca-2\/assunto\/e-f\/\">E-F<\/a>-G-H-I-J-K-L-M-N-O-P-Q-R-S-T-U-V-X-Y-W-Z<\/p>\n\n\n<p><\/p>\n","protected":false},"excerpt":{"rendered":"<p>A biblioteca da Escola de Belas Artes possui uma hemeroteca com recortes de jornais e revistas com pastas individuais por artista. Este acervo\u00a0est\u00e1 em processo de digitaliza\u00e7\u00e3o e ser\u00e3o gradativamente\u00a0inseridos em formato online. Os nomes das listagens abaixo que n\u00e3o fornecem link para um documento online est\u00e3o dispon\u00edveis na hemeroteca f\u00edsica. Recortes por assunto : &hellip; <a href=\"https:\/\/bibliobelas.eba.ufmg.br\/index.php\/hemeroteca-2\/assunto\/\" class=\"more-link\">Continue lendo <span class=\"screen-reader-text\">Assunto<\/span> <span class=\"meta-nav\">&rarr;<\/span><\/a><\/p>\n","protected":false},"author":1,"featured_media":0,"parent":3257,"menu_order":2,"comment_status":"open","ping_status":"open","template":"","meta":{"footnotes":""},"class_list":["post-4076","page","type-page","status-publish","hentry"],"_links":{"self":[{"href":"https:\/\/bibliobelas.eba.ufmg.br\/index.php\/wp-json\/wp\/v2\/pages\/4076","targetHints":{"allow":["GET"]}}],"collection":[{"href":"https:\/\/bibliobelas.eba.ufmg.br\/index.php\/wp-json\/wp\/v2\/pages"}],"about":[{"href":"https:\/\/bibliobelas.eba.ufmg.br\/index.php\/wp-json\/wp\/v2\/types\/page"}],"author":[{"embeddable":true,"href":"https:\/\/bibliobelas.eba.ufmg.br\/index.php\/wp-json\/wp\/v2\/users\/1"}],"replies":[{"embeddable":true,"href":"https:\/\/bibliobelas.eba.ufmg.br\/index.php\/wp-json\/wp\/v2\/comments?post=4076"}],"version-history":[{"count":1,"href":"https:\/\/bibliobelas.eba.ufmg.br\/index.php\/wp-json\/wp\/v2\/pages\/4076\/revisions"}],"predecessor-version":[{"id":8483,"href":"https:\/\/bibliobelas.eba.ufmg.br\/index.php\/wp-json\/wp\/v2\/pages\/4076\/revisions\/8483"}],"up":[{"embeddable":true,"href":"https:\/\/bibliobelas.eba.ufmg.br\/index.php\/wp-json\/wp\/v2\/pages\/3257"}],"wp:attachment":[{"href":"https:\/\/bibliobelas.eba.ufmg.br\/index.php\/wp-json\/wp\/v2\/media?parent=4076"}],"curies":[{"name":"wp","href":"https:\/\/api.w.org\/{rel}","templated":true}]}}