{"id":4512,"date":"2016-06-27T18:45:58","date_gmt":"2016-06-27T20:45:58","guid":{"rendered":"https:\/\/bibliobelas.wordpress.com\/?page_id=4512"},"modified":"2016-06-27T18:45:58","modified_gmt":"2016-06-27T20:45:58","slug":"manifestacoes-artisticas","status":"publish","type":"page","link":"https:\/\/bibliobelas.eba.ufmg.br\/index.php\/galeria-3\/manifestacoes-artisticas\/","title":{"rendered":"Manifesta\u00e7\u00f5es art\u00edsticas"},"content":{"rendered":"<div id='gallery-1' class='gallery galleryid-4512 gallery-columns-3 gallery-size-thumbnail'><figure class='gallery-item'>\n\t\t\t<div class='gallery-icon landscape'>\n\t\t\t\t<a href='https:\/\/bibliobelas.eba.ufmg.br\/index.php\/galeria-3\/manifestacoes-artisticas\/04-07-2016-1\/'><img loading=\"lazy\" decoding=\"async\" width=\"150\" height=\"150\" src=\"https:\/\/bibliobelas.eba.ufmg.br\/wp-content\/uploads\/2016\/07\/04-07-2016-1-150x150.jpg\" class=\"attachment-thumbnail size-thumbnail\" alt=\"\" aria-describedby=\"gallery-1-4563\" \/><\/a>\n\t\t\t<\/div>\n\t\t\t\t<figcaption class='wp-caption-text gallery-caption' id='gallery-1-4563'>\n\t\t\t\t04 jul. 2016\n\t\t\t\t<\/figcaption><\/figure><figure class='gallery-item'>\n\t\t\t<div class='gallery-icon landscape'>\n\t\t\t\t<a href='https:\/\/bibliobelas.eba.ufmg.br\/index.php\/galeria-3\/manifestacoes-artisticas\/04-07-2016-2\/'><img loading=\"lazy\" decoding=\"async\" width=\"150\" height=\"150\" src=\"https:\/\/bibliobelas.eba.ufmg.br\/wp-content\/uploads\/2016\/07\/04-07-2016-2-150x150.jpg\" class=\"attachment-thumbnail size-thumbnail\" alt=\"\" aria-describedby=\"gallery-1-4564\" \/><\/a>\n\t\t\t<\/div>\n\t\t\t\t<figcaption class='wp-caption-text gallery-caption' id='gallery-1-4564'>\n\t\t\t\t04 jul. 2016\n\t\t\t\t<\/figcaption><\/figure><figure class='gallery-item'>\n\t\t\t<div class='gallery-icon portrait'>\n\t\t\t\t<a href='https:\/\/bibliobelas.eba.ufmg.br\/index.php\/galeria-3\/manifestacoes-artisticas\/04-07-2016-3\/'><img loading=\"lazy\" decoding=\"async\" width=\"150\" height=\"150\" src=\"https:\/\/bibliobelas.eba.ufmg.br\/wp-content\/uploads\/2016\/07\/04-07-2016-3-150x150.jpg\" class=\"attachment-thumbnail size-thumbnail\" alt=\"\" aria-describedby=\"gallery-1-4565\" srcset=\"https:\/\/bibliobelas.eba.ufmg.br\/wp-content\/uploads\/2016\/07\/04-07-2016-3-150x150.jpg 150w, https:\/\/bibliobelas.eba.ufmg.br\/wp-content\/uploads\/2016\/07\/04-07-2016-3-300x300.jpg 300w, https:\/\/bibliobelas.eba.ufmg.br\/wp-content\/uploads\/2016\/07\/04-07-2016-3-1024x1024.jpg 1024w, https:\/\/bibliobelas.eba.ufmg.br\/wp-content\/uploads\/2016\/07\/04-07-2016-3-768x769.jpg 768w, https:\/\/bibliobelas.eba.ufmg.br\/wp-content\/uploads\/2016\/07\/04-07-2016-3-1536x1536.jpg 1536w, https:\/\/bibliobelas.eba.ufmg.br\/wp-content\/uploads\/2016\/07\/04-07-2016-3-2046x2048.jpg 2046w\" sizes=\"auto, (max-width: 150px) 100vw, 150px\" \/><\/a>\n\t\t\t<\/div>\n\t\t\t\t<figcaption class='wp-caption-text gallery-caption' id='gallery-1-4565'>\n\t\t\t\t04 jul. 2016\n\t\t\t\t<\/figcaption><\/figure><figure class='gallery-item'>\n\t\t\t<div class='gallery-icon landscape'>\n\t\t\t\t<a href='https:\/\/bibliobelas.eba.ufmg.br\/index.php\/galeria-3\/manifestacoes-artisticas\/04-07-2016-4\/'><img loading=\"lazy\" decoding=\"async\" width=\"150\" height=\"150\" src=\"https:\/\/bibliobelas.eba.ufmg.br\/wp-content\/uploads\/2016\/07\/04-07-2016-4-150x150.jpg\" class=\"attachment-thumbnail size-thumbnail\" alt=\"\" aria-describedby=\"gallery-1-4566\" \/><\/a>\n\t\t\t<\/div>\n\t\t\t\t<figcaption class='wp-caption-text gallery-caption' id='gallery-1-4566'>\n\t\t\t\t04 jul. 2016\n\t\t\t\t<\/figcaption><\/figure>\n\t\t<\/div>\n\n<p>&nbsp;<\/p>\n<figure id=\"attachment_4520\" aria-describedby=\"caption-attachment-4520\" style=\"width: 3998px\" class=\"wp-caption alignnone\"><img loading=\"lazy\" decoding=\"async\" class=\"alignnone size-full wp-image-4520\" src=\"https:\/\/bibliobelas.eba.ufmg.br\/wp-content\/uploads\/2016\/06\/img_20160628_135830592-01.jpg\" alt=\"IMG_20160628_135830592-01\" width=\"3998\" height=\"2180\" \/><figcaption id=\"caption-attachment-4520\" class=\"wp-caption-text\">28\/06\/2016<\/figcaption><\/figure>\n<p><img loading=\"lazy\" decoding=\"async\" class=\"alignnone size-full wp-image-4561\" src=\"https:\/\/bibliobelas.eba.ufmg.br\/wp-content\/uploads\/2016\/06\/img_20160630_123452455_hdr-01.jpg\" alt=\"IMG_20160630_123452455_HDR-01\" width=\"2969\" height=\"3321\" \/><\/p>\n","protected":false},"excerpt":{"rendered":"<p>&nbsp;<\/p>\n","protected":false},"author":1,"featured_media":0,"parent":603,"menu_order":4,"comment_status":"closed","ping_status":"closed","template":"","meta":{"footnotes":""},"class_list":["post-4512","page","type-page","status-publish","hentry"],"_links":{"self":[{"href":"https:\/\/bibliobelas.eba.ufmg.br\/index.php\/wp-json\/wp\/v2\/pages\/4512","targetHints":{"allow":["GET"]}}],"collection":[{"href":"https:\/\/bibliobelas.eba.ufmg.br\/index.php\/wp-json\/wp\/v2\/pages"}],"about":[{"href":"https:\/\/bibliobelas.eba.ufmg.br\/index.php\/wp-json\/wp\/v2\/types\/page"}],"author":[{"embeddable":true,"href":"https:\/\/bibliobelas.eba.ufmg.br\/index.php\/wp-json\/wp\/v2\/users\/1"}],"replies":[{"embeddable":true,"href":"https:\/\/bibliobelas.eba.ufmg.br\/index.php\/wp-json\/wp\/v2\/comments?post=4512"}],"version-history":[{"count":0,"href":"https:\/\/bibliobelas.eba.ufmg.br\/index.php\/wp-json\/wp\/v2\/pages\/4512\/revisions"}],"up":[{"embeddable":true,"href":"https:\/\/bibliobelas.eba.ufmg.br\/index.php\/wp-json\/wp\/v2\/pages\/603"}],"wp:attachment":[{"href":"https:\/\/bibliobelas.eba.ufmg.br\/index.php\/wp-json\/wp\/v2\/media?parent=4512"}],"curies":[{"name":"wp","href":"https:\/\/api.w.org\/{rel}","templated":true}]}}