{"id":4659,"date":"2017-01-20T13:08:05","date_gmt":"2017-01-20T15:08:05","guid":{"rendered":"https:\/\/bibliobelas.wordpress.com\/?page_id=4659"},"modified":"2023-03-05T13:49:50","modified_gmt":"2023-03-05T16:49:50","slug":"horario-de-funcionamento","status":"publish","type":"page","link":"https:\/\/bibliobelas.eba.ufmg.br\/index.php\/a-biblioteca\/horario-de-funcionamento\/","title":{"rendered":"Hor\u00e1rio de funcionamento"},"content":{"rendered":"<p>Hor\u00e1rio de funcionamento da Biblioteca da Escola de Belas Artes:<\/p>\n<p><strong>7h30m \u00e0s 22h (de segunda a sexta-feira, em dias \u00fateis).<\/strong><\/p>\n<p>\u00a0<\/p>\n\n\n<p><\/p>\n","protected":false},"excerpt":{"rendered":"<p>Hor\u00e1rio de funcionamento da Biblioteca da Escola de Belas Artes: 7h30m \u00e0s 22h (de segunda a sexta-feira, em dias \u00fateis). \u00a0<\/p>\n","protected":false},"author":1,"featured_media":0,"parent":20,"menu_order":2,"comment_status":"closed","ping_status":"closed","template":"","meta":{"footnotes":""},"class_list":["post-4659","page","type-page","status-publish","hentry"],"_links":{"self":[{"href":"https:\/\/bibliobelas.eba.ufmg.br\/index.php\/wp-json\/wp\/v2\/pages\/4659","targetHints":{"allow":["GET"]}}],"collection":[{"href":"https:\/\/bibliobelas.eba.ufmg.br\/index.php\/wp-json\/wp\/v2\/pages"}],"about":[{"href":"https:\/\/bibliobelas.eba.ufmg.br\/index.php\/wp-json\/wp\/v2\/types\/page"}],"author":[{"embeddable":true,"href":"https:\/\/bibliobelas.eba.ufmg.br\/index.php\/wp-json\/wp\/v2\/users\/1"}],"replies":[{"embeddable":true,"href":"https:\/\/bibliobelas.eba.ufmg.br\/index.php\/wp-json\/wp\/v2\/comments?post=4659"}],"version-history":[{"count":1,"href":"https:\/\/bibliobelas.eba.ufmg.br\/index.php\/wp-json\/wp\/v2\/pages\/4659\/revisions"}],"predecessor-version":[{"id":7662,"href":"https:\/\/bibliobelas.eba.ufmg.br\/index.php\/wp-json\/wp\/v2\/pages\/4659\/revisions\/7662"}],"up":[{"embeddable":true,"href":"https:\/\/bibliobelas.eba.ufmg.br\/index.php\/wp-json\/wp\/v2\/pages\/20"}],"wp:attachment":[{"href":"https:\/\/bibliobelas.eba.ufmg.br\/index.php\/wp-json\/wp\/v2\/media?parent=4659"}],"curies":[{"name":"wp","href":"https:\/\/api.w.org\/{rel}","templated":true}]}}