{"id":56,"date":"2010-11-11T17:31:37","date_gmt":"2010-11-11T19:31:37","guid":{"rendered":"http:\/\/bibliobelas.wordpress.com\/"},"modified":"2025-03-10T16:09:16","modified_gmt":"2025-03-10T19:09:16","slug":"guia-do-usuario","status":"publish","type":"page","link":"https:\/\/bibliobelas.eba.ufmg.br\/index.php\/a-biblioteca\/guia-do-usuario\/","title":{"rendered":"Guia do Usu\u00e1rio"},"content":{"rendered":"\n<p>Nesse guia o usu\u00e1rio encontra orienta\u00e7\u00f5es acerca do cadastro, empr\u00e9stimo de obras, renova\u00e7\u00e3o pela internet, cobran\u00e7a de taxas, entre outras informa\u00e7\u00f5es de interesse da comunidade usu\u00e1ria do Sistema de Bibliotecas da UFMG.<\/p>\n\n\n\n<p><a href=\"https:\/\/www.bu.ufmg.br\/bu_atual\/comunicacao\/guia-do-usuario\/\" target=\"_blank\" rel=\"noreferrer noopener\">Guia do Usu\u00e1rio:<\/a><\/p>\n\n\n\n<figure class=\"wp-block-image size-large\"><img loading=\"lazy\" decoding=\"async\" width=\"1024\" height=\"576\" src=\"https:\/\/bibliobelas.eba.ufmg.br\/wp-content\/uploads\/2025\/03\/Guia-do-usuario-1024x576.jpg\" alt=\"\" class=\"wp-image-8446\" srcset=\"https:\/\/bibliobelas.eba.ufmg.br\/wp-content\/uploads\/2025\/03\/Guia-do-usuario-1024x576.jpg 1024w, https:\/\/bibliobelas.eba.ufmg.br\/wp-content\/uploads\/2025\/03\/Guia-do-usuario-300x169.jpg 300w, https:\/\/bibliobelas.eba.ufmg.br\/wp-content\/uploads\/2025\/03\/Guia-do-usuario-768x432.jpg 768w, https:\/\/bibliobelas.eba.ufmg.br\/wp-content\/uploads\/2025\/03\/Guia-do-usuario-1536x864.jpg 1536w, https:\/\/bibliobelas.eba.ufmg.br\/wp-content\/uploads\/2025\/03\/Guia-do-usuario.jpg 1600w\" sizes=\"auto, (max-width: 1024px) 100vw, 1024px\" \/><\/figure>\n\n\n\n<p><\/p>\n\n\n\n<hr class=\"wp-block-separator has-alpha-channel-opacity\"\/>\n\n\n\n<p>As informa\u00e7\u00f5es necess\u00e1rias aos usu\u00e1rios tamb\u00e9m est\u00e3o dispon\u00edveis no Portal de Circula\u00e7\u00e3o do Sistema de Bibliotecas da UFMG<\/p>\n\n\n\n<p class=\"has-text-align-center\">Clique na imagem abaixo ou acesse: https:\/\/www.bu.ufmg.br\/gcirculacao\/<\/p>\n\n\n<div class=\"wp-block-image\">\n<figure class=\"aligncenter size-large\"><a href=\"https:\/\/www.bu.ufmg.br\/gcirculacao\/\" target=\"_blank\" rel=\"noreferrer noopener\"><img loading=\"lazy\" decoding=\"async\" width=\"1024\" height=\"487\" src=\"https:\/\/bibliobelas.eba.ufmg.br\/wp-content\/uploads\/2022\/12\/portal-do-grupo-de-circulacao-img-1-1024x487.png\" alt=\"\" class=\"wp-image-7541\" srcset=\"https:\/\/bibliobelas.eba.ufmg.br\/wp-content\/uploads\/2022\/12\/portal-do-grupo-de-circulacao-img-1-1024x487.png 1024w, https:\/\/bibliobelas.eba.ufmg.br\/wp-content\/uploads\/2022\/12\/portal-do-grupo-de-circulacao-img-1-300x143.png 300w, https:\/\/bibliobelas.eba.ufmg.br\/wp-content\/uploads\/2022\/12\/portal-do-grupo-de-circulacao-img-1-768x365.png 768w, https:\/\/bibliobelas.eba.ufmg.br\/wp-content\/uploads\/2022\/12\/portal-do-grupo-de-circulacao-img-1-1536x731.png 1536w, https:\/\/bibliobelas.eba.ufmg.br\/wp-content\/uploads\/2022\/12\/portal-do-grupo-de-circulacao-img-1.png 1579w\" sizes=\"auto, (max-width: 1024px) 100vw, 1024px\" \/><\/a><\/figure>\n<\/div>\n\n\n<p><\/p>\n","protected":false},"excerpt":{"rendered":"<p>Nesse guia o usu\u00e1rio encontra orienta\u00e7\u00f5es acerca do cadastro, empr\u00e9stimo de obras, renova\u00e7\u00e3o pela internet, cobran\u00e7a de taxas, entre outras informa\u00e7\u00f5es de interesse da comunidade usu\u00e1ria do Sistema de Bibliotecas da UFMG. Guia do Usu\u00e1rio: As informa\u00e7\u00f5es necess\u00e1rias aos usu\u00e1rios tamb\u00e9m est\u00e3o dispon\u00edveis no Portal de Circula\u00e7\u00e3o do Sistema de Bibliotecas da UFMG Clique na &hellip; <a href=\"https:\/\/bibliobelas.eba.ufmg.br\/index.php\/a-biblioteca\/guia-do-usuario\/\" class=\"more-link\">Continue lendo <span class=\"screen-reader-text\">Guia do Usu\u00e1rio<\/span> <span class=\"meta-nav\">&rarr;<\/span><\/a><\/p>\n","protected":false},"author":1,"featured_media":0,"parent":20,"menu_order":5,"comment_status":"closed","ping_status":"open","template":"","meta":{"footnotes":""},"class_list":["post-56","page","type-page","status-publish","hentry"],"_links":{"self":[{"href":"https:\/\/bibliobelas.eba.ufmg.br\/index.php\/wp-json\/wp\/v2\/pages\/56","targetHints":{"allow":["GET"]}}],"collection":[{"href":"https:\/\/bibliobelas.eba.ufmg.br\/index.php\/wp-json\/wp\/v2\/pages"}],"about":[{"href":"https:\/\/bibliobelas.eba.ufmg.br\/index.php\/wp-json\/wp\/v2\/types\/page"}],"author":[{"embeddable":true,"href":"https:\/\/bibliobelas.eba.ufmg.br\/index.php\/wp-json\/wp\/v2\/users\/1"}],"replies":[{"embeddable":true,"href":"https:\/\/bibliobelas.eba.ufmg.br\/index.php\/wp-json\/wp\/v2\/comments?post=56"}],"version-history":[{"count":6,"href":"https:\/\/bibliobelas.eba.ufmg.br\/index.php\/wp-json\/wp\/v2\/pages\/56\/revisions"}],"predecessor-version":[{"id":8447,"href":"https:\/\/bibliobelas.eba.ufmg.br\/index.php\/wp-json\/wp\/v2\/pages\/56\/revisions\/8447"}],"up":[{"embeddable":true,"href":"https:\/\/bibliobelas.eba.ufmg.br\/index.php\/wp-json\/wp\/v2\/pages\/20"}],"wp:attachment":[{"href":"https:\/\/bibliobelas.eba.ufmg.br\/index.php\/wp-json\/wp\/v2\/media?parent=56"}],"curies":[{"name":"wp","href":"https:\/\/api.w.org\/{rel}","templated":true}]}}