{"id":5997,"date":"2021-02-18T00:04:14","date_gmt":"2021-02-18T03:04:14","guid":{"rendered":"https:\/\/bibliobelas.wordpress.com\/?page_id=5997"},"modified":"2024-09-23T17:53:09","modified_gmt":"2024-09-23T20:53:09","slug":"minha-biblioteca","status":"publish","type":"page","link":"https:\/\/bibliobelas.eba.ufmg.br\/index.php\/e-books\/minha-biblioteca\/","title":{"rendered":"Minha Biblioteca"},"content":{"rendered":"\n<p><strong>Apresenta\u00e7\u00e3o:<\/strong><\/p>\n\n\n\n<p class=\"has-text-align-justify\">A Plataforma Minha Biblioteca foi contratada pela UFMG em 2021, para disponibilizar aos Alunos de Gradua\u00e7\u00e3o e Docentes da UFMG, milhares de livros em suporte E-book, incluindo diversas ferramentas para estudo e leitura. A plataforma possui um vasto acervo de t\u00edtulos t\u00e9cnicos e cient\u00edficos.<\/p>\n\n\n\n<p class=\"has-text-align-justify\">Formada por mais de&nbsp;15&nbsp;grandes editoras acad\u00eamicas do Brasil e 38 selos editoriais, por meio da Minha Biblioteca, estudantes, professores e profissionais t\u00eam acesso r\u00e1pido, f\u00e1cil e simult\u00e2neo a milhares de t\u00edtulos, basta que haja acesso \u00e0 internet.<\/p>\n\n\n\n<p class=\"has-text-align-justify\">Com um amplo acervo multidisciplinar, s\u00e3o&nbsp;milhares de t\u00edtulos&nbsp;t\u00e9cnicos, acad\u00eamicos e cient\u00edficos, em portugu\u00eas, divididos em 7 cat\u00e1logos: Medicina, Sa\u00fade, Exatas, Jur\u00eddica, Sociais Aplicadas, Pedag\u00f3gica e Artes &amp; Letras, que atendem \u00e0 bibliografia de mais de 250 cursos de gradua\u00e7\u00e3o.<\/p>\n\n\n\n<hr class=\"wp-block-separator has-css-opacity\"\/>\n\n\n\n<p><strong>Principais editoras contempladas:<\/strong><\/p>\n\n\n\n<figure class=\"wp-block-image size-large\"><a href=\"https:\/\/bibliobelas.eba.ufmg.br\/wp-content\/uploads\/2021\/03\/editoras_mb.jpg\"><img loading=\"lazy\" decoding=\"async\" width=\"556\" height=\"475\" src=\"https:\/\/bibliobelas.eba.ufmg.br\/wp-content\/uploads\/2021\/03\/editoras_mb.jpg?w=556\" alt=\"\" class=\"wp-image-6183\" srcset=\"https:\/\/bibliobelas.eba.ufmg.br\/wp-content\/uploads\/2021\/03\/editoras_mb.jpg 556w, https:\/\/bibliobelas.eba.ufmg.br\/wp-content\/uploads\/2021\/03\/editoras_mb-300x256.jpg 300w\" sizes=\"auto, (max-width: 556px) 100vw, 556px\" \/><\/a><\/figure>\n\n\n\n<hr class=\"wp-block-separator has-css-opacity\"\/>\n\n\n\n<p><strong><strong>Cadastro no Minha Biblioteca<\/strong>:<\/strong><\/p>\n\n\n\n<p class=\"has-text-align-justify\">Para utilizar os servi\u00e7os disponibilizados, o usu\u00e1rio dever\u00e1 acessar o Cat\u00e1logo Pergamum, selecionar o suporte \u201cEbook\u201d (filtro opcional), em \u201cTipo de obra\u201d, selecionar o termo livre na Pesquisa Geral, (Exemplo: A hist\u00f3ria da arte Gombrich), e ap\u00f3s a recupera\u00e7\u00e3o, clicar no \u00edcone&nbsp;<em>on-line<\/em>\/cadeado, do registro. Em seguida, ser\u00e1 exibido um&nbsp;<em>pop-up<\/em>&nbsp;para que seja preenchido com suas credenciais do Sistema Pergamum. O usu\u00e1rio ser\u00e1, ent\u00e3o, redirecionado para o cadastro na Plataforma.&nbsp;Esse processo ser\u00e1 exigido apenas uma vez, os acessos seguintes, mediante autentica\u00e7\u00e3o, ser\u00e3o vinculados automaticamente \u00e0 conta do usu\u00e1rio na &#8216;Minha Biblioteca&#8217;.<\/p>\n\n\n\n<hr class=\"wp-block-separator has-css-opacity\"\/>\n\n\n\n<p><strong>Acesso a &#8216;Minha Biblioteca&#8217;:<\/strong><\/p>\n\n\n\n<ul class=\"wp-block-list\">\n<li>Exemplo de acesso ao e-book:<\/li>\n<\/ul>\n\n\n\n<figure class=\"wp-block-image size-large\"><a href=\"https:\/\/bibliobelas.eba.ufmg.br\/wp-content\/uploads\/2021\/03\/screen-shot-16-03-21-at-03-18-49-am.jpg\"><img loading=\"lazy\" decoding=\"async\" width=\"886\" height=\"484\" src=\"https:\/\/bibliobelas.eba.ufmg.br\/wp-content\/uploads\/2021\/03\/screen-shot-16-03-21-at-03-18-49-am.jpg?w=886\" alt=\"\" class=\"wp-image-6190\" srcset=\"https:\/\/bibliobelas.eba.ufmg.br\/wp-content\/uploads\/2021\/03\/screen-shot-16-03-21-at-03-18-49-am.jpg 886w, https:\/\/bibliobelas.eba.ufmg.br\/wp-content\/uploads\/2021\/03\/screen-shot-16-03-21-at-03-18-49-am-300x164.jpg 300w, https:\/\/bibliobelas.eba.ufmg.br\/wp-content\/uploads\/2021\/03\/screen-shot-16-03-21-at-03-18-49-am-768x420.jpg 768w\" sizes=\"auto, (max-width: 886px) 100vw, 886px\" \/><\/a><\/figure>\n\n\n\n<hr class=\"wp-block-separator has-css-opacity\"\/>\n\n\n\n<ul class=\"wp-block-list\">\n<li>Acesso \u00e0 obra na \u00edntegra:<\/li>\n<\/ul>\n\n\n\n<figure class=\"wp-block-image size-large\"><a href=\"https:\/\/bibliobelas.eba.ufmg.br\/wp-content\/uploads\/2021\/03\/screen-shot-16-03-21-at-02-30-43-am.jpg\"><img loading=\"lazy\" decoding=\"async\" width=\"1361\" height=\"713\" src=\"https:\/\/bibliobelas.eba.ufmg.br\/wp-content\/uploads\/2021\/03\/screen-shot-16-03-21-at-02-30-43-am.jpg?w=1024\" alt=\"\" class=\"wp-image-6192\" srcset=\"https:\/\/bibliobelas.eba.ufmg.br\/wp-content\/uploads\/2021\/03\/screen-shot-16-03-21-at-02-30-43-am.jpg 1361w, https:\/\/bibliobelas.eba.ufmg.br\/wp-content\/uploads\/2021\/03\/screen-shot-16-03-21-at-02-30-43-am-300x157.jpg 300w, https:\/\/bibliobelas.eba.ufmg.br\/wp-content\/uploads\/2021\/03\/screen-shot-16-03-21-at-02-30-43-am-1024x536.jpg 1024w, https:\/\/bibliobelas.eba.ufmg.br\/wp-content\/uploads\/2021\/03\/screen-shot-16-03-21-at-02-30-43-am-768x402.jpg 768w\" sizes=\"auto, (max-width: 1361px) 100vw, 1361px\" \/><\/a><\/figure>\n\n\n\n<figure class=\"wp-block-image size-large\"><a href=\"https:\/\/bibliobelas.eba.ufmg.br\/wp-content\/uploads\/2021\/03\/screen-shot-16-03-21-at-03-30-04-am.jpg\"><img loading=\"lazy\" decoding=\"async\" width=\"1365\" height=\"724\" src=\"https:\/\/bibliobelas.eba.ufmg.br\/wp-content\/uploads\/2021\/03\/screen-shot-16-03-21-at-03-30-04-am.jpg?w=1024\" alt=\"\" class=\"wp-image-6194\" srcset=\"https:\/\/bibliobelas.eba.ufmg.br\/wp-content\/uploads\/2021\/03\/screen-shot-16-03-21-at-03-30-04-am.jpg 1365w, https:\/\/bibliobelas.eba.ufmg.br\/wp-content\/uploads\/2021\/03\/screen-shot-16-03-21-at-03-30-04-am-300x159.jpg 300w, https:\/\/bibliobelas.eba.ufmg.br\/wp-content\/uploads\/2021\/03\/screen-shot-16-03-21-at-03-30-04-am-1024x543.jpg 1024w, https:\/\/bibliobelas.eba.ufmg.br\/wp-content\/uploads\/2021\/03\/screen-shot-16-03-21-at-03-30-04-am-768x407.jpg 768w\" sizes=\"auto, (max-width: 1365px) 100vw, 1365px\" \/><\/a><\/figure>\n\n\n\n<hr class=\"wp-block-separator has-css-opacity\"\/>\n\n\n\n<ul class=\"wp-block-list\">\n<li>O usu\u00e1rio poder\u00e1, a seu crit\u00e9rio, pesquisar as obras dentro da pr\u00f3pria Plataforma ao inv\u00e9s de utilizar o Sistema Pergamum:<\/li>\n<\/ul>\n\n\n\n<figure class=\"wp-block-image size-large\"><a href=\"https:\/\/bibliobelas.eba.ufmg.br\/wp-content\/uploads\/2021\/03\/catalogo_mb.jpg\"><img loading=\"lazy\" decoding=\"async\" width=\"1366\" height=\"721\" src=\"https:\/\/bibliobelas.eba.ufmg.br\/wp-content\/uploads\/2021\/03\/catalogo_mb.jpg?w=1024\" alt=\"\" class=\"wp-image-6196\" srcset=\"https:\/\/bibliobelas.eba.ufmg.br\/wp-content\/uploads\/2021\/03\/catalogo_mb.jpg 1366w, https:\/\/bibliobelas.eba.ufmg.br\/wp-content\/uploads\/2021\/03\/catalogo_mb-300x158.jpg 300w, https:\/\/bibliobelas.eba.ufmg.br\/wp-content\/uploads\/2021\/03\/catalogo_mb-1024x540.jpg 1024w, https:\/\/bibliobelas.eba.ufmg.br\/wp-content\/uploads\/2021\/03\/catalogo_mb-768x405.jpg 768w\" sizes=\"auto, (max-width: 1366px) 100vw, 1366px\" \/><\/a><\/figure>\n\n\n\n<hr class=\"wp-block-separator has-css-opacity\"\/>\n\n\n\n<p><strong>Acesso por navegadores:<\/strong><\/p>\n\n\n\n<p class=\"has-text-align-justify\"><span style=\"text-decoration:underline;\">Importante<\/span>: O acesso \u00e0 plataforma por navegadores (Chrome, Firefox, Internet Explorer, Safari, etc.), dever\u00e1 ser feito, <strong><span style=\"text-decoration:underline;\">passando obrigatoriamente pelo Sistema Pergamum<\/span><\/strong>. N\u00e3o h\u00e1 possibilidade de realizar a autentica\u00e7\u00e3o de usu\u00e1rio (login\/senha) na &#8216;Minha Biblioteca&#8217; atrav\u00e9s do site principal <a href=\"https:\/\/minhabiblioteca.com.br\/\">https:\/\/minhabiblioteca.com.br<\/a>. O usu\u00e1rio dever\u00e1 buscar um livro, clicar no cadeado, realizar a autentica\u00e7\u00e3o e aguardar o redirecionamento conforme detalhado acima.<\/p>\n\n\n\n<hr class=\"wp-block-separator has-css-opacity\"\/>\n\n\n\n<p><strong>Disponibilidade de acesso em dispositivos Android e Apple:<\/strong><\/p>\n\n\n\n<ul class=\"wp-block-list\">\n<li>A leitura poder\u00e1 ser feita, tamb\u00e9m, em <em>Smartphones<\/em>,<em> Tablets<\/em> e similares. O usu\u00e1rio dever\u00e1 baixar o <em>app<\/em> nas lojas de aplicativos de sua prefer\u00eancia. A autentica\u00e7\u00e3o de usu\u00e1rio, neste caso dever\u00e1 ser feita pelo <em>app<\/em>.<\/li>\n<\/ul>\n\n\n\n<figure class=\"wp-block-image size-large\"><a href=\"https:\/\/bibliobelas.eba.ufmg.br\/wp-content\/uploads\/2021\/03\/android_mb-1.jpg\"><img loading=\"lazy\" decoding=\"async\" width=\"929\" height=\"714\" src=\"https:\/\/bibliobelas.eba.ufmg.br\/wp-content\/uploads\/2021\/03\/android_mb-1.jpg?w=929\" alt=\"\" class=\"wp-image-6201\" srcset=\"https:\/\/bibliobelas.eba.ufmg.br\/wp-content\/uploads\/2021\/03\/android_mb-1.jpg 929w, https:\/\/bibliobelas.eba.ufmg.br\/wp-content\/uploads\/2021\/03\/android_mb-1-300x231.jpg 300w, https:\/\/bibliobelas.eba.ufmg.br\/wp-content\/uploads\/2021\/03\/android_mb-1-768x590.jpg 768w\" sizes=\"auto, (max-width: 929px) 100vw, 929px\" \/><\/a><figcaption class=\"wp-element-caption\">Android<\/figcaption><\/figure>\n\n\n\n<hr class=\"wp-block-separator has-css-opacity\"\/>\n\n\n\n<figure class=\"wp-block-image size-large\"><a href=\"https:\/\/bibliobelas.eba.ufmg.br\/wp-content\/uploads\/2021\/03\/apple_mb-1.jpg\"><img loading=\"lazy\" decoding=\"async\" width=\"838\" height=\"767\" src=\"https:\/\/bibliobelas.eba.ufmg.br\/wp-content\/uploads\/2021\/03\/apple_mb-1.jpg?w=838\" alt=\"\" class=\"wp-image-6202\" srcset=\"https:\/\/bibliobelas.eba.ufmg.br\/wp-content\/uploads\/2021\/03\/apple_mb-1.jpg 838w, https:\/\/bibliobelas.eba.ufmg.br\/wp-content\/uploads\/2021\/03\/apple_mb-1-300x275.jpg 300w, https:\/\/bibliobelas.eba.ufmg.br\/wp-content\/uploads\/2021\/03\/apple_mb-1-768x703.jpg 768w\" sizes=\"auto, (max-width: 838px) 100vw, 838px\" \/><\/a><figcaption class=\"wp-element-caption\">Apple<\/figcaption><\/figure>\n\n\n\n<hr class=\"wp-block-separator has-css-opacity\"\/>\n\n\n\n<p>Aprenda mais baixando<strong> <\/strong>o<strong> <a rel=\"noreferrer noopener\" href=\"https:\/\/bibliobelas.eba.ufmg.br\/wp-content\/uploads\/2021\/03\/tutorial_mb_online_2020.pdf\" target=\"_blank\"><span style=\"color:#015ea2;\" class=\"has-inline-color\">Tutorial Minha Biblioteca<\/span><\/a> <\/strong>em pdf.<\/p>\n\n\n\n<hr class=\"wp-block-separator has-css-opacity\"\/>\n\n\n\n<p><strong>Acesso pelo Pergamum<\/strong><\/p>\n\n\n\n<p class=\"has-text-align-justify\">O acesso \u00e0 Plataforma Minha Biblioteca tamb\u00e9m poder\u00e1 ser feito atrav\u00e9s do Acesso Usu\u00e1rio no Pergamum. Basta que o(a) usu\u00e1rio(a) acesse a sua conta, e clique em &#8220;Base de dados&#8221;. Ser\u00e1 mostrado as plataformas dispon\u00edveis. \u00c9 necess\u00e1rio o cadastro pr\u00e9vio na Biblioteca da unidade do aluno. Confira:<\/p>\n\n\n<div class=\"wp-block-image\">\n<figure class=\"aligncenter size-large\"><a href=\"https:\/\/bibliobelas.eba.ufmg.br\/wp-content\/uploads\/2024\/09\/Minha-Biblioteca2-1.jpg\"><img loading=\"lazy\" decoding=\"async\" width=\"1024\" height=\"348\" src=\"https:\/\/bibliobelas.eba.ufmg.br\/wp-content\/uploads\/2024\/09\/Minha-Biblioteca2-1024x348.jpg\" alt=\"\" class=\"wp-image-8317\" srcset=\"https:\/\/bibliobelas.eba.ufmg.br\/wp-content\/uploads\/2024\/09\/Minha-Biblioteca2-1024x348.jpg 1024w, https:\/\/bibliobelas.eba.ufmg.br\/wp-content\/uploads\/2024\/09\/Minha-Biblioteca2-300x102.jpg 300w, https:\/\/bibliobelas.eba.ufmg.br\/wp-content\/uploads\/2024\/09\/Minha-Biblioteca2-768x261.jpg 768w, https:\/\/bibliobelas.eba.ufmg.br\/wp-content\/uploads\/2024\/09\/Minha-Biblioteca2-1536x522.jpg 1536w, https:\/\/bibliobelas.eba.ufmg.br\/wp-content\/uploads\/2024\/09\/Minha-Biblioteca2.jpg 1911w\" sizes=\"auto, (max-width: 1024px) 100vw, 1024px\" \/><\/a><\/figure>\n<\/div>\n\n\n<hr class=\"wp-block-separator has-alpha-channel-opacity\"\/>\n\n\n\n<p>D\u00favidas? Entre em contato: <strong>bib-referencia@eba.ufmg.br<\/strong><\/p>\n\n\n\n<p><\/p>\n","protected":false},"excerpt":{"rendered":"<p>Apresenta\u00e7\u00e3o: A Plataforma Minha Biblioteca foi contratada pela UFMG em 2021, para disponibilizar aos Alunos de Gradua\u00e7\u00e3o e Docentes da UFMG, milhares de livros em suporte E-book, incluindo diversas ferramentas para estudo e leitura. A plataforma possui um vasto acervo de t\u00edtulos t\u00e9cnicos e cient\u00edficos. Formada por mais de&nbsp;15&nbsp;grandes editoras acad\u00eamicas do Brasil e 38 &hellip; <a href=\"https:\/\/bibliobelas.eba.ufmg.br\/index.php\/e-books\/minha-biblioteca\/\" class=\"more-link\">Continue lendo <span class=\"screen-reader-text\">Minha Biblioteca<\/span> <span class=\"meta-nav\">&rarr;<\/span><\/a><\/p>\n","protected":false},"author":1,"featured_media":0,"parent":5954,"menu_order":12,"comment_status":"closed","ping_status":"closed","template":"","meta":{"footnotes":""},"class_list":["post-5997","page","type-page","status-publish","hentry"],"_links":{"self":[{"href":"https:\/\/bibliobelas.eba.ufmg.br\/index.php\/wp-json\/wp\/v2\/pages\/5997","targetHints":{"allow":["GET"]}}],"collection":[{"href":"https:\/\/bibliobelas.eba.ufmg.br\/index.php\/wp-json\/wp\/v2\/pages"}],"about":[{"href":"https:\/\/bibliobelas.eba.ufmg.br\/index.php\/wp-json\/wp\/v2\/types\/page"}],"author":[{"embeddable":true,"href":"https:\/\/bibliobelas.eba.ufmg.br\/index.php\/wp-json\/wp\/v2\/users\/1"}],"replies":[{"embeddable":true,"href":"https:\/\/bibliobelas.eba.ufmg.br\/index.php\/wp-json\/wp\/v2\/comments?post=5997"}],"version-history":[{"count":3,"href":"https:\/\/bibliobelas.eba.ufmg.br\/index.php\/wp-json\/wp\/v2\/pages\/5997\/revisions"}],"predecessor-version":[{"id":8320,"href":"https:\/\/bibliobelas.eba.ufmg.br\/index.php\/wp-json\/wp\/v2\/pages\/5997\/revisions\/8320"}],"up":[{"embeddable":true,"href":"https:\/\/bibliobelas.eba.ufmg.br\/index.php\/wp-json\/wp\/v2\/pages\/5954"}],"wp:attachment":[{"href":"https:\/\/bibliobelas.eba.ufmg.br\/index.php\/wp-json\/wp\/v2\/media?parent=5997"}],"curies":[{"name":"wp","href":"https:\/\/api.w.org\/{rel}","templated":true}]}}