{"id":603,"date":"2011-03-10T20:49:05","date_gmt":"2011-03-10T23:49:05","guid":{"rendered":"http:\/\/bibliobelas.wordpress.com\/?page_id=603"},"modified":"2022-12-02T21:28:10","modified_gmt":"2022-12-03T00:28:10","slug":"galeria-3","status":"publish","type":"page","link":"https:\/\/bibliobelas.eba.ufmg.br\/index.php\/galeria-3\/","title":{"rendered":"Galeria"},"content":{"rendered":"<p><a title=\"Escola de Belas\u00a0Artes\" href=\"https:\/\/bibliobelas.eba.ufmg.br\/index.php\/galeria-3\/escola-de-belas-artes\/\">Escola de Belas Artes<\/a><\/p>\n<p><a title=\"Artistas\" href=\"https:\/\/bibliobelas.eba.ufmg.br\/index.php\/galeria-3\/artistas\/\">Artistas<\/a><\/p>\n<p><a title=\"Artistas\" href=\"https:\/\/bibliobelas.eba.ufmg.br\/index.php\/galeria-3\/exposicoes-temporarias\/\">Exposi\u00e7\u00f5es tempor\u00e1rias<\/a><\/p>\n<p><a href=\"https:\/\/bibliobelas.eba.ufmg.br\/index.php\/galeria-3\/manifestacoes-artisticas\/\">Manifesta\u00e7\u00f5es art\u00edsticas<\/a><\/p>\n","protected":false},"excerpt":{"rendered":"<p>Escola de Belas Artes Artistas Exposi\u00e7\u00f5es tempor\u00e1rias Manifesta\u00e7\u00f5es art\u00edsticas<\/p>\n","protected":false},"author":1,"featured_media":0,"parent":0,"menu_order":9,"comment_status":"open","ping_status":"closed","template":"","meta":{"footnotes":""},"class_list":["post-603","page","type-page","status-publish","hentry"],"_links":{"self":[{"href":"https:\/\/bibliobelas.eba.ufmg.br\/index.php\/wp-json\/wp\/v2\/pages\/603","targetHints":{"allow":["GET"]}}],"collection":[{"href":"https:\/\/bibliobelas.eba.ufmg.br\/index.php\/wp-json\/wp\/v2\/pages"}],"about":[{"href":"https:\/\/bibliobelas.eba.ufmg.br\/index.php\/wp-json\/wp\/v2\/types\/page"}],"author":[{"embeddable":true,"href":"https:\/\/bibliobelas.eba.ufmg.br\/index.php\/wp-json\/wp\/v2\/users\/1"}],"replies":[{"embeddable":true,"href":"https:\/\/bibliobelas.eba.ufmg.br\/index.php\/wp-json\/wp\/v2\/comments?post=603"}],"version-history":[{"count":4,"href":"https:\/\/bibliobelas.eba.ufmg.br\/index.php\/wp-json\/wp\/v2\/pages\/603\/revisions"}],"predecessor-version":[{"id":7560,"href":"https:\/\/bibliobelas.eba.ufmg.br\/index.php\/wp-json\/wp\/v2\/pages\/603\/revisions\/7560"}],"wp:attachment":[{"href":"https:\/\/bibliobelas.eba.ufmg.br\/index.php\/wp-json\/wp\/v2\/media?parent=603"}],"curies":[{"name":"wp","href":"https:\/\/api.w.org\/{rel}","templated":true}]}}