{"id":6097,"date":"2021-02-20T21:03:00","date_gmt":"2021-02-21T00:03:00","guid":{"rendered":"https:\/\/bibliobelas.wordpress.com\/?page_id=6097"},"modified":"2023-02-10T18:14:54","modified_gmt":"2023-02-10T21:14:54","slug":"proquests-arts-e-book-central","status":"publish","type":"page","link":"https:\/\/bibliobelas.eba.ufmg.br\/index.php\/e-books\/proquests-arts-e-book-central\/","title":{"rendered":"ProQuest\u2019s E-book Central (Arts)"},"content":{"rendered":"\n<p><strong>Apresenta\u00e7\u00e3o:<\/strong><\/p>\n\n\n\n<p class=\"has-text-align-justify\">A plataforma&nbsp;ProQuest\u2019s E-book Central (Arts) \u00e9 voltada sobretudo para alunos e docentes de Artes e M\u00fasica, com conte\u00fados que abrangem a gradua\u00e7\u00e3o e p\u00f3s-gradua\u00e7\u00e3o. <\/p>\n\n\n\n<hr class=\"wp-block-separator has-css-opacity\"\/>\n\n\n\n<p><strong>Cadastro:<\/strong><\/p>\n\n\n\n<p class=\"has-text-align-justify\">Para acessar a plataforma, \u00e9 necess\u00e1rio clicar em \u2018solicitar conta\u2019 no link&nbsp;<a rel=\"noreferrer noopener\" href=\"https:\/\/ebookcentral.proquest.com\/lib\/ufmgbr\" target=\"_blank\">https:\/\/ebookcentral.proquest.com\/lib\/ufmgbr<\/a>, preencher o formul\u00e1rio de solicita\u00e7\u00e3o e aguardar aprova\u00e7\u00e3o. <\/p>\n\n\n\n<figure class=\"wp-block-gallery has-nested-images columns-default is-cropped wp-block-gallery-1 is-layout-flex wp-block-gallery-is-layout-flex\">\n<figure class=\"wp-block-image size-large\"><a href=\"https:\/\/bibliobelas.eba.ufmg.br\/wp-content\/uploads\/2021\/02\/solicitar-conta-1.jpg\"><img loading=\"lazy\" decoding=\"async\" width=\"949\" height=\"526\" data-id=\"6120\" src=\"https:\/\/bibliobelas.eba.ufmg.br\/wp-content\/uploads\/2021\/02\/solicitar-conta-1.jpg\" alt=\"\" class=\"wp-image-6120\" srcset=\"https:\/\/bibliobelas.eba.ufmg.br\/wp-content\/uploads\/2021\/02\/solicitar-conta-1.jpg 949w, https:\/\/bibliobelas.eba.ufmg.br\/wp-content\/uploads\/2021\/02\/solicitar-conta-1-300x166.jpg 300w, https:\/\/bibliobelas.eba.ufmg.br\/wp-content\/uploads\/2021\/02\/solicitar-conta-1-768x426.jpg 768w\" sizes=\"auto, (max-width: 949px) 100vw, 949px\" \/><\/a><\/figure>\n<\/figure>\n\n\n\n<p class=\"has-text-align-justify\">\u00c9 importante que o usu\u00e1rio insira no campo &#8220;MENSAGEM PARA A BIBLIOTECA&#8221; o n\u00famero de matr\u00edcula (alunos) e Siape (professores); e a Unidade Acad\u00eamica a que pertencem:<\/p>\n\n\n\n<figure class=\"wp-block-image size-large\"><a href=\"https:\/\/bibliobelas.eba.ufmg.br\/wp-content\/uploads\/2021\/02\/solicitarconta2.jpg\"><img loading=\"lazy\" decoding=\"async\" width=\"954\" height=\"534\" src=\"https:\/\/bibliobelas.eba.ufmg.br\/wp-content\/uploads\/2021\/02\/solicitarconta2.jpg?w=954\" alt=\"\" class=\"wp-image-6135\" srcset=\"https:\/\/bibliobelas.eba.ufmg.br\/wp-content\/uploads\/2021\/02\/solicitarconta2.jpg 954w, https:\/\/bibliobelas.eba.ufmg.br\/wp-content\/uploads\/2021\/02\/solicitarconta2-300x168.jpg 300w, https:\/\/bibliobelas.eba.ufmg.br\/wp-content\/uploads\/2021\/02\/solicitarconta2-768x430.jpg 768w\" sizes=\"auto, (max-width: 954px) 100vw, 954px\" \/><\/a><\/figure>\n\n\n\n<hr class=\"wp-block-separator has-css-opacity\"\/>\n\n\n\n<p><strong>Acesso ao acervo:<\/strong><\/p>\n\n\n\n<p class=\"has-text-align-justify\">Ap\u00f3s a valida\u00e7\u00e3o do cadastro, que ser\u00e1 realizada pela equipe da biblioteca, o usu\u00e1rio, de posse de seu <em>login<\/em> e senha, estar\u00e1 apto a acessar todo o conte\u00fado disponibilizado pela Plataforma. O acesso ao acervo poder\u00e1 ser feito de 02 (duas) formas:<\/p>\n\n\n\n<p class=\"has-text-align-justify\">1) Atrav\u00e9s do&nbsp;<a rel=\"noreferrer noopener\" href=\"https:\/\/catalogobiblioteca.ufmg.br\/pergamum\/biblioteca\/index.php\" target=\"_blank\">Cat\u00e1logo do Sistema Pergamum<\/a>. O usu\u00e1rio realizar\u00e1 a busca e localiza\u00e7\u00e3o do livro, como de costume. Em seguida, dever\u00e1 clicar no \u00edcone <em>online<\/em> (de cor verde) do acervo desejado e realizar a autentica\u00e7\u00e3o no site da <em>Proquest<\/em>. O redirecionamento ser\u00e1 feito de forma autom\u00e1tica para o acesso ao livro na \u00edntegra! Veja o exemplo abaixo:<\/p>\n\n\n\n<figure class=\"wp-block-image size-large\"><a href=\"https:\/\/bibliobelas.eba.ufmg.br\/wp-content\/uploads\/2021\/02\/pesquisa.jpg\"><img loading=\"lazy\" decoding=\"async\" width=\"921\" height=\"509\" src=\"https:\/\/bibliobelas.eba.ufmg.br\/wp-content\/uploads\/2021\/02\/pesquisa.jpg?w=921\" alt=\"\" class=\"wp-image-6104\" srcset=\"https:\/\/bibliobelas.eba.ufmg.br\/wp-content\/uploads\/2021\/02\/pesquisa.jpg 921w, https:\/\/bibliobelas.eba.ufmg.br\/wp-content\/uploads\/2021\/02\/pesquisa-300x166.jpg 300w, https:\/\/bibliobelas.eba.ufmg.br\/wp-content\/uploads\/2021\/02\/pesquisa-768x424.jpg 768w\" sizes=\"auto, (max-width: 921px) 100vw, 921px\" \/><\/a><\/figure>\n\n\n\n<p><strong>Autentica\u00e7\u00e3o na Proquest<\/strong>:<\/p>\n\n\n\n<figure class=\"wp-block-image size-large\"><a href=\"https:\/\/bibliobelas.eba.ufmg.br\/wp-content\/uploads\/2021\/02\/autenticacao.jpg\"><img loading=\"lazy\" decoding=\"async\" width=\"949\" height=\"491\" src=\"https:\/\/bibliobelas.eba.ufmg.br\/wp-content\/uploads\/2021\/02\/autenticacao.jpg?w=949\" alt=\"\" class=\"wp-image-6106\" srcset=\"https:\/\/bibliobelas.eba.ufmg.br\/wp-content\/uploads\/2021\/02\/autenticacao.jpg 949w, https:\/\/bibliobelas.eba.ufmg.br\/wp-content\/uploads\/2021\/02\/autenticacao-300x155.jpg 300w, https:\/\/bibliobelas.eba.ufmg.br\/wp-content\/uploads\/2021\/02\/autenticacao-768x397.jpg 768w\" sizes=\"auto, (max-width: 949px) 100vw, 949px\" \/><\/a><\/figure>\n\n\n\n<p><strong>Apresenta\u00e7\u00e3o da obra:<\/strong><\/p>\n\n\n\n<figure class=\"wp-block-image size-large\"><a href=\"https:\/\/bibliobelas.eba.ufmg.br\/wp-content\/uploads\/2021\/02\/resultado-da-pesquisa.jpg\"><img loading=\"lazy\" decoding=\"async\" width=\"1337\" height=\"619\" src=\"https:\/\/bibliobelas.eba.ufmg.br\/wp-content\/uploads\/2021\/02\/resultado-da-pesquisa.jpg?w=1024\" alt=\"\" class=\"wp-image-6108\" srcset=\"https:\/\/bibliobelas.eba.ufmg.br\/wp-content\/uploads\/2021\/02\/resultado-da-pesquisa.jpg 1337w, https:\/\/bibliobelas.eba.ufmg.br\/wp-content\/uploads\/2021\/02\/resultado-da-pesquisa-300x139.jpg 300w, https:\/\/bibliobelas.eba.ufmg.br\/wp-content\/uploads\/2021\/02\/resultado-da-pesquisa-1024x474.jpg 1024w, https:\/\/bibliobelas.eba.ufmg.br\/wp-content\/uploads\/2021\/02\/resultado-da-pesquisa-768x356.jpg 768w\" sizes=\"auto, (max-width: 1337px) 100vw, 1337px\" \/><\/a><\/figure>\n\n\n\n<p><strong>Acesso \u00e0 obra na \u00edntegra:<\/strong><\/p>\n\n\n\n<figure class=\"wp-block-image size-large\"><a href=\"https:\/\/bibliobelas.eba.ufmg.br\/wp-content\/uploads\/2021\/02\/livro-completo.jpg\"><img loading=\"lazy\" decoding=\"async\" width=\"1366\" height=\"627\" src=\"https:\/\/bibliobelas.eba.ufmg.br\/wp-content\/uploads\/2021\/02\/livro-completo.jpg?w=1024\" alt=\"\" class=\"wp-image-6138\" srcset=\"https:\/\/bibliobelas.eba.ufmg.br\/wp-content\/uploads\/2021\/02\/livro-completo.jpg 1366w, https:\/\/bibliobelas.eba.ufmg.br\/wp-content\/uploads\/2021\/02\/livro-completo-300x138.jpg 300w, https:\/\/bibliobelas.eba.ufmg.br\/wp-content\/uploads\/2021\/02\/livro-completo-1024x470.jpg 1024w, https:\/\/bibliobelas.eba.ufmg.br\/wp-content\/uploads\/2021\/02\/livro-completo-768x353.jpg 768w\" sizes=\"auto, (max-width: 1366px) 100vw, 1366px\" \/><\/a><\/figure>\n\n\n\n<hr class=\"wp-block-separator has-css-opacity\"\/>\n\n\n\n<p class=\"has-text-align-justify\">2) A segunda forma de utiliza\u00e7\u00e3o da plataforma, \u00e9 acessando diretamente o <em>site<\/em> da <em>Proquest<\/em>, sem a necessidade de pesquisar o livro pelo Sistema Pergamum.  Veja:<\/p>\n\n\n\n<ul class=\"wp-block-list\">\n<li>O usu\u00e1rio dever\u00e1 realizar a autentica\u00e7\u00e3o pelo link exclusivo da UFMG: <strong>https:\/\/ebookcentral.proquest.com\/lib\/ufmgbr\/home.action<\/strong><\/li>\n<\/ul>\n\n\n\n<ul class=\"wp-block-list\">\n<li>Ap\u00f3s a autentica\u00e7\u00e3o, ser\u00e1 apresentada a tela abaixo para que o usu\u00e1rio interaja com a plataforma realizando a busca e utilizando as ferramentas dispon\u00edveis, de forma personalizada:<\/li>\n<\/ul>\n\n\n\n\n\n<figure class=\"wp-block-image size-large\"><a href=\"https:\/\/bibliobelas.eba.ufmg.br\/wp-content\/uploads\/2021\/02\/pesquisa3.jpg\"><img loading=\"lazy\" decoding=\"async\" width=\"1339\" height=\"619\" src=\"https:\/\/bibliobelas.eba.ufmg.br\/wp-content\/uploads\/2021\/02\/pesquisa3.jpg?w=1024\" alt=\"\" class=\"wp-image-6141\" srcset=\"https:\/\/bibliobelas.eba.ufmg.br\/wp-content\/uploads\/2021\/02\/pesquisa3.jpg 1339w, https:\/\/bibliobelas.eba.ufmg.br\/wp-content\/uploads\/2021\/02\/pesquisa3-300x139.jpg 300w, https:\/\/bibliobelas.eba.ufmg.br\/wp-content\/uploads\/2021\/02\/pesquisa3-1024x473.jpg 1024w, https:\/\/bibliobelas.eba.ufmg.br\/wp-content\/uploads\/2021\/02\/pesquisa3-768x355.jpg 768w\" sizes=\"auto, (max-width: 1339px) 100vw, 1339px\" \/><\/a><\/figure>\n\n\n\n<hr class=\"wp-block-separator has-css-opacity\"\/>\n\n\n\n<p>D\u00favidas? Entre em contato: <strong>bib-referencia@eba.ufmg.br<\/strong><\/p>\n","protected":false},"excerpt":{"rendered":"<p>Apresenta\u00e7\u00e3o: A plataforma&nbsp;ProQuest\u2019s E-book Central (Arts) \u00e9 voltada sobretudo para alunos e docentes de Artes e M\u00fasica, com conte\u00fados que abrangem a gradua\u00e7\u00e3o e p\u00f3s-gradua\u00e7\u00e3o. Cadastro: Para acessar a plataforma, \u00e9 necess\u00e1rio clicar em \u2018solicitar conta\u2019 no link&nbsp;https:\/\/ebookcentral.proquest.com\/lib\/ufmgbr, preencher o formul\u00e1rio de solicita\u00e7\u00e3o e aguardar aprova\u00e7\u00e3o. \u00c9 importante que o usu\u00e1rio insira no campo &#8220;MENSAGEM &hellip; <a href=\"https:\/\/bibliobelas.eba.ufmg.br\/index.php\/e-books\/proquests-arts-e-book-central\/\" class=\"more-link\">Continue lendo <span class=\"screen-reader-text\">ProQuest\u2019s E-book Central (Arts)<\/span> <span class=\"meta-nav\">&rarr;<\/span><\/a><\/p>\n","protected":false},"author":1,"featured_media":0,"parent":5954,"menu_order":11,"comment_status":"closed","ping_status":"closed","template":"","meta":{"footnotes":""},"class_list":["post-6097","page","type-page","status-publish","hentry"],"_links":{"self":[{"href":"https:\/\/bibliobelas.eba.ufmg.br\/index.php\/wp-json\/wp\/v2\/pages\/6097","targetHints":{"allow":["GET"]}}],"collection":[{"href":"https:\/\/bibliobelas.eba.ufmg.br\/index.php\/wp-json\/wp\/v2\/pages"}],"about":[{"href":"https:\/\/bibliobelas.eba.ufmg.br\/index.php\/wp-json\/wp\/v2\/types\/page"}],"author":[{"embeddable":true,"href":"https:\/\/bibliobelas.eba.ufmg.br\/index.php\/wp-json\/wp\/v2\/users\/1"}],"replies":[{"embeddable":true,"href":"https:\/\/bibliobelas.eba.ufmg.br\/index.php\/wp-json\/wp\/v2\/comments?post=6097"}],"version-history":[{"count":4,"href":"https:\/\/bibliobelas.eba.ufmg.br\/index.php\/wp-json\/wp\/v2\/pages\/6097\/revisions"}],"predecessor-version":[{"id":7640,"href":"https:\/\/bibliobelas.eba.ufmg.br\/index.php\/wp-json\/wp\/v2\/pages\/6097\/revisions\/7640"}],"up":[{"embeddable":true,"href":"https:\/\/bibliobelas.eba.ufmg.br\/index.php\/wp-json\/wp\/v2\/pages\/5954"}],"wp:attachment":[{"href":"https:\/\/bibliobelas.eba.ufmg.br\/index.php\/wp-json\/wp\/v2\/media?parent=6097"}],"curies":[{"name":"wp","href":"https:\/\/api.w.org\/{rel}","templated":true}]}}