{"id":62,"date":"2010-11-11T17:33:40","date_gmt":"2010-11-11T19:33:40","guid":{"rendered":"http:\/\/bibliobelas.wordpress.com\/"},"modified":"2010-11-11T17:33:40","modified_gmt":"2010-11-11T19:33:40","slug":"usuarios","status":"publish","type":"page","link":"https:\/\/bibliobelas.eba.ufmg.br\/index.php\/a-biblioteca\/regulamento\/usuarios\/","title":{"rendered":"Usu\u00e1rios"},"content":{"rendered":"<p style=\"text-align:justify;\"><span style=\"color:#000000;\"><strong>Sobre os Usu\u00e1rios<\/strong><\/span><\/p>\n<p style=\"text-align:justify;\"><span style=\"color:#000000;\">S\u00e3o considerados usu\u00e1rios das bibliotecas da UFMG: <\/span><\/p>\n<p style=\"text-align:justify;\"><span style=\"color:#000000;\">I &#8211; Alunos da UFMG regularmente matriculados nos cursos de:<\/span><\/p>\n<p style=\"text-align:justify;\"><span style=\"color:#000000;\">a) Gradua\u00e7\u00e3o;<\/span><\/p>\n<p style=\"text-align:justify;\"><span style=\"color:#000000;\">b) P\u00f3s-Gradua\u00e7\u00e3o nos cursos de Doutorado, Mestrado e Especializa\u00e7\u00e3o;<\/span><\/p>\n<p style=\"text-align:justify;\"><span style=\"color:#000000;\">c) Cursos T\u00e9cnicos (Ensino M\u00e9dio);<\/span><\/p>\n<p style=\"text-align:justify;\"><span style=\"color:#000000;\">d) Ensino fundamental.<\/span><\/p>\n<p style=\"text-align:justify;\"><span style=\"color:#000000;\">II &#8211; Alunos visitantes relacionados a projetos\/conv\u00eanios de interc\u00e2mbio interinstitucional, tanto nacionais como estrangeiros, regularmente matriculados na UFMG; <\/span><\/p>\n<p style=\"text-align:justify;\"><span style=\"color:#000000;\">III &#8211; Alunos de aperfei\u00e7oamento;<\/span><\/p>\n<p style=\"text-align:justify;\"><span style=\"color:#000000;\">IV &#8211; Professores na ativa e aposentados;<\/span><\/p>\n<p style=\"text-align:justify;\"><span style=\"color:#000000;\">V &#8211; Professores e artistas visitantes durante a validade do contrato;<\/span><\/p>\n<p style=\"text-align:justify;\"><span style=\"color:#000000;\">VI &#8211; Professores substitutos e\/ou contratados durante a validade do contrato;<\/span><\/p>\n<p style=\"text-align:justify;\"><span style=\"color:#000000;\">VII &#8211; Pesquisadores durante a validade da Bolsa de Pesquisa;<\/span><\/p>\n<p style=\"text-align:justify;\"><span style=\"color:#000000;\">VIII &#8211; Funcion\u00e1rios na ativa e aposentados;<\/span><\/p>\n<p style=\"text-align:justify;\"><span style=\"color:#000000;\">IX &#8211; Funcion\u00e1rios durante a validade do contrato, contratados pela:<\/span><\/p>\n<p style=\"text-align:justify;\"><span style=\"color:#000000;\">a) Cruz Vermelha;<\/span><\/p>\n<p style=\"text-align:justify;\"><span style=\"color:#000000;\">b) Funda\u00e7\u00f5es;<\/span><\/p>\n<p style=\"text-align:justify;\"><span style=\"color:#000000;\">c) Casu;<\/span><\/p>\n<p style=\"text-align:justify;\"><span style=\"color:#000000;\">d) Multicoop;<\/span><\/p>\n<p style=\"text-align:justify;\"><span style=\"color:#000000;\">e) Fump;<\/span><\/p>\n<p style=\"text-align:justify;\"><span style=\"color:#000000;\">f) Assufemg;<\/span><\/p>\n<p style=\"text-align:justify;\"><span style=\"color:#000000;\">g) Empresas terceirizadas;<\/span><\/p>\n<p style=\"text-align:justify;\"><span style=\"color:#000000;\">X &#8211; Residentes;<\/span><\/p>\n<p style=\"text-align:justify;\"><span style=\"color:#000000;\">XI &#8211; Projeto Veredas;<\/span><\/p>\n<p style=\"text-align:justify;\"><span style=\"color:#000000;\">XII \u2013 Tutores \u00e0 Dist\u00e2ncia;<\/span><\/p>\n<p style=\"text-align:justify;\"><span style=\"color:#000000;\">XIII \u2013 Programa Provoc;<\/span><\/p>\n<p style=\"text-align:justify;\"><span style=\"color:#000000;\">XIV \u2013 Usu\u00e1rios do Carro Biblioteca (Neste caso, os empr\u00e9stimos s\u00e3o somente do acervo do Carro);<\/span><\/p>\n<p style=\"text-align:justify;\"><span style=\"color:#000000;\">XV \u2013 Mobilidade Estudantil.<\/span><\/p>\n<p style=\"text-align:justify;\"><span style=\"color:#000000;\"><br \/>\n<\/span><\/p>\n<div style=\"text-align:justify;\"><strong>Sobre os documentos necess\u00e1rios para o cadastro na biblioteca<\/strong><\/div>\n<div style=\"text-align:justify;\"><strong><br \/>\n<\/strong><\/div>\n<p style=\"text-align:justify;\">&#8211; Os alunos, professores e funcion\u00e1rios devidamente registrados na UFMG ser\u00e3o cadastrados automaticamente no Sistema de Bibliotecas.<\/p>\n<p style=\"text-align:justify;\">&#8211; Os mesmos dever\u00e3o solicitar a carteira de usu\u00e1rio na biblioteca da unidade de origem, portando os seguintes documentos:<\/p>\n<p style=\"text-align:justify;\">Alunos: Carteira de Identidade e comprovante de matr\u00edcula.<\/p>\n<p style=\"text-align:justify;\">Professores e funcion\u00e1rios: carteira funcional ou contracheque e Carteira de Identidade.<\/p>\n<p style=\"text-align:justify;\">&#8211; Os demais usu\u00e1rios ser\u00e3o cadastrados manualmente na biblioteca de origem mediante comprovante de v\u00ednculo com a UFMG constando a validade do contrato, Carteira de Identidade e comprovante de endere\u00e7o.<\/p>\n<p style=\"text-align:justify;\">&#8211; A carteira de usu\u00e1rio tem validade em todo o Sistema de Bibliotecas da UFMG enquanto for mantido o v\u00ednculo institucional. \u00a0 (Exceto para os usu\u00e1rios do Carro Biblioteca).<\/p>\n<p style=\"text-align:justify;\">&#8211; Os funcion\u00e1rios contratados dever\u00e3o encaminhar \u00e0 biblioteca de sua unidade uma carta em papel timbrado da empresa, assinada pelo diretor ou presidente, com texto que declare estar o mesmo ciente que qualquer d\u00e9bito, seja de multa, material n\u00e3o devolvido, ou qualquer outro dano causado ao material bibliogr\u00e1fico pelo funcion\u00e1rio e n\u00e3o assumido por ele, ser\u00e1 obrigatoriamente ressarcido pela empresa.<\/p>\n<p style=\"text-align:justify;\"><span style=\"color:#000000;font-size:small;\">UFMG. Regulamento do sistema de bibliotecas: sobre os usu\u00e1rios. Dispon\u00edvel em:&lt; <\/span><a href=\"http:\/\/www.bu.ufmg.br\/index.php?option=com_content&amp;view=article&amp;id=69&amp;Itemid=249\"><span style=\"font-family:Times New Roman;font-size:small;\">http:\/\/www.bu.ufmg.br\/index.php?option=com_content&amp;view=article&amp;id=69&amp;Itemid=249<\/span><\/a><span style=\"font-size:small;\"><span style=\"color:#000000;\">&gt;. Acesso em: 19 nov. 2010.<\/span><\/span><\/p>\n","protected":false},"excerpt":{"rendered":"<p>Sobre os Usu\u00e1rios S\u00e3o considerados usu\u00e1rios das bibliotecas da UFMG: I &#8211; Alunos da UFMG regularmente matriculados nos cursos de: a) Gradua\u00e7\u00e3o; b) P\u00f3s-Gradua\u00e7\u00e3o nos cursos de Doutorado, Mestrado e Especializa\u00e7\u00e3o; c) Cursos T\u00e9cnicos (Ensino M\u00e9dio); d) Ensino fundamental. II &#8211; Alunos visitantes relacionados a projetos\/conv\u00eanios de interc\u00e2mbio interinstitucional, tanto nacionais como estrangeiros, regularmente matriculados &hellip; <a href=\"https:\/\/bibliobelas.eba.ufmg.br\/index.php\/a-biblioteca\/regulamento\/usuarios\/\" class=\"more-link\">Continue lendo <span class=\"screen-reader-text\">Usu\u00e1rios<\/span> <span class=\"meta-nav\">&rarr;<\/span><\/a><\/p>\n","protected":false},"author":1,"featured_media":0,"parent":66,"menu_order":2,"comment_status":"closed","ping_status":"open","template":"","meta":{"footnotes":""},"class_list":["post-62","page","type-page","status-publish","hentry"],"_links":{"self":[{"href":"https:\/\/bibliobelas.eba.ufmg.br\/index.php\/wp-json\/wp\/v2\/pages\/62","targetHints":{"allow":["GET"]}}],"collection":[{"href":"https:\/\/bibliobelas.eba.ufmg.br\/index.php\/wp-json\/wp\/v2\/pages"}],"about":[{"href":"https:\/\/bibliobelas.eba.ufmg.br\/index.php\/wp-json\/wp\/v2\/types\/page"}],"author":[{"embeddable":true,"href":"https:\/\/bibliobelas.eba.ufmg.br\/index.php\/wp-json\/wp\/v2\/users\/1"}],"replies":[{"embeddable":true,"href":"https:\/\/bibliobelas.eba.ufmg.br\/index.php\/wp-json\/wp\/v2\/comments?post=62"}],"version-history":[{"count":0,"href":"https:\/\/bibliobelas.eba.ufmg.br\/index.php\/wp-json\/wp\/v2\/pages\/62\/revisions"}],"up":[{"embeddable":true,"href":"https:\/\/bibliobelas.eba.ufmg.br\/index.php\/wp-json\/wp\/v2\/pages\/66"}],"wp:attachment":[{"href":"https:\/\/bibliobelas.eba.ufmg.br\/index.php\/wp-json\/wp\/v2\/media?parent=62"}],"curies":[{"name":"wp","href":"https:\/\/api.w.org\/{rel}","templated":true}]}}