{"id":634,"date":"2011-03-17T14:32:02","date_gmt":"2011-03-17T16:32:02","guid":{"rendered":"http:\/\/bibliobelas.wordpress.com\/?page_id=634"},"modified":"2011-03-17T14:32:02","modified_gmt":"2011-03-17T16:32:02","slug":"artes-visuais","status":"publish","type":"page","link":"https:\/\/bibliobelas.eba.ufmg.br\/index.php\/conteudos-digitais-de-artes\/links-interessantes\/artes-visuais\/","title":{"rendered":"Artes Visuais"},"content":{"rendered":"<ul>\n<li style=\"text-align:justify;\"><a href=\"http:\/\/www.portalartes.com.br\/\" target=\"_blank\" rel=\"noopener\">Portal Artes<\/a><\/li>\n<li style=\"text-align:justify;\"><a href=\"http:\/\/www.crap-mg.art.br\/index.asp\" target=\"_blank\" rel=\"noopener\">Centro de Refer\u00eancia das Artes Pl\u00e1sticas em Minas Gerais<\/a><\/li>\n<li style=\"text-align:justify;\"><a href=\"http:\/\/www.comartevirtual.com.br\/\" target=\"_blank\" rel=\"noopener\">C\/Arte Projetos Culturais<\/a><\/li>\n<li style=\"text-align:justify;\"><a href=\"http:\/\/www.pinturabrasileira.com\/index1.asp\" target=\"_blank\" rel=\"noopener\">Pinturabrasileira.com<\/a><\/li>\n<li style=\"text-align:justify;\"><a href=\"http:\/\/www.chart.ac.uk\/vlib\/a-z-links.html\" target=\"_blank\" rel=\"noopener\">Art History A-Z<\/a> :\u00a0 Escolas, per\u00edodos,movimentos,artistas,temas, museus, institui\u00e7\u00f5es. Indica\u00e7\u00f5es de sites, blogs, publica\u00e7\u00f5es, etc., sobre hist\u00f3ria da arte.<\/li>\n<li style=\"text-align:justify;\"><a href=\"http:\/\/www.art.com\/\" target=\"_blank\" rel=\"noopener\">Art.com<\/a><\/li>\n<li style=\"text-align:justify;\"><a href=\"http:\/\/www.artcyclopedia.com\/\" target=\"_blank\" rel=\"noopener\">artcyclopedia.com<\/a><\/li>\n<li style=\"text-align:justify;\"><a href=\"http:\/\/www.ocaiw.com\/\" target=\"_blank\" rel=\"noopener\">Orazio Centaro\u2019s Art Image on the Web<\/a> (portugu\u00eas, ingles) : Rico acervo de pinturas abrangendo os cl\u00e1ssicos da Idade M\u00e9dia at\u00e9 o per\u00edodo Contempor\u00e2neo. Apresenta informa\u00e7\u00f5es sobre cada obra de cada autor, localiza\u00e7\u00f5es nos museus, livros informativos, exposi\u00e7\u00f5es, noticias, sites dedicados, etc.<\/li>\n<li style=\"text-align:justify;\"><a href=\"http:\/\/www.pitoresco.com.br\/\" target=\"_blank\" rel=\"noopener\">Pitoresco <\/a>:\u00a0 Informa\u00e7\u00f5es e cat\u00e1logos de pintores no Brasil e em Portugal.<\/li>\n<li style=\"text-align:justify;\"><a href=\"http:\/\/www.cyberartes.com.br\/home\/\" target=\"_blank\" rel=\"noopener\">CyberArts <\/a>:\u00a0 Dedicado principalmente \u00e0s artes pl\u00e1sticas e artistas brasileiros e estrangeiros. Dicas da semana, noticias, curiosidades, etc.<\/li>\n<li style=\"text-align:justify;\"><a href=\"http:\/\/www.bienalmercosul.art.br\/\" target=\"_blank\" rel=\"noopener\">Funda\u00e7\u00e3o Bienal Mercosul<\/a><\/li>\n<li style=\"text-align:justify;\"><a href=\"http:\/\/www.bienal.org.br\/FBSP\/pt\/Paginas\/home.aspx\" target=\"_blank\" rel=\"noopener\">Funda\u00e7\u00e3o Bienal de S\u00e3o Paulo<\/a><\/li>\n<li style=\"text-align:justify;\"><a href=\"http:\/\/www.investarte.com.br\/site_new\/home.asp\" target=\"_blank\" rel=\"noopener\">InvestArt <\/a>:\u00a0 Informa\u00e7\u00f5es sobre o mercado de arte no Brasil e no mundo. Not\u00edcias, galerias, leil\u00f5es, exposi\u00e7\u00f5es, artistas, etc.<\/li>\n<li style=\"text-align:justify;\"><a href=\"http:\/\/www.mare.art.br\/\" target=\"_blank\" rel=\"noopener\">MARE:<\/a> Museu de Arte para a Pesquisa e Educa\u00e7\u00e3o<\/li>\n<li style=\"text-align:justify;\"><a href=\"http:\/\/www.paul-cezanne.org\/\" target=\"_blank\" rel=\"noopener\">Paul Cezanne&#8217;s complete works<\/a> (obras completas de Paul Cezanne)<\/li>\n<li style=\"text-align:justify;\"><a href=\"http:\/\/www.portinari.org.br\" target=\"_blank\" rel=\"noopener\">Projeto Portinari<\/a><\/li>\n<\/ul>\n<h3 style=\"text-align:justify;\">&#8230;&#8230;&#8230;.Revistas\/publica\u00e7\u00f5es<\/h3>\n<ul>\n<li style=\"text-align:justify;\"><a href=\"http:\/\/www.nyartsmagazine.com\/pages\/nyam_main.php\" target=\"_blank\" rel=\"noopener\">NY Arts Magazine<\/a><\/li>\n<li style=\"text-align:justify;\"><a href=\"http:\/\/www.telaseartes.uai.com.br\/\" target=\"_blank\" rel=\"noopener\">Revista Telas e Artes<\/a><\/li>\n<\/ul>\n","protected":false},"excerpt":{"rendered":"<p>Portal Artes Centro de Refer\u00eancia das Artes Pl\u00e1sticas em Minas Gerais C\/Arte Projetos Culturais Pinturabrasileira.com Art History A-Z :\u00a0 Escolas, per\u00edodos,movimentos,artistas,temas, museus, institui\u00e7\u00f5es. Indica\u00e7\u00f5es de sites, blogs, publica\u00e7\u00f5es, etc., sobre hist\u00f3ria da arte. Art.com artcyclopedia.com Orazio Centaro\u2019s Art Image on the Web (portugu\u00eas, ingles) : Rico acervo de pinturas abrangendo os cl\u00e1ssicos da Idade M\u00e9dia &hellip; <a href=\"https:\/\/bibliobelas.eba.ufmg.br\/index.php\/conteudos-digitais-de-artes\/links-interessantes\/artes-visuais\/\" class=\"more-link\">Continue lendo <span class=\"screen-reader-text\">Artes Visuais<\/span> <span class=\"meta-nav\">&rarr;<\/span><\/a><\/p>\n","protected":false},"author":1,"featured_media":0,"parent":37,"menu_order":0,"comment_status":"open","ping_status":"open","template":"","meta":{"footnotes":""},"class_list":["post-634","page","type-page","status-publish","hentry"],"_links":{"self":[{"href":"https:\/\/bibliobelas.eba.ufmg.br\/index.php\/wp-json\/wp\/v2\/pages\/634","targetHints":{"allow":["GET"]}}],"collection":[{"href":"https:\/\/bibliobelas.eba.ufmg.br\/index.php\/wp-json\/wp\/v2\/pages"}],"about":[{"href":"https:\/\/bibliobelas.eba.ufmg.br\/index.php\/wp-json\/wp\/v2\/types\/page"}],"author":[{"embeddable":true,"href":"https:\/\/bibliobelas.eba.ufmg.br\/index.php\/wp-json\/wp\/v2\/users\/1"}],"replies":[{"embeddable":true,"href":"https:\/\/bibliobelas.eba.ufmg.br\/index.php\/wp-json\/wp\/v2\/comments?post=634"}],"version-history":[{"count":0,"href":"https:\/\/bibliobelas.eba.ufmg.br\/index.php\/wp-json\/wp\/v2\/pages\/634\/revisions"}],"up":[{"embeddable":true,"href":"https:\/\/bibliobelas.eba.ufmg.br\/index.php\/wp-json\/wp\/v2\/pages\/37"}],"wp:attachment":[{"href":"https:\/\/bibliobelas.eba.ufmg.br\/index.php\/wp-json\/wp\/v2\/media?parent=634"}],"curies":[{"name":"wp","href":"https:\/\/api.w.org\/{rel}","templated":true}]}}