{"id":646,"date":"2011-03-17T14:37:29","date_gmt":"2011-03-17T16:37:29","guid":{"rendered":"http:\/\/bibliobelas.wordpress.com\/?page_id=646"},"modified":"2024-07-11T19:21:21","modified_gmt":"2024-07-11T22:21:21","slug":"teatro","status":"publish","type":"page","link":"https:\/\/bibliobelas.eba.ufmg.br\/index.php\/conteudos-digitais-de-artes\/links-interessantes\/teatro\/","title":{"rendered":"Teatro"},"content":{"rendered":"<ul>\n<li><a href=\"https:\/\/www.otablado.com.br\/cadernos\">O Tablado &#8211; Cadernos de Teatro<\/a><\/li>\n<li style=\"text-align: justify;\"><a href=\"http:\/\/www.musica.ufg.br\/\" target=\"_blank\" rel=\"noopener\">EMAC \u2013 Escola de m\u00fasica e artes c\u00eanicas<\/a><\/li>\n<li style=\"text-align: justify;\"><a href=\"http:\/\/www.estudantes.com.br\/escolas\/curdef_024.asp\" target=\"_blank\" rel=\"noopener\">ARTES C\u00caNICAS &#8211; Guia por Faculdade, Cidade<\/a><\/li>\n<li style=\"text-align: justify;\"><a href=\"http:\/\/www.bibvirtuais.ufrj.br\/artescenicas\/\" target=\"_blank\" rel=\"noopener\">Biblioteca Virtual de Artes C\u00eanicas da UFRJ<\/a><\/li>\n<li style=\"text-align: justify;\"><a href=\"http:\/\/www.grupogalpao.com.br\" target=\"_blank\" rel=\"noopener\">Grupo Galp\u00e3o<\/a><\/li>\n<li style=\"text-align: justify;\"><a href=\"http:\/\/www.jornaldeteatro.com.br\" target=\"_blank\" rel=\"noopener\"> Jornal de Teatro<\/a> : Destinado \u00e0s produ\u00e7\u00f5es teatrais e \u00e0 estrutura organizacional envolvida no processo c\u00eanico.<\/li>\n<li style=\"text-align: justify;\"><a href=\"http:\/\/cialunalunera.blogspot.com\/\" target=\"_blank\" rel=\"noopener\">Luna Lunera<\/a> &#8211; Companhia de Teatro<\/li>\n<li style=\"text-align: justify;\"><a href=\"http:\/\/www.obonecoeasociedade.blogspot.com\/\" target=\"_blank\" rel=\"noopener\">Teatro de Boneco<\/a> : Cia dos Ventos, empresa de espet\u00e1culos, produ\u00e7\u00e3o e cria\u00e7\u00e3o de bonecos de todos os tipos, fundada em 1994<\/li>\n<li style=\"text-align: justify;\"><a href=\"http:\/\/www.giramundo.org\/\" target=\"_blank\" rel=\"noopener\">Giramundo<\/a><\/li>\n<li style=\"text-align: justify;\"><a href=\"http:\/\/www.palcobh.com.br\/\" target=\"_blank\" rel=\"noopener\">Palco BH<\/a> :\u00a0 Teatros, Informa\u00e7\u00f5es sobre a programa\u00e7\u00e3o, Palco , Palestras, Palquinho, Artes C\u00eanicas, Palco na Dan\u00e7a, Outros palcos, Entrevistas, Palco educa\u00e7\u00e3o, Ingresso, &#8230;<\/li>\n<li style=\"text-align: justify;\"><a href=\"http:\/\/www.fitbh.com.br\/\" target=\"_blank\" rel=\"noopener\"> FIT BH<\/a> : Festival Internacional de Teatro Palco e Rua de Belo Horizonte<\/li>\n<li style=\"text-align: justify;\"><a href=\"www.fcs.mg.gov.br\/\" target=\"_blank\" rel=\"noopener\"> Funda\u00e7\u00e3o Cl\u00f3vis Salgado<\/a><\/li>\n<li style=\"text-align: justify;\"><a href=\"http:\/\/blogs.estadao.com.br\/teatro\" target=\"_blank\" rel=\"noopener\">Teatro Estad\u00e3o<\/a><\/li>\n<li style=\"text-align: justify;\"><a href=\"http:\/\/www.candotti.com.br\/\" target=\"_blank\" rel=\"noopener\">Candotti Cenografia<\/a><\/li>\n<li style=\"text-align: justify;\"><a href=\"http:\/\/parlapablog.blogspot.com\" target=\"_blank\" rel=\"noopener\"> Parlapat\u00f5es<\/a><\/li>\n<li style=\"text-align: justify;\"><a href=\"http:\/\/www.questaodecritica.com.br\/\" target=\"_blank\" rel=\"noopener\">http:\/\/www.questaodecritica.com.br\/<\/a><\/li>\n<\/ul>\n\n\n<p>A bibliografia abaixo cont\u00e9m links de artigos, anais de eventos cient\u00edficos, disserta\u00e7\u00f5es e teses com a tem\u00e1tica do Teatro Negro. <\/p>\n\n\n\n<div data-wp-interactive=\"core\/file\" class=\"wp-block-file\"><object data-wp-bind--hidden=\"!state.hasPdfPreview\" hidden class=\"wp-block-file__embed\" data=\"https:\/\/bibliobelas.eba.ufmg.br\/wp-content\/uploads\/2022\/07\/bibliografia_teatro-negro.pdf\" type=\"application\/pdf\" style=\"width:100%;height:600px;\" aria-label=\"Incorporado de M\u00eddia incorporada de bibliografia_teatro-negro..\"><\/object><a id=\"wp-block-file--media-93ed4c07-f2c5-48a1-92ca-21b6da3bcad9\" href=\"https:\/\/bibliobelas.eba.ufmg.br\/wp-content\/uploads\/2022\/07\/bibliografia_teatro-negro.pdf\">bibliografia_teatro-negro<\/a><a href=\"https:\/\/bibliobelas.eba.ufmg.br\/wp-content\/uploads\/2022\/07\/bibliografia_teatro-negro.pdf\" class=\"wp-block-file__button wp-element-button\" download aria-describedby=\"wp-block-file--media-93ed4c07-f2c5-48a1-92ca-21b6da3bcad9\">Baixar<\/a><\/div>\n","protected":false},"excerpt":{"rendered":"<p>O Tablado &#8211; Cadernos de Teatro EMAC \u2013 Escola de m\u00fasica e artes c\u00eanicas ARTES C\u00caNICAS &#8211; Guia por Faculdade, Cidade Biblioteca Virtual de Artes C\u00eanicas da UFRJ Grupo Galp\u00e3o Jornal de Teatro : Destinado \u00e0s produ\u00e7\u00f5es teatrais e \u00e0 estrutura organizacional envolvida no processo c\u00eanico. Luna Lunera &#8211; Companhia de Teatro Teatro de Boneco &hellip; <a href=\"https:\/\/bibliobelas.eba.ufmg.br\/index.php\/conteudos-digitais-de-artes\/links-interessantes\/teatro\/\" class=\"more-link\">Continue lendo <span class=\"screen-reader-text\">Teatro<\/span> <span class=\"meta-nav\">&rarr;<\/span><\/a><\/p>\n","protected":false},"author":1,"featured_media":0,"parent":37,"menu_order":5,"comment_status":"open","ping_status":"open","template":"","meta":{"footnotes":""},"class_list":["post-646","page","type-page","status-publish","hentry"],"_links":{"self":[{"href":"https:\/\/bibliobelas.eba.ufmg.br\/index.php\/wp-json\/wp\/v2\/pages\/646","targetHints":{"allow":["GET"]}}],"collection":[{"href":"https:\/\/bibliobelas.eba.ufmg.br\/index.php\/wp-json\/wp\/v2\/pages"}],"about":[{"href":"https:\/\/bibliobelas.eba.ufmg.br\/index.php\/wp-json\/wp\/v2\/types\/page"}],"author":[{"embeddable":true,"href":"https:\/\/bibliobelas.eba.ufmg.br\/index.php\/wp-json\/wp\/v2\/users\/1"}],"replies":[{"embeddable":true,"href":"https:\/\/bibliobelas.eba.ufmg.br\/index.php\/wp-json\/wp\/v2\/comments?post=646"}],"version-history":[{"count":2,"href":"https:\/\/bibliobelas.eba.ufmg.br\/index.php\/wp-json\/wp\/v2\/pages\/646\/revisions"}],"predecessor-version":[{"id":8196,"href":"https:\/\/bibliobelas.eba.ufmg.br\/index.php\/wp-json\/wp\/v2\/pages\/646\/revisions\/8196"}],"up":[{"embeddable":true,"href":"https:\/\/bibliobelas.eba.ufmg.br\/index.php\/wp-json\/wp\/v2\/pages\/37"}],"wp:attachment":[{"href":"https:\/\/bibliobelas.eba.ufmg.br\/index.php\/wp-json\/wp\/v2\/media?parent=646"}],"curies":[{"name":"wp","href":"https:\/\/api.w.org\/{rel}","templated":true}]}}