{"id":66,"date":"2010-11-11T17:37:47","date_gmt":"2010-11-11T19:37:47","guid":{"rendered":"http:\/\/bibliobelas.wordpress.com\/"},"modified":"2023-12-05T17:00:45","modified_gmt":"2023-12-05T20:00:45","slug":"regulamento","status":"publish","type":"page","link":"https:\/\/bibliobelas.eba.ufmg.br\/index.php\/a-biblioteca\/regulamento\/","title":{"rendered":"Regulamento"},"content":{"rendered":"\n<p class=\"has-text-align-center\"><strong>Regulamento do Sistema de Bibliotecas<\/strong><\/p>\n\n\n\n<p class=\"has-text-align-left\"><strong>Sobre o regulamento<\/strong><br>1.1 &#8211; Este regulamento ir\u00e1 tratar de:<br>I &#8211; <a href=\"https:\/\/bibliobelas.eba.ufmg.br\/index.php\/taxas\/\">Cadastramento de usu\u00e1rios<\/a><br>II &#8211; <a href=\"https:\/\/bibliobelas.eba.ufmg.br\/index.php\/servicos\/emprestimo-domiciliar\/\">Empr\u00e9stimos<\/a><br>III &#8211; Reserva<br>IV &#8211; Renova\u00e7\u00e3o<br>V &#8211; <a href=\"https:\/\/bibliobelas.eba.ufmg.br\/index.php\/taxas\/\">Taxas e emolumentos<\/a><br>VI &#8211; Responsabilidades dos leitores<br>VII &#8211; Cadastramento de usu\u00e1rios<\/p>\n\n\n\n<p class=\"has-text-align-left\"><strong>Sobre os Usu\u00e1rios<\/strong><\/p>\n\n\n\n<p class=\"has-text-align-left\">2.1 &#8211; S\u00e3o considerados usu\u00e1rios das bibliotecas da UFMG:<br>I &#8211; Alunos da UFMG regularmente matriculados nos cursos de:<br>a) Gradua\u00e7\u00e3o;<br>b) P\u00f3s-Gradua\u00e7\u00e3o nos cursos de Doutorado, Mestrado e Especializa\u00e7\u00e3o;<br>c) Cursos T\u00e9cnicos (Ensino M\u00e9dio);<br>d) Ensino fundamental.<br>II &#8211; Alunos visitantes relacionados a projetos\/conv\u00eanios de interc\u00e2mbio<br>interinstitucional, tanto nacionais como estrangeiros, regularmente matriculados na UFMG;<br>III &#8211; Alunos de aperfei\u00e7oamento;<br>IV &#8211; Professores na ativa e aposentados;<br>V &#8211; Professores e artistas visitantes durante a validade do contrato;<br>VI &#8211; Professores substitutos e\/ou contratados durante a validade do contrato;<br>VII &#8211; Pesquisadores durante a validade da Bolsa de Pesquisa;<br>VIII &#8211; Funcion\u00e1rios na ativa e aposentados;<br>IX &#8211; Funcion\u00e1rios durante a validade do contrato, contratados pela:<br>a) Cruz Vermelha; &#8211; Cadastro de menores da Cruz Vermelha<br>b) Funda\u00e7\u00f5es;<br>c) Casu;<br>d) Multicoop;<br>e) Fump;<br>f) Assufemg;<br>g) Empresas terceirizadas; Modelo carta funcion\u00e1rios terceirizados<br>X &#8211; Residentes;<br>XI &#8211; Projeto Veredas;<br>XII \u2013 Tutores \u00e0 Dist\u00e2ncia;<br>XIII \u2013 Programa Provoc;<br>XIV \u2013 Usu\u00e1rios do Carro Biblioteca (Neste caso, os empr\u00e9stimos s\u00e3o somente do acervo do Carro);<br>XV \u2013 Mobilidade Estudantil.<\/p>\n\n\n\n<p class=\"has-text-align-left\"><strong>Sobre os documentos necess\u00e1rios para o cadastro na biblioteca<\/strong><\/p>\n\n\n\n<p class=\"has-text-align-left\">3.1 &#8211; Os alunos, professores e funcion\u00e1rios devidamente registrados na UFMG ser\u00e3o cadastrados automaticamente no Sistema de Bibliotecas.<br>3.2 &#8211; Os mesmos dever\u00e3o solicitar a carteira de usu\u00e1rio na biblioteca da<br>unidade de origem, portando os seguintes documentos:<br>Alunos: Carteira de Identidade e comprovante de matr\u00edcula.<br>Professores e funcion\u00e1rios: carteira funcional ou contracheque e Carteira de Identidade.<br>3.3 &#8211; Os demais usu\u00e1rios ser\u00e3o cadastrados manualmente na biblioteca de origem mediante comprovante de v\u00ednculo com a UFMG constando a validade do contrato, Carteira de Identidade e comprovante de endere\u00e7o.<br>3.4 &#8211; A carteira de usu\u00e1rio tem validade em todo o Sistema de Bibliotecas da UFMG enquanto for mantido o v\u00ednculo institucional. (Exceto para os usu\u00e1rios do Carro Biblioteca).<br>3.5 &#8211; Os funcion\u00e1rios contratados dever\u00e3o encaminhar \u00e0 biblioteca de sua unidade uma carta em papel timbrado da empresa, assinada pelo diretor ou presidente, com texto que declare estar o mesmo ciente que qualquer d\u00e9bito, seja de multa, material n\u00e3o devolvido, ou qualquer outro dano causado ao material bibliogr\u00e1fico pelo funcion\u00e1rio e n\u00e3o assumido por ele, ser\u00e1 obrigatoriamente ressarcido pela empresa.<\/p>\n\n\n\n<p class=\"has-text-align-left\"><strong>Sobre os empr\u00e9stimos<\/strong><\/p>\n\n\n\n<p class=\"has-text-align-left\">4.1 &#8211; O empr\u00e9stimo \u00e9 facultado \u00e0s categorias descritas no item 2.1 atrav\u00e9s da<br>apresenta\u00e7\u00e3o da carteira de usu\u00e1rios.<br>4.2 &#8211; O cadastramento \u00e9 indispens\u00e1vel para a retirada de obras por<br>empr\u00e9stimo.<br>4.3 &#8211; S\u00e3o modalidades de empr\u00e9stimo dispon\u00edveis:<br>I &#8211; Empr\u00e9stimo domiciliar;<br>II &#8211; Empr\u00e9stimo na Institui\u00e7\u00e3o;<br>III \u2013 Cole\u00e7\u00e3o de reserva;<br>IV \u2013 Empr\u00e9stimo entre bibliotecas;<br>V \u2013 Empr\u00e9stimo r\u00e1pido \u2013 comunidade externa.<br>4.4 &#8211; Empr\u00e9stimo domiciliar \u00e9 aquele que recebe o prazo de empr\u00e9stimo<br>estabelecido pelo Sistema de Bibliotecas da UFMG.<br>4.5 &#8211; Empr\u00e9stimo na institui\u00e7\u00e3o compreende o empr\u00e9stimo por tempo reduzido de material a ser utilizado em sala de aula, laborat\u00f3rio e salas de trabalho dentro da unidade a qual esteja vinculada \u00e0 biblioteca.<br>4.6 &#8211; S\u00e3o considerados materiais da sala de reserva as bibliografias b\u00e1sicas, solicitadas por professores, que permanecer\u00e3o na biblioteca por prazo determinado para consulta e\/ou empr\u00e9stimo por prazos previamente definidos (hora\/dias).<\/p>\n\n\n\n<p class=\"has-text-align-left\"><strong>Sobre os prazos de empr\u00e9stimo<\/strong><\/p>\n\n\n\n<p class=\"has-text-align-left\">5.1 &#8211; Os prazos de empr\u00e9stimo s\u00e3o definidos pelas bibliotecas do Sistema.<br>5.2 &#8211; O empr\u00e9stimo da Cole\u00e7\u00e3o de reserva ser\u00e1 realizado por hora.<\/p>\n\n\n\n<p class=\"has-text-align-left\"><strong>Sobre o limite de obras para empr\u00e9stimo<\/strong><\/p>\n\n\n\n<p class=\"has-text-align-left\">6.1 &#8211; O n\u00famero de obras permitido para empr\u00e9stimo padr\u00e3o, para cada usu\u00e1rio, \u00e9 de at\u00e9 07 (sete) obras para professores, alunos de p\u00f3s-gradua\u00e7\u00e3o e pesquisadores e de at\u00e9 05 (cinco) obras para as demais categorias. Para o usu\u00e1rio do Carro Biblioteca, o limite \u00e9 de 02 (duas) obras.<br>6.2 &#8211; \u00c9 permitido o empr\u00e9stimo padr\u00e3o e\/ou especial para os materiais a seguir:<br>I &#8211; Monografias, mais especificamente livros, monografias, disserta\u00e7\u00f5es, teses e folhetos;<br>II &#8211; Mapas;<br>III &#8211; Multimeios, mais especificamente fitas de v\u00eddeo, slides, entre outros;<br>IV &#8211; Partituras.<br>6.3 &#8211; N\u00e3o \u00e9 permitido o empr\u00e9stimo padr\u00e3o dos materiais a seguir:<br>I &#8211; Obras de refer\u00eancia, tais como enciclop\u00e9dias, abstracts, \u00edndices,<br>bibliografias, diret\u00f3rios e similares;<br>II &#8211; Obras Raras e Cole\u00e7\u00f5es Especiais;<br>III \u2013 Peri\u00f3dicos. (Exceto para algumas bibliotecas do Sistema que efetuam o empr\u00e9stimo padr\u00e3o desse tipo de material)<br>Sobre a devolu\u00e7\u00e3o de materiais<br>7 .1 &#8211; As obras podem ser devolvidas em qualquer biblioteca do Sistema exceto aquelas que foram emprestadas na modalidade empr\u00e9stimo especial ou materiais especiais, como mapas, fitas de v\u00eddeo, Dvds, partituras, etc. Esses materiais dever\u00e3o ser devolvidos na biblioteca de origem.<\/p>\n\n\n\n<p class=\"has-text-align-left\"><strong>Sobre a reposi\u00e7\u00e3o de materiais<\/strong><\/p>\n\n\n\n<p class=\"has-text-align-left\">8.1 &#8211; Em caso de perda, extravio ou de qualquer dano f\u00edsico constatado no material, o leitor dever\u00e1 realizar sua reposi\u00e7\u00e3o substituindo-o por:<br>I &#8211; Outro exemplar de mesmo autor, t\u00edtulo, data e edi\u00e7\u00e3o igual ou superior;<br>II &#8211; Obra similar em caso de obra esgotada, definida pela biblioteca;<br>III &#8211; Obra definida conforme pol\u00edtica da biblioteca setorial.<\/p>\n\n\n\n<p class=\"has-text-align-left\"><strong>Sobre a reserva de obras<\/strong><\/p>\n\n\n\n<p class=\"has-text-align-left\">9.1 &#8211; As reservas poder\u00e3o ser feitas, desde que a(s) obra(s) desejada(s) n\u00e3o estejam dispon\u00edveis no acervo.<br>9.2 &#8211; A reserva \u00e9 nominal, obedecendo \u00e0 ordem cronol\u00f3gica de solicita\u00e7\u00f5es. Pode ser feita nas bibliotecas do Sistema ou online.<br>9.3 &#8211; A obra em reserva, quando do retorno \u00e0 biblioteca, estar\u00e1 dispon\u00edvel para o primeiro usu\u00e1rio da lista pelo prazo de 24 horas, a partir da data e hora da libera\u00e7\u00e3o, observando o hor\u00e1rio de funcionamento de cada biblioteca.<br>9.4 &#8211; Ap\u00f3s este per\u00edodo a obra ser\u00e1 liberada automaticamente, para o usu\u00e1rio seguinte ou ficar\u00e1 dispon\u00edvel no acervo.<\/p>\n\n\n\n<p class=\"has-text-align-left\"><strong>Sobre a renova\u00e7\u00e3o de obras<\/strong><\/p>\n\n\n\n<p class=\"has-text-align-left\">10.1 &#8211; O empr\u00e9stimo poder\u00e1 ser renovado em qualquer biblioteca do Sistema ou online desde que n\u00e3o haja pedido de reserva.<br>10.2 &#8211; A renova\u00e7\u00e3o poder\u00e1 ocorrer em qualquer biblioteca do Sistema UFMG ou online, exceto quando se referir a materiais especiais tais como mapas, slides, fitas de v\u00eddeo, entre outros.<br>10.3 &#8211; O Sistema aceita efetuar renova\u00e7\u00e3o da(s) obra(s) por 10 (dez) vezes. Na d\u00e9cima primeira vez, o usu\u00e1rio ter\u00e1 que devolv\u00ea-la(s).<br>Orienta\u00e7\u00e3o: Fa\u00e7a a renova\u00e7\u00e3o com 1 (um) dia de anteced\u00eancia para evitar problemas e\/ou multas.<\/p>\n\n\n\n<p class=\"has-text-align-left\"><strong>Sobre as responsabilidades dos usu\u00e1rios<\/strong><\/p>\n\n\n\n<p class=\"has-text-align-left\">11.1 &#8211; O uso da carteira e senha \u00e9 pessoal e intransfer\u00edvel;<br>11.2 &#8211; Deve o usu\u00e1rio cadastrado no Sistema de Bibliotecas:<br>I &#8211; Em caso de perda ou extravio da carteira de usu\u00e1rio, comunicar<br>imediatamente o fato a qualquer biblioteca do Sistema;<br>II &#8211; Manter atualizado o cadastro de dados pessoais, dispon\u00edvel via web;<br>III &#8211; Devolver o material da biblioteca dentro dos prazos estabelecidos;<br>IV &#8211; Atender aos pedidos de comparecimento \u00e0 Biblioteca quando solicitado;<br>V &#8211; Pagar os d\u00e9bitos referentes \u00e0s multas, no caso de atraso na devolu\u00e7\u00e3o do material;<br>VI &#8211; Em caso de perda, extravio, roubo ou dano f\u00edsico constatado no material, repor o mesmo ou indenizar a biblioteca quando n\u00e3o for poss\u00edvel a reposi\u00e7\u00e3o. A reposi\u00e7\u00e3o se dar\u00e1 de acordo com o item 8.1;<br>VII- Zelar pela integridade das obras sob sua responsabilidade visando a sua preserva\u00e7\u00e3o.<br>VIII &#8211; Utilizar o guarda-volumes somente quando estiver nas depend\u00eancias da biblioteca;<br>IX &#8211; Deixar bolsas, mochilas, pastas e pacotes no guarda-volumes;<br>X &#8211; Respeitar o hor\u00e1rio de funcionamento da biblioteca;<br>XI &#8211; Desligar o celular ou coloc\u00e1-lo no modo silencioso ao entrar na biblioteca; XIII &#8211; N\u00e3o portar ou mesmo consumir alimentos ou bebidas no interior da biblioteca;<br>XIV &#8211; Usar o sal\u00e3o de leitura e cabines de estudo unicamente para os fins a elas propostos, sendo a sala de leitura para estudos individual e\/ou em grupo.<br>11.3 &#8211; \u00c9 direito do usu\u00e1rio cadastrado no Sistema de Bibliotecas:<br>I &#8211; Renovar o empr\u00e9stimo da obra, via web, caso n\u00e3o haja reserva para a<br>mesma;<br>II &#8211; Acompanhar o hist\u00f3rico de movimenta\u00e7\u00f5es de empr\u00e9stimos, renova\u00e7\u00f5es e reserva via web para estar sempre a par dos prazos.<\/p>\n\n\n\n<p><strong>Fonte:<\/strong><\/p>\n\n\n\n<p><strong>Biblioteca Universit\u00e1ria da UFMG<\/strong><\/p>\n\n\n\n<p><a href=\"https:\/\/www.bu.ufmg.br\/bcentral\/normas-e-regulamentos\/\">https:\/\/www.bu.ufmg.br\/bcentral\/normas-e-regulamentos\/<\/a><\/p>\n\n\n\n<p><strong>Acesso em: 5 dez. 2023.<\/strong><\/p>\n","protected":false},"excerpt":{"rendered":"<p>Regulamento do Sistema de Bibliotecas Sobre o regulamento1.1 &#8211; Este regulamento ir\u00e1 tratar de:I &#8211; Cadastramento de usu\u00e1riosII &#8211; Empr\u00e9stimosIII &#8211; ReservaIV &#8211; Renova\u00e7\u00e3oV &#8211; Taxas e emolumentosVI &#8211; Responsabilidades dos leitoresVII &#8211; Cadastramento de usu\u00e1rios Sobre os Usu\u00e1rios 2.1 &#8211; S\u00e3o considerados usu\u00e1rios das bibliotecas da UFMG:I &#8211; Alunos da UFMG regularmente matriculados nos &hellip; <a href=\"https:\/\/bibliobelas.eba.ufmg.br\/index.php\/a-biblioteca\/regulamento\/\" class=\"more-link\">Continue lendo <span class=\"screen-reader-text\">Regulamento<\/span> <span class=\"meta-nav\">&rarr;<\/span><\/a><\/p>\n","protected":false},"author":1,"featured_media":0,"parent":20,"menu_order":4,"comment_status":"closed","ping_status":"open","template":"","meta":{"footnotes":""},"class_list":["post-66","page","type-page","status-publish","hentry"],"_links":{"self":[{"href":"https:\/\/bibliobelas.eba.ufmg.br\/index.php\/wp-json\/wp\/v2\/pages\/66","targetHints":{"allow":["GET"]}}],"collection":[{"href":"https:\/\/bibliobelas.eba.ufmg.br\/index.php\/wp-json\/wp\/v2\/pages"}],"about":[{"href":"https:\/\/bibliobelas.eba.ufmg.br\/index.php\/wp-json\/wp\/v2\/types\/page"}],"author":[{"embeddable":true,"href":"https:\/\/bibliobelas.eba.ufmg.br\/index.php\/wp-json\/wp\/v2\/users\/1"}],"replies":[{"embeddable":true,"href":"https:\/\/bibliobelas.eba.ufmg.br\/index.php\/wp-json\/wp\/v2\/comments?post=66"}],"version-history":[{"count":7,"href":"https:\/\/bibliobelas.eba.ufmg.br\/index.php\/wp-json\/wp\/v2\/pages\/66\/revisions"}],"predecessor-version":[{"id":8067,"href":"https:\/\/bibliobelas.eba.ufmg.br\/index.php\/wp-json\/wp\/v2\/pages\/66\/revisions\/8067"}],"up":[{"embeddable":true,"href":"https:\/\/bibliobelas.eba.ufmg.br\/index.php\/wp-json\/wp\/v2\/pages\/20"}],"wp:attachment":[{"href":"https:\/\/bibliobelas.eba.ufmg.br\/index.php\/wp-json\/wp\/v2\/media?parent=66"}],"curies":[{"name":"wp","href":"https:\/\/api.w.org\/{rel}","templated":true}]}}