{"id":6731,"date":"2022-03-22T11:03:20","date_gmt":"2022-03-22T14:03:20","guid":{"rendered":"https:\/\/bibliobelas.wordpress.com\/?page_id=6731"},"modified":"2024-09-20T15:05:03","modified_gmt":"2024-09-20T18:05:03","slug":"colecao-do-teatro-universitario","status":"publish","type":"page","link":"https:\/\/bibliobelas.eba.ufmg.br\/index.php\/a-biblioteca\/colecao-do-teatro-universitario\/","title":{"rendered":"Teatro Universit\u00e1rio"},"content":{"rendered":"\n<p class=\"has-text-align-justify\">O Teatro Universit\u00e1rio (TU) \u00e9 uma escola de forma\u00e7\u00e3o de atores em n\u00edvel t\u00e9cnico vinculada \u00e0 Escola de Educa\u00e7\u00e3o B\u00e1sica e Profissional (EBAP) da UFMG, exercendo um importante papel no cen\u00e1rio art\u00edstico-cultural local e nacional.  <\/p>\n\n\n\n<p class=\"has-text-align-justify\">Em 2009, a escola migrou para o campus da Pampulha e o acervo da Biblioteca do TU foi acondicionado na Biblioteca da Escola de Belas Artes da UFMG. <\/p>\n\n\n\n<p class=\"has-text-align-justify\">O acervo do TU conta com aproximadamente 9 mil exemplares, contendo obras nas \u00e1reas de artes, teatro e literatura. <\/p>\n\n\n\n<figure class=\"wp-block-gallery has-nested-images columns-2 is-cropped wp-block-gallery-1 is-layout-flex wp-block-gallery-is-layout-flex\">\n<figure class=\"wp-block-image size-full\"><a href=\"https:\/\/bibliobelas.eba.ufmg.br\/wp-content\/uploads\/2022\/03\/img_20220322_114344-1.jpg\"><img decoding=\"async\" data-id=\"6746\" src=\"https:\/\/bibliobelas.eba.ufmg.br\/wp-content\/uploads\/2022\/03\/img_20220322_114344-1.jpg\" alt=\"\" class=\"wp-image-6746\"\/><\/a><\/figure>\n\n\n\n<figure class=\"wp-block-image size-large\"><a href=\"https:\/\/bibliobelas.eba.ufmg.br\/wp-content\/uploads\/2022\/03\/img_20220322_114307.jpg\"><img decoding=\"async\" data-id=\"6745\" src=\"https:\/\/bibliobelas.eba.ufmg.br\/wp-content\/uploads\/2022\/03\/img_20220322_114307.jpg\" alt=\"\" class=\"wp-image-6745\"\/><\/a><\/figure>\n\n\n\n<figure class=\"wp-block-image size-large\"><a href=\"https:\/\/bibliobelas.eba.ufmg.br\/wp-content\/uploads\/2022\/03\/img_20220322_114408.jpg\"><img decoding=\"async\" data-id=\"6747\" src=\"https:\/\/bibliobelas.eba.ufmg.br\/wp-content\/uploads\/2022\/03\/img_20220322_114408.jpg\" alt=\"\" class=\"wp-image-6747\"\/><\/a><\/figure>\n<figcaption class=\"blocks-gallery-caption wp-element-caption\">Acervo do Teatro Universit\u00e1rio acondicionado na Biblioteca da EBA.<\/figcaption><\/figure>\n\n\n\n<h3 class=\"wp-block-heading\">Hist\u00f3ria<\/h3>\n\n\n\n<p class=\"has-text-align-justify\">A origem do Teatro Universit\u00e1rio (TU) remonta \u00e0 cria\u00e7\u00e3o do Grupo de Teatro de Estudantes, que foi reconhecido pelo Conselho Universit\u00e1rio da UFMG em 09 de dezembro de 1947. E j\u00e1 em 1952, torna-se Teatro Universit\u00e1rio adquirindo um status e um perfil de escola dentro da universidade. Em 1957, o TU passa a ofertar regularmente um curso de extens\u00e3o de forma\u00e7\u00e3o de atores, e somente na d\u00e9cada de 1990 que o curso \u00e9 reconhecido como profissionalizante de ator em n\u00edvel de 2\u00b0 grau.<\/p>\n\n\n\n<p class=\"has-text-align-justify\">Na hist\u00f3ria do&nbsp;<strong>Teatro Universit\u00e1rio<\/strong>, destacamos alguns artistas\/professores importantes para o desenvolvimento da escola, como relata o decano da escola, professor Fernando Limoeiro:<\/p>\n\n\n\n<h4 class=\"wp-block-heading has-text-align-center\"><em>\u201cPontes de Paula Lima: importante intelectual da \u00e9poca e tradutor dos primeiros livros de Stanislavski para o Brasil, sendo uma refer\u00eancia nacional do teatro;&nbsp;Jo\u00e3o Etienne Filho: poeta, dramaturgo e treinador da sele\u00e7\u00e3o oficial de basquete do Minas T\u00eanis Clube, que tamb\u00e9m deixou sua marca de grande ator. Etienne tamb\u00e9m era mentor de Fernando Sabino, Otto Lara Resende, H\u00e9lio Pellegrino e Paulo Mendes Campos, conhecidos como &#8220;Os quatro cavaleiros de um \u00edntimo apocalipse&#8221;;&nbsp;Ot\u00e1vio Cardoso: diretor art\u00edstico de v\u00e1rios teleteatros, que adaptou, durante anos, v\u00e1rios cl\u00e1ssicos na TV ALTEROSA, tendo sido diretor do TU; e&nbsp;Hayd\u00e9e Bittencourt: que durante mais de 20 anos dirigiu o Teatro Universit\u00e1rio da UFMG. A import\u00e2ncia dos ensinamentos da mestra Hayd\u00e9e s\u00e3o sempre apontados por Francisco Cuoco \u2013 um dos seus alunos mais amados\u201d.<\/em><\/h4>\n\n\n\n<p><\/p>\n\n\n\n<p class=\"has-text-align-justify\">Em 2007, o TU altera seu v\u00ednculo institucional constituindo, junto com o Col\u00e9gio T\u00e9cnico e o Centro Pedag\u00f3gico, a Escola de Educa\u00e7\u00e3o B\u00e1sica e Profissional da UFMG, desvinculando-se da Pr\u00f3-Reitoria de Extens\u00e3o. Em 2009, o curso de teatro \u00e9 reconhecido pela SETEC\/MEC como de n\u00edvel t\u00e9cnico. Nesse mesmo ano, s\u00e3o inauguradas as instala\u00e7\u00f5es do TU no Campus Pampulha da UFMG. <\/p>\n\n\n\n<p class=\"has-text-align-justify\">Com uma trajet\u00f3ria de quase sete d\u00e9cadas nas artes c\u00eanicas em Minas Gerais, o TU contribui para a prepara\u00e7\u00e3o art\u00edstica e profissional de v\u00e1rias gera\u00e7\u00f5es de atores do teatro brasileiro, que atuam no \u00e2mbito nacional e internacional, bem como para a forma\u00e7\u00e3o de diversos grupos teatrais da cidade de Belo Horizonte. <\/p>\n\n\n<div class=\"wp-block-image\">\n<figure class=\"aligncenter size-large\"><a href=\"https:\/\/bibliobelas.eba.ufmg.br\/wp-content\/uploads\/2022\/03\/promo_tu.png\"><img loading=\"lazy\" decoding=\"async\" width=\"400\" height=\"200\" src=\"https:\/\/bibliobelas.eba.ufmg.br\/wp-content\/uploads\/2022\/03\/promo_tu.png?w=400\" alt=\"\" class=\"wp-image-6750\" srcset=\"https:\/\/bibliobelas.eba.ufmg.br\/wp-content\/uploads\/2022\/03\/promo_tu.png 400w, https:\/\/bibliobelas.eba.ufmg.br\/wp-content\/uploads\/2022\/03\/promo_tu-300x150.png 300w\" sizes=\"auto, (max-width: 400px) 100vw, 400px\" \/><\/a><\/figure>\n<\/div>\n\n\n<p>O Teatro Universit\u00e1rio tamb\u00e9m contribuiu, de forma decisiva, para a cria\u00e7\u00e3o do curso de gradua\u00e7\u00e3o em Teatro da UFMG, o que representou um grande avan\u00e7o para o desenvolvimentos das artes c\u00eanicas em todo o Brasil.<\/p>\n\n\n\n<h3 class=\"wp-block-heading\">Estrutura<\/h3>\n\n\n\n<p>O Teatro Universit\u00e1rio funcionou de 1990 at\u00e9 2009 num casar\u00e3o do bairro Santo Ant\u00f4nio, tombado pelo Patrim\u00f4nio Hist\u00f3rico . Suas instala\u00e7\u00f5es contavam com um teatro de bolso (espa\u00e7o para apresenta\u00e7\u00e3o de pe\u00e7as, com capacidade para cerca de 80 pessoas); um acervo de figurinos, objetos cenogr\u00e1ficos e equipamentos t\u00e9cnicos; uma biblioteca especializada com tr\u00eas mil t\u00edtulos de livros e cole\u00e7\u00e3o de 45 peri\u00f3dicos nacionais e internacionais; uma cantina cultural; assim como abrigou a sede nacional de Centro de Estudos Shakespeareanos.<\/p>\n\n\n<div class=\"wp-block-image\">\n<figure class=\"aligncenter size-large\"><a href=\"https:\/\/bibliobelas.eba.ufmg.br\/wp-content\/uploads\/2022\/03\/200px-teatro_ufmg.jpg\"><img loading=\"lazy\" decoding=\"async\" width=\"200\" height=\"267\" src=\"https:\/\/bibliobelas.eba.ufmg.br\/wp-content\/uploads\/2022\/03\/200px-teatro_ufmg.jpg?w=200\" alt=\"\" class=\"wp-image-6754\"\/><\/a><figcaption class=\"wp-element-caption\">Antigo pr\u00e9dio do Teatro Universit\u00e1rio no bairro Santo Ant\u00f4nio.<\/figcaption><\/figure>\n<\/div>\n\n\n<p>A partir de 2009, instalada no campus da Pampulha, a escola conta com oito salas de aula\/laborat\u00f3rios que atendem \u00e0 diversidade de demandas de ensino, pesquisa e extens\u00e3o. As salas possuem pisos de madeira, p\u00e9s direito adequados para recursos de ilumina\u00e7\u00e3o, barras de exerc\u00edcio nas paredes e espelhos. Vale destacar a sala Ot\u00e1vio Cardoso, que possui, inclusive, recursos para t\u00e9cnicas circenses; o espa\u00e7o de cenotecnia &#8211; que guarda o acervo de figurino e os materiais de som e luz dispon\u00edveis na escola; a \u00e1rea lindeira ao edif\u00edcio e outros espa\u00e7os do Campus UFMG, que t\u00eam capacidade de uso did\u00e1tico para a pr\u00e1tica das disciplinas. <\/p>\n\n\n<div class=\"wp-block-image\">\n<figure class=\"aligncenter size-large is-resized\"><a href=\"https:\/\/bibliobelas.eba.ufmg.br\/wp-content\/uploads\/2022\/03\/tu.jpg\"><img loading=\"lazy\" decoding=\"async\" width=\"712\" height=\"474\" src=\"https:\/\/bibliobelas.eba.ufmg.br\/wp-content\/uploads\/2022\/03\/tu.jpg?w=712\" alt=\"\" class=\"wp-image-6752\" style=\"width:500px;height:300px\" srcset=\"https:\/\/bibliobelas.eba.ufmg.br\/wp-content\/uploads\/2022\/03\/tu.jpg 712w, https:\/\/bibliobelas.eba.ufmg.br\/wp-content\/uploads\/2022\/03\/tu-300x200.jpg 300w\" sizes=\"auto, (max-width: 712px) 100vw, 712px\" \/><\/a><figcaption class=\"wp-element-caption\">Teatro Universit\u00e1rio da UFMG.<\/figcaption><\/figure>\n<\/div>\n\n\n<p><strong>CONTATO BIBLIOTECA DO TEATRO UNIVERSIT\u00c1RIO<\/strong><\/p>\n\n\n\n<p>E-mail: tu-bib@ebap.ufmg.br<\/p>\n\n\n\n<p>Telefone: (31)3409-5254<\/p>\n\n\n\n<p>Bibliotec\u00e1ria respons\u00e1vel: Adril\u00e9ia de Moura Lima<\/p>\n\n\n\n<p><\/p>\n","protected":false},"excerpt":{"rendered":"<p>O Teatro Universit\u00e1rio (TU) \u00e9 uma escola de forma\u00e7\u00e3o de atores em n\u00edvel t\u00e9cnico vinculada \u00e0 Escola de Educa\u00e7\u00e3o B\u00e1sica e Profissional (EBAP) da UFMG, exercendo um importante papel no cen\u00e1rio art\u00edstico-cultural local e nacional. Em 2009, a escola migrou para o campus da Pampulha e o acervo da Biblioteca do TU foi acondicionado na &hellip; <a href=\"https:\/\/bibliobelas.eba.ufmg.br\/index.php\/a-biblioteca\/colecao-do-teatro-universitario\/\" class=\"more-link\">Continue lendo <span class=\"screen-reader-text\">Teatro Universit\u00e1rio<\/span> <span class=\"meta-nav\">&rarr;<\/span><\/a><\/p>\n","protected":false},"author":1,"featured_media":0,"parent":20,"menu_order":5,"comment_status":"closed","ping_status":"closed","template":"","meta":{"footnotes":""},"class_list":["post-6731","page","type-page","status-publish","hentry"],"_links":{"self":[{"href":"https:\/\/bibliobelas.eba.ufmg.br\/index.php\/wp-json\/wp\/v2\/pages\/6731","targetHints":{"allow":["GET"]}}],"collection":[{"href":"https:\/\/bibliobelas.eba.ufmg.br\/index.php\/wp-json\/wp\/v2\/pages"}],"about":[{"href":"https:\/\/bibliobelas.eba.ufmg.br\/index.php\/wp-json\/wp\/v2\/types\/page"}],"author":[{"embeddable":true,"href":"https:\/\/bibliobelas.eba.ufmg.br\/index.php\/wp-json\/wp\/v2\/users\/1"}],"replies":[{"embeddable":true,"href":"https:\/\/bibliobelas.eba.ufmg.br\/index.php\/wp-json\/wp\/v2\/comments?post=6731"}],"version-history":[{"count":2,"href":"https:\/\/bibliobelas.eba.ufmg.br\/index.php\/wp-json\/wp\/v2\/pages\/6731\/revisions"}],"predecessor-version":[{"id":8298,"href":"https:\/\/bibliobelas.eba.ufmg.br\/index.php\/wp-json\/wp\/v2\/pages\/6731\/revisions\/8298"}],"up":[{"embeddable":true,"href":"https:\/\/bibliobelas.eba.ufmg.br\/index.php\/wp-json\/wp\/v2\/pages\/20"}],"wp:attachment":[{"href":"https:\/\/bibliobelas.eba.ufmg.br\/index.php\/wp-json\/wp\/v2\/media?parent=6731"}],"curies":[{"name":"wp","href":"https:\/\/api.w.org\/{rel}","templated":true}]}}