{"id":6853,"date":"2022-04-04T14:22:23","date_gmt":"2022-04-04T17:22:23","guid":{"rendered":"https:\/\/bibliobelas.wordpress.com\/?page_id=6853"},"modified":"2022-04-04T14:22:23","modified_gmt":"2022-04-04T17:22:23","slug":"treinamento-on-line-2","status":"publish","type":"page","link":"https:\/\/bibliobelas.eba.ufmg.br\/index.php\/servicos\/treinamento-on-line-2\/","title":{"rendered":"Treinamento on-line"},"content":{"rendered":"<div class=\"wp-block-image\">\n<figure class=\"aligncenter size-large is-resized\"><a href=\"https:\/\/virtual.ufmg.br\/plataforma\/course\/view.php?id=233\" target=\"_blank\" rel=\"noreferrer noopener\"><img loading=\"lazy\" decoding=\"async\" src=\"https:\/\/bibliobelas.eba.ufmg.br\/wp-content\/uploads\/2022\/04\/treinamento-on-line-1.png?w=786\" alt=\"\" class=\"wp-image-7068\" width=\"501\" height=\"198\" srcset=\"https:\/\/bibliobelas.eba.ufmg.br\/wp-content\/uploads\/2022\/04\/treinamento-on-line-1.png 786w, https:\/\/bibliobelas.eba.ufmg.br\/wp-content\/uploads\/2022\/04\/treinamento-on-line-1-300x118.png 300w, https:\/\/bibliobelas.eba.ufmg.br\/wp-content\/uploads\/2022\/04\/treinamento-on-line-1-768x303.png 768w\" sizes=\"auto, (max-width: 501px) 100vw, 501px\" \/><\/a><figcaption>Clique na imagem para ser redirecionado ao Treinamento.<\/figcaption><\/figure>\n<\/div>\n\n\n<h2 class=\"wp-block-heading\"><strong><mark style=\"background-color:rgba(0, 0, 0, 0);color:#0608ec;\" class=\"has-inline-color\"><span style=\"text-decoration:underline;\"><a href=\"https:\/\/virtual.ufmg.br\/plataforma\/course\/view.php?id=233\" target=\"_blank\" rel=\"noreferrer noopener\">Treinamento<\/a><\/span><\/mark><\/strong> (<a rel=\"noreferrer noopener\" href=\"https:\/\/virtual.ufmg.br\/plataforma\/course\/view.php?id=233\" target=\"_blank\">clique<\/a>)<\/h2>\n\n\n\n<p><\/p>\n\n\n\n<p class=\"has-text-align-justify\">Para se cadastrar no Sistema de Bibliotecas da UFMG, \u00e9 necess\u00e1rio fazer o treinamento on-line que apresenta, em cerca de quatro horas, os servi\u00e7os prestados pelas 25 bibliotecas, bem como os direitos e deveres de quem os utiliza. A inscri\u00e7\u00e3o pode ser feita, de forma autom\u00e1tica, na p\u00e1gina do curso.<\/p>\n\n\n\n<p class=\"has-text-align-justify\">Este treinamento \u00e9 uma prepara\u00e7\u00e3o para utiliza\u00e7\u00e3o das bibliotecas do Sistema de Bibliotecas da UFMG (SB\/UFMG). Desenvolvido por equipe de bibliotec\u00e1rios, conta com o suporte do Centro de Apoio \u00e0 Educa\u00e7\u00e3o a Dist\u00e2ncia da Universidade Federal de Minas Gerais (CAED\/UFMG) e do N\u00facleo de Acessibilidade e Inclus\u00e3o da Universidade Federal de Minas Gerais (NAI\/UFMG).<\/p>\n\n\n\n<p class=\"has-text-align-justify\">O treinamento tem carga hor\u00e1ria de 4 horas (sendo poss\u00edvel realiz\u00e1-lo em apenas 1 hora), e pretende introduzi-lo no universo das bibliotecas da UFMG. Seu objetivo \u00e9 prepar\u00e1-lo para utilizar as ferramentas informacionais oferecidas com pleno aproveitamento. S\u00e3o contemplados, tamb\u00e9m, direitos, deveres e compromisso do usu\u00e1rio com a preserva\u00e7\u00e3o dos recursos oferecidos pelas bibliotecas, tais como acervos, equipamentos e espa\u00e7os educativos e culturais da UFMG.<\/p>\n\n\n\n<p class=\"has-text-align-justify\">Ao final do treinamento, s\u00e3o propostas 10 quest\u00f5es referentes ao conte\u00fado apresentado, para avalia\u00e7\u00e3o do aproveitamento. \u00c9 preciso obter pontua\u00e7\u00e3o igual ou superior a 60% para habilit\u00e1-lo a usufruir dos servi\u00e7os oferecidos.<\/p>\n\n\n\n<p class=\"has-text-align-justify\">Ap\u00f3s sua aprova\u00e7\u00e3o, \u00e9 necess\u00e1rio <strong><span style=\"text-decoration:underline;\">encaminhar para o e-mail abaixo<\/span><\/strong>, a declara\u00e7\u00e3o digital comprovando sua aprova\u00e7\u00e3o no treinamento ou apresent\u00e1-la no balc\u00e3o da biblioteca. <\/p>\n\n\n\n<h2 class=\"has-text-align-center wp-block-heading\"><mark style=\"background-color:rgba(0, 0, 0, 0);color:#0608ec;\" class=\"has-inline-color\">bib-referencia@eba.ufmg.br<\/mark><\/h2>\n\n\n\n<p class=\"has-text-align-justify\"><\/p>\n","protected":false},"excerpt":{"rendered":"<p>Treinamento (clique) Para se cadastrar no Sistema de Bibliotecas da UFMG, \u00e9 necess\u00e1rio fazer o treinamento on-line que apresenta, em cerca de quatro horas, os servi\u00e7os prestados pelas 25 bibliotecas, bem como os direitos e deveres de quem os utiliza. A inscri\u00e7\u00e3o pode ser feita, de forma autom\u00e1tica, na p\u00e1gina do curso. Este treinamento \u00e9 &hellip; <a href=\"https:\/\/bibliobelas.eba.ufmg.br\/index.php\/servicos\/treinamento-on-line-2\/\" class=\"more-link\">Continue lendo <span class=\"screen-reader-text\">Treinamento on-line<\/span> <span class=\"meta-nav\">&rarr;<\/span><\/a><\/p>\n","protected":false},"author":1,"featured_media":0,"parent":36,"menu_order":11,"comment_status":"closed","ping_status":"closed","template":"page-templates\/full-width.php","meta":{"footnotes":""},"class_list":["post-6853","page","type-page","status-publish","hentry"],"_links":{"self":[{"href":"https:\/\/bibliobelas.eba.ufmg.br\/index.php\/wp-json\/wp\/v2\/pages\/6853","targetHints":{"allow":["GET"]}}],"collection":[{"href":"https:\/\/bibliobelas.eba.ufmg.br\/index.php\/wp-json\/wp\/v2\/pages"}],"about":[{"href":"https:\/\/bibliobelas.eba.ufmg.br\/index.php\/wp-json\/wp\/v2\/types\/page"}],"author":[{"embeddable":true,"href":"https:\/\/bibliobelas.eba.ufmg.br\/index.php\/wp-json\/wp\/v2\/users\/1"}],"replies":[{"embeddable":true,"href":"https:\/\/bibliobelas.eba.ufmg.br\/index.php\/wp-json\/wp\/v2\/comments?post=6853"}],"version-history":[{"count":0,"href":"https:\/\/bibliobelas.eba.ufmg.br\/index.php\/wp-json\/wp\/v2\/pages\/6853\/revisions"}],"up":[{"embeddable":true,"href":"https:\/\/bibliobelas.eba.ufmg.br\/index.php\/wp-json\/wp\/v2\/pages\/36"}],"wp:attachment":[{"href":"https:\/\/bibliobelas.eba.ufmg.br\/index.php\/wp-json\/wp\/v2\/media?parent=6853"}],"curies":[{"name":"wp","href":"https:\/\/api.w.org\/{rel}","templated":true}]}}