{"id":69,"date":"2010-11-11T17:38:51","date_gmt":"2010-11-11T19:38:51","guid":{"rendered":"http:\/\/bibliobelas.wordpress.com\/"},"modified":"2023-10-25T11:01:26","modified_gmt":"2023-10-25T14:01:26","slug":"historia","status":"publish","type":"page","link":"https:\/\/bibliobelas.eba.ufmg.br\/index.php\/a-biblioteca\/historia\/","title":{"rendered":"Hist\u00f3ria"},"content":{"rendered":"<p style=\"text-align: justify;\">O <a href=\"http:\/\/www.bu.ufmg.br\/\" target=\"_blank\" rel=\"noopener\">Sistema de Bibliotecas da UFMG<\/a>, coordenado tecnicamente pela Biblioteca Universit\u00e1ria (BU), \u00e9 composto por 26 bibliotecas.<\/p>\n<p class=\"txt_apr\">Sede da Escola de Belas Artes na UFMG, 1968.<\/p>\n<p class=\"texto\" style=\"text-align: justify;\">A Escola de Belas Artes da UFMG foi criada em 05 de abril de 1957, inicialmente, sob a forma de Curso de Arte na Escola de Arquitetura da UFMG. Posteriormente, foi transformada em Unidade Acad\u00eamica que se integrou ao sistema de Ensino Superior da Universidade por meio do Plano de Reestrutura\u00e7\u00e3o da Universidade Federal de Minas Gerais, aprovado pelo Decreto-Lei N\u00ba 62.317 de 28 de fevereiro de 1968.<\/p>\n<p style=\"text-align: justify;\">Criada em 1963 com um acervo mais especializado, a biblioteca da Escola de Belas Artes da UFMG atende as disciplinas dos cursos de Gradua\u00e7\u00e3o (Artes Visuais, Cinema de Anima\u00e7\u00e3o e Artes Digitais, Conserva\u00e7\u00e3o e Restaura\u00e7\u00e3o de Bens Culturais M\u00f3veis, Dan\u00e7a, Design de Moda e Teatro), P\u00f3s- Gradua\u00e7\u00e3o (especializa\u00e7\u00e3o em Artes Visuais e mestrado e doutorado em Artes), al\u00e9m dos cursos de extens\u00e3o.<\/p>\n<p style=\"text-align: justify;\">Visite tamb\u00e9m o site da <a href=\"https:\/\/www.eba.ufmg.br\/\" target=\"_blank\" rel=\"noopener\">Escola de Belas Artes\u00a0<\/a>e veja tamb\u00e9m a <a href=\"https:\/\/onedrive.live.com\/?authkey=%21APSCyB6e_gUi1Pw&amp;id=44B6AC75CE4FB1E8%212433&amp;cid=44B6AC75CE4FB1E8\">pasta da hemeroteca<\/a> da biblioteca com recortes hist\u00f3ricos da EBA .<\/p>\n","protected":false},"excerpt":{"rendered":"<p>O Sistema de Bibliotecas da UFMG, coordenado tecnicamente pela Biblioteca Universit\u00e1ria (BU), \u00e9 composto por 26 bibliotecas. Sede da Escola de Belas Artes na UFMG, 1968. A Escola de Belas Artes da UFMG foi criada em 05 de abril de 1957, inicialmente, sob a forma de Curso de Arte na Escola de Arquitetura da UFMG. &hellip; <a href=\"https:\/\/bibliobelas.eba.ufmg.br\/index.php\/a-biblioteca\/historia\/\" class=\"more-link\">Continue lendo <span class=\"screen-reader-text\">Hist\u00f3ria<\/span> <span class=\"meta-nav\">&rarr;<\/span><\/a><\/p>\n","protected":false},"author":1,"featured_media":0,"parent":20,"menu_order":1,"comment_status":"closed","ping_status":"open","template":"","meta":{"footnotes":""},"class_list":["post-69","page","type-page","status-publish","hentry"],"_links":{"self":[{"href":"https:\/\/bibliobelas.eba.ufmg.br\/index.php\/wp-json\/wp\/v2\/pages\/69","targetHints":{"allow":["GET"]}}],"collection":[{"href":"https:\/\/bibliobelas.eba.ufmg.br\/index.php\/wp-json\/wp\/v2\/pages"}],"about":[{"href":"https:\/\/bibliobelas.eba.ufmg.br\/index.php\/wp-json\/wp\/v2\/types\/page"}],"author":[{"embeddable":true,"href":"https:\/\/bibliobelas.eba.ufmg.br\/index.php\/wp-json\/wp\/v2\/users\/1"}],"replies":[{"embeddable":true,"href":"https:\/\/bibliobelas.eba.ufmg.br\/index.php\/wp-json\/wp\/v2\/comments?post=69"}],"version-history":[{"count":1,"href":"https:\/\/bibliobelas.eba.ufmg.br\/index.php\/wp-json\/wp\/v2\/pages\/69\/revisions"}],"predecessor-version":[{"id":7981,"href":"https:\/\/bibliobelas.eba.ufmg.br\/index.php\/wp-json\/wp\/v2\/pages\/69\/revisions\/7981"}],"up":[{"embeddable":true,"href":"https:\/\/bibliobelas.eba.ufmg.br\/index.php\/wp-json\/wp\/v2\/pages\/20"}],"wp:attachment":[{"href":"https:\/\/bibliobelas.eba.ufmg.br\/index.php\/wp-json\/wp\/v2\/media?parent=69"}],"curies":[{"name":"wp","href":"https:\/\/api.w.org\/{rel}","templated":true}]}}