{"id":71,"date":"2010-11-11T17:40:06","date_gmt":"2010-11-11T19:40:06","guid":{"rendered":"http:\/\/bibliobelas.wordpress.com\/"},"modified":"2025-04-15T19:33:19","modified_gmt":"2025-04-15T22:33:19","slug":"acervo","status":"publish","type":"page","link":"https:\/\/bibliobelas.eba.ufmg.br\/index.php\/a-biblioteca\/acervo\/","title":{"rendered":"Acervo"},"content":{"rendered":"\n<p>Para pesquisa online ao acervo, acesse o <a href=\"http:\/\/catalogobiblioteca.ufmg.br\/pergamum\/biblioteca\/index.php?resolution2=1024_1\" target=\"_blank\" rel=\"noopener\">cat\u00e1logo online<\/a> da UFMG.<\/p>\n\n\n<div class=\"wp-block-image\">\n<figure class=\"aligncenter size-large is-resized\"><img loading=\"lazy\" decoding=\"async\" width=\"1024\" height=\"462\" src=\"https:\/\/bibliobelas.eba.ufmg.br\/wp-content\/uploads\/2024\/09\/1-1024x462.jpg\" alt=\"\" class=\"wp-image-8274\" style=\"width:494px;height:auto\" srcset=\"https:\/\/bibliobelas.eba.ufmg.br\/wp-content\/uploads\/2024\/09\/1-1024x462.jpg 1024w, https:\/\/bibliobelas.eba.ufmg.br\/wp-content\/uploads\/2024\/09\/1-300x135.jpg 300w, https:\/\/bibliobelas.eba.ufmg.br\/wp-content\/uploads\/2024\/09\/1-768x346.jpg 768w, https:\/\/bibliobelas.eba.ufmg.br\/wp-content\/uploads\/2024\/09\/1-1536x692.jpg 1536w, https:\/\/bibliobelas.eba.ufmg.br\/wp-content\/uploads\/2024\/09\/1-2048x923.jpg 2048w\" sizes=\"auto, (max-width: 1024px) 100vw, 1024px\" \/><\/figure>\n<\/div>\n\n\n<p><strong>ACERVO GERAL <\/strong><\/p>\n\n\n\n<p class=\"has-text-align-justify\">O acervo da Biblioteca da Escola de Belas Artes \u00e9 composto pelas cole\u00e7\u00f5es relacionadas a seguir:<\/p>\n\n\n<div class=\"wp-block-image\">\n<figure class=\"aligncenter size-large\"><img loading=\"lazy\" decoding=\"async\" width=\"1024\" height=\"461\" src=\"https:\/\/bibliobelas.eba.ufmg.br\/wp-content\/uploads\/2024\/09\/2-acervo-1-1024x461.jpg\" alt=\"\" class=\"wp-image-8276\" srcset=\"https:\/\/bibliobelas.eba.ufmg.br\/wp-content\/uploads\/2024\/09\/2-acervo-1-1024x461.jpg 1024w, https:\/\/bibliobelas.eba.ufmg.br\/wp-content\/uploads\/2024\/09\/2-acervo-1-300x135.jpg 300w, https:\/\/bibliobelas.eba.ufmg.br\/wp-content\/uploads\/2024\/09\/2-acervo-1-768x346.jpg 768w, https:\/\/bibliobelas.eba.ufmg.br\/wp-content\/uploads\/2024\/09\/2-acervo-1-1536x691.jpg 1536w, https:\/\/bibliobelas.eba.ufmg.br\/wp-content\/uploads\/2024\/09\/2-acervo-1-2048x922.jpg 2048w\" sizes=\"auto, (max-width: 1024px) 100vw, 1024px\" \/><figcaption class=\"wp-element-caption\">Acervo geral<\/figcaption><\/figure>\n<\/div>\n\n\n<hr class=\"wp-block-separator has-alpha-channel-opacity\"\/>\n\n\n\n<p><strong>COLE\u00c7\u00c3O REFER\u00caNCIA<\/strong> (dicion\u00e1rios, guias, diret\u00f3rios, enciclop\u00e9dias, etc).<\/p>\n\n\n<div class=\"wp-block-image\">\n<figure class=\"aligncenter size-large\"><img loading=\"lazy\" decoding=\"async\" width=\"1024\" height=\"461\" src=\"https:\/\/bibliobelas.eba.ufmg.br\/wp-content\/uploads\/2024\/09\/20240919_190945-1024x461.jpg\" alt=\"\" class=\"wp-image-8287\" srcset=\"https:\/\/bibliobelas.eba.ufmg.br\/wp-content\/uploads\/2024\/09\/20240919_190945-1024x461.jpg 1024w, https:\/\/bibliobelas.eba.ufmg.br\/wp-content\/uploads\/2024\/09\/20240919_190945-300x135.jpg 300w, https:\/\/bibliobelas.eba.ufmg.br\/wp-content\/uploads\/2024\/09\/20240919_190945-768x346.jpg 768w, https:\/\/bibliobelas.eba.ufmg.br\/wp-content\/uploads\/2024\/09\/20240919_190945-1536x691.jpg 1536w, https:\/\/bibliobelas.eba.ufmg.br\/wp-content\/uploads\/2024\/09\/20240919_190945-2048x922.jpg 2048w\" sizes=\"auto, (max-width: 1024px) 100vw, 1024px\" \/><figcaption class=\"wp-element-caption\">Cole\u00e7\u00e3o Refer\u00eancia<\/figcaption><\/figure>\n<\/div>\n\n\n<hr class=\"wp-block-separator has-alpha-channel-opacity\"\/>\n\n\n\n<p><strong>COLE\u00c7\u00c3O RESERVA<\/strong> (Materiais especiais e com prazo de empr\u00e9stimo diferenciado)<\/p>\n\n\n<div class=\"wp-block-image\">\n<figure class=\"aligncenter size-large is-resized\"><img loading=\"lazy\" decoding=\"async\" width=\"1024\" height=\"793\" src=\"https:\/\/bibliobelas.eba.ufmg.br\/wp-content\/uploads\/2024\/09\/20240919_191115-1-1024x793.jpg\" alt=\"\" class=\"wp-image-8289\" style=\"width:501px;height:auto\" srcset=\"https:\/\/bibliobelas.eba.ufmg.br\/wp-content\/uploads\/2024\/09\/20240919_191115-1-1024x793.jpg 1024w, https:\/\/bibliobelas.eba.ufmg.br\/wp-content\/uploads\/2024\/09\/20240919_191115-1-300x232.jpg 300w, https:\/\/bibliobelas.eba.ufmg.br\/wp-content\/uploads\/2024\/09\/20240919_191115-1-768x595.jpg 768w, https:\/\/bibliobelas.eba.ufmg.br\/wp-content\/uploads\/2024\/09\/20240919_191115-1-1536x1190.jpg 1536w, https:\/\/bibliobelas.eba.ufmg.br\/wp-content\/uploads\/2024\/09\/20240919_191115-1-2048x1587.jpg 2048w\" sizes=\"auto, (max-width: 1024px) 100vw, 1024px\" \/><figcaption class=\"wp-element-caption\">Cole\u00e7\u00e3o Reserva<\/figcaption><\/figure>\n<\/div>\n\n\n<hr class=\"wp-block-separator has-alpha-channel-opacity\"\/>\n\n\n\n<p><strong>SE\u00c7\u00c3O DE TESES<\/strong> (Monografias de Especializa\u00e7\u00e3o, Disserta\u00e7\u00f5es, Teses, e Memoriais)<\/p>\n\n\n<div class=\"wp-block-image\">\n<figure class=\"aligncenter size-large\"><img loading=\"lazy\" decoding=\"async\" width=\"461\" height=\"1024\" src=\"https:\/\/bibliobelas.eba.ufmg.br\/wp-content\/uploads\/2024\/09\/20240919_191303-2-461x1024.jpg\" alt=\"\" class=\"wp-image-8308\" srcset=\"https:\/\/bibliobelas.eba.ufmg.br\/wp-content\/uploads\/2024\/09\/20240919_191303-2-461x1024.jpg 461w, https:\/\/bibliobelas.eba.ufmg.br\/wp-content\/uploads\/2024\/09\/20240919_191303-2-135x300.jpg 135w, https:\/\/bibliobelas.eba.ufmg.br\/wp-content\/uploads\/2024\/09\/20240919_191303-2-768x1707.jpg 768w, https:\/\/bibliobelas.eba.ufmg.br\/wp-content\/uploads\/2024\/09\/20240919_191303-2-691x1536.jpg 691w, https:\/\/bibliobelas.eba.ufmg.br\/wp-content\/uploads\/2024\/09\/20240919_191303-2-922x2048.jpg 922w, https:\/\/bibliobelas.eba.ufmg.br\/wp-content\/uploads\/2024\/09\/20240919_191303-2-scaled.jpg 1152w\" sizes=\"auto, (max-width: 461px) 100vw, 461px\" \/><figcaption class=\"wp-element-caption\">Se\u00e7\u00e3o de Teses<\/figcaption><\/figure>\n<\/div>\n\n\n<hr class=\"wp-block-separator has-alpha-channel-opacity\"\/>\n\n\n\n<p><strong>PERI\u00d3DICOS<\/strong><\/p>\n\n\n\n<ul class=\"wp-block-list\">\n<li>Lista de <span style=\"color: #000000;\">Peri\u00f3dicos<\/span> da <a href=\"https:\/\/bibliobelas.eba.ufmg.br\/wp-content\/uploads\/2025\/04\/lista-periodicos-atualizada-em-15-04-2025.pdf\" target=\"_blank\" rel=\"noreferrer noopener\">Cole\u00e7\u00e3o Base<\/a>.<\/li>\n<\/ul>\n\n\n<div class=\"wp-block-image\">\n<figure class=\"aligncenter size-large\"><img loading=\"lazy\" decoding=\"async\" width=\"461\" height=\"1024\" src=\"https:\/\/bibliobelas.eba.ufmg.br\/wp-content\/uploads\/2024\/09\/20240919_193305-461x1024.jpg\" alt=\"\" class=\"wp-image-8293\" srcset=\"https:\/\/bibliobelas.eba.ufmg.br\/wp-content\/uploads\/2024\/09\/20240919_193305-461x1024.jpg 461w, https:\/\/bibliobelas.eba.ufmg.br\/wp-content\/uploads\/2024\/09\/20240919_193305-135x300.jpg 135w, https:\/\/bibliobelas.eba.ufmg.br\/wp-content\/uploads\/2024\/09\/20240919_193305-768x1707.jpg 768w, https:\/\/bibliobelas.eba.ufmg.br\/wp-content\/uploads\/2024\/09\/20240919_193305-691x1536.jpg 691w, https:\/\/bibliobelas.eba.ufmg.br\/wp-content\/uploads\/2024\/09\/20240919_193305-922x2048.jpg 922w, https:\/\/bibliobelas.eba.ufmg.br\/wp-content\/uploads\/2024\/09\/20240919_193305-scaled.jpg 1152w\" sizes=\"auto, (max-width: 461px) 100vw, 461px\" \/><figcaption class=\"wp-element-caption\">Peri\u00f3dicos<\/figcaption><\/figure>\n<\/div>\n\n\n<hr class=\"wp-block-separator has-alpha-channel-opacity\"\/>\n\n\n\n<div class=\"wp-block-group is-nowrap is-layout-flex wp-container-core-group-is-layout-ad2f72ca wp-block-group-is-layout-flex\">\n<p><strong>TRABALHOS DE CONCLUS\u00c3O DE CURSO (TCC\u00b4s)<\/strong><\/p>\n<\/div>\n\n\n\n<ul class=\"wp-block-list\">\n<li><a href=\"https:\/\/bibliobelas.eba.ufmg.br\/index.php\/conteudos-digitais-de-artes\/tcc\/\" target=\"_blank\" rel=\"noreferrer noopener\">TCC\u00b4s<\/a> (em parte dispon\u00edvel online).<\/li>\n<\/ul>\n\n\n\n<p><strong><a href=\"https:\/\/bibliobelas.eba.ufmg.br\/index.php\/conteudos-digitais-de-artes\/tcc\/\">Acesse os TCC\u00b4s aqui<\/a><\/strong><\/p>\n\n\n\n<hr class=\"wp-block-separator has-alpha-channel-opacity\"\/>\n\n\n\n<p><strong>ACERVO TEATRO UNIVERSIT\u00c1RIO<\/strong><\/p>\n\n\n\n<p>Com cerca de nove mil itens, o acervo do Teatro Universit\u00e1rio est\u00e1 dispon\u00edvel para consulta e empr\u00e9stimo domiciliar. <\/p>\n\n\n<div class=\"wp-block-image\">\n<figure class=\"aligncenter size-large\"><img loading=\"lazy\" decoding=\"async\" width=\"1024\" height=\"1024\" src=\"https:\/\/bibliobelas.eba.ufmg.br\/wp-content\/uploads\/2024\/09\/20240301_185157-2-1024x1024.jpg\" alt=\"\" class=\"wp-image-8272\" srcset=\"https:\/\/bibliobelas.eba.ufmg.br\/wp-content\/uploads\/2024\/09\/20240301_185157-2-1024x1024.jpg 1024w, https:\/\/bibliobelas.eba.ufmg.br\/wp-content\/uploads\/2024\/09\/20240301_185157-2-300x300.jpg 300w, https:\/\/bibliobelas.eba.ufmg.br\/wp-content\/uploads\/2024\/09\/20240301_185157-2-150x150.jpg 150w, https:\/\/bibliobelas.eba.ufmg.br\/wp-content\/uploads\/2024\/09\/20240301_185157-2-768x768.jpg 768w, https:\/\/bibliobelas.eba.ufmg.br\/wp-content\/uploads\/2024\/09\/20240301_185157-2-1536x1536.jpg 1536w, https:\/\/bibliobelas.eba.ufmg.br\/wp-content\/uploads\/2024\/09\/20240301_185157-2-2048x2048.jpg 2048w\" sizes=\"auto, (max-width: 1024px) 100vw, 1024px\" \/><figcaption class=\"wp-element-caption\">Acervo do Teatro Universit\u00e1rio<\/figcaption><\/figure>\n<\/div>\n\n\n<hr class=\"wp-block-separator has-alpha-channel-opacity\"\/>\n\n\n\n<p><strong>MULTIMEIOS E COLE\u00c7\u00d5ES ESPECIAIS<\/strong><\/p>\n\n\n<div class=\"wp-block-image\">\n<figure class=\"aligncenter size-large\"><img loading=\"lazy\" decoding=\"async\" width=\"1024\" height=\"651\" src=\"https:\/\/bibliobelas.eba.ufmg.br\/wp-content\/uploads\/2024\/09\/eba-01-03-2010-0052-Copia-1024x651.jpg\" alt=\"\" class=\"wp-image-8294\" srcset=\"https:\/\/bibliobelas.eba.ufmg.br\/wp-content\/uploads\/2024\/09\/eba-01-03-2010-0052-Copia-1024x651.jpg 1024w, https:\/\/bibliobelas.eba.ufmg.br\/wp-content\/uploads\/2024\/09\/eba-01-03-2010-0052-Copia-300x191.jpg 300w, https:\/\/bibliobelas.eba.ufmg.br\/wp-content\/uploads\/2024\/09\/eba-01-03-2010-0052-Copia-768x489.jpg 768w, https:\/\/bibliobelas.eba.ufmg.br\/wp-content\/uploads\/2024\/09\/eba-01-03-2010-0052-Copia-1536x977.jpg 1536w, https:\/\/bibliobelas.eba.ufmg.br\/wp-content\/uploads\/2024\/09\/eba-01-03-2010-0052-Copia.jpg 1918w\" sizes=\"auto, (max-width: 1024px) 100vw, 1024px\" \/><\/figure>\n<\/div>\n\n\n<ul class=\"wp-block-list\">\n<li>Audiovisual (Fitas <a href=\"https:\/\/bibliobelas.eba.ufmg.br\/wp-content\/uploads\/2011\/09\/gravac3a7c3a3o-de-vc3addeo-vhs-referc3aancia.pdf\" target=\"_blank\" rel=\"noopener\">VHS<\/a>, CD-ROM , <a href=\"https:\/\/bibliobelas.eba.ufmg.br\/wp-content\/uploads\/2011\/09\/gravacao-de-video-dvd-referencia.pdf\" target=\"_blank\" rel=\"noopener\">DVD&#8217;s<\/a>) &#8211; &nbsp;<a href=\"https:\/\/bibliobelas.eba.ufmg.br\/wp-content\/uploads\/2014\/03\/lista-de-filmes-por-autor_set-2013.pdf\" target=\"_blank\" rel=\"noopener\">busca por autor<\/a> ou <a href=\"https:\/\/bibliobelas.eba.ufmg.br\/wp-content\/uploads\/2014\/03\/lista-de-filmes-por-tc3adtulo_set-2013.pdf\" target=\"_blank\" rel=\"noopener\">busca por t\u00edtulo<\/a>.<\/li>\n\n\n\n<li>Acervo de filmes gravados em VHS (<a href=\"https:\/\/bibliobelas.eba.ufmg.br\/wp-content\/uploads\/2024\/09\/ficha-descritiva-cinematografica_cinema-brasileiro.pdf\" target=\"_blank\" rel=\"noreferrer noopener\">cinema brasileiro<\/a>)<\/li>\n\n\n\n<li>Acervo de filmes gravados em VHS (<a href=\"https:\/\/bibliobelas.eba.ufmg.br\/wp-content\/uploads\/2024\/09\/ficha-descritiva-cinematografica_cinema-internacional.pdf\" target=\"_blank\" rel=\"noreferrer noopener\">cinema internacional<\/a>)<\/li>\n\n\n\n<li>Cole\u00e7\u00e3o Projeto de <a href=\"https:\/\/bibliobelas.eba.ufmg.br\/wp-content\/uploads\/2011\/03\/projeto-digitalizac3a7c3a3o-do-acervo-de-fitas-de-vc3addeo.pdf\" target=\"_blank\" rel=\"noopener\">Digitaliza\u00e7\u00e3o de Fitas de V\u00eddeo<\/a><\/li>\n\n\n\n<li>Cat\u00e1logos (Cinema, Escolas de Arte, Moda, Museus, Programas de Teatro).<\/li>\n\n\n\n<li>Cat\u00e1logos de Exposi\u00e7\u00f5es (Individuais, Bienais, Festivais, Sal\u00f5es )<\/li>\n\n\n\n<li>Folhetos.<\/li>\n\n\n\n<li>Mem\u00f3ria (TCC\u2019s, <a href=\"https:\/\/bibliobelas.eba.ufmg.br\/wp-content\/uploads\/2011\/04\/107-monografias-cecor.pdf\" target=\"_blank\" rel=\"noopener\">Monografias CECOR<\/a>, Disserta\u00e7\u00f5es e Teses). Grande parte das teses e disserta\u00e7\u00f5es da cole\u00e7\u00e3o mem\u00f3ria est\u00e1 dispon\u00edvel em formato digital atrav\u00e9s do <a href=\"https:\/\/repositorio.ufmg.br\/\">Reposit\u00f3rio Institucional da UFMG<\/a> . Tamb\u00e9m \u00e9 poss\u00edvel visualizar uma lista de todos os TCC&#8217;s do acervo acessando o &nbsp;<a href=\"https:\/\/catalogobiblioteca.ufmg.br\/pergamum\/biblioteca\/index.php\" target=\"_blank\" rel=\"noopener\">cat\u00e1logo online da UFMG<\/a> e fazendo uma pesquisa por assunto com o descritor &#8220;TCC EBA&#8221; e selecionando &#8220;BELAS ARTES&#8221; na caixa &#8220;UNIDADE DE INFORMA\u00c7\u00c3O&#8221; \u00e0 direita da tela. O acervo de TCCs tamb\u00e9m encontra-se em Reposit\u00f3rio Institucional local vinculado ao site da Escola de Belas Artes. Para acessar os arquivos, acesse o <a href=\"https:\/\/eba.ufmg.br\/tccs\/\">site<\/a>.<\/li>\n\n\n\n<li>Originais e reprodu\u00e7\u00f5es de Obras de Arte (RA)<\/li>\n\n\n\n<li>Cole\u00e7\u00e3o <a href=\"https:\/\/eba.ufmg.br\/colecaolivrodeartista\/\">Livro de Artista<\/a><\/li>\n\n\n\n<li><a href=\"https:\/\/bibliobelas.eba.ufmg.br\/index.php\/hemeroteca-2\/\">Hemeroteca<\/a> (Recortes de Jornais e revistas)<\/li>\n\n\n\n<li>Diapositivos (slides)<\/li>\n<\/ul>\n\n\n\n<p>D\u00favidas? Entre em contato: bib-referencia@eba.ufmg.br<\/p>\n","protected":false},"excerpt":{"rendered":"<p>Para pesquisa online ao acervo, acesse o cat\u00e1logo online da UFMG. ACERVO GERAL O acervo da Biblioteca da Escola de Belas Artes \u00e9 composto pelas cole\u00e7\u00f5es relacionadas a seguir: COLE\u00c7\u00c3O REFER\u00caNCIA (dicion\u00e1rios, guias, diret\u00f3rios, enciclop\u00e9dias, etc). COLE\u00c7\u00c3O RESERVA (Materiais especiais e com prazo de empr\u00e9stimo diferenciado) SE\u00c7\u00c3O DE TESES (Monografias de Especializa\u00e7\u00e3o, Disserta\u00e7\u00f5es, Teses, e &hellip; <a href=\"https:\/\/bibliobelas.eba.ufmg.br\/index.php\/a-biblioteca\/acervo\/\" class=\"more-link\">Continue lendo <span class=\"screen-reader-text\">Acervo<\/span> <span class=\"meta-nav\">&rarr;<\/span><\/a><\/p>\n","protected":false},"author":1,"featured_media":0,"parent":20,"menu_order":4,"comment_status":"closed","ping_status":"open","template":"","meta":{"footnotes":""},"class_list":["post-71","page","type-page","status-publish","hentry"],"_links":{"self":[{"href":"https:\/\/bibliobelas.eba.ufmg.br\/index.php\/wp-json\/wp\/v2\/pages\/71","targetHints":{"allow":["GET"]}}],"collection":[{"href":"https:\/\/bibliobelas.eba.ufmg.br\/index.php\/wp-json\/wp\/v2\/pages"}],"about":[{"href":"https:\/\/bibliobelas.eba.ufmg.br\/index.php\/wp-json\/wp\/v2\/types\/page"}],"author":[{"embeddable":true,"href":"https:\/\/bibliobelas.eba.ufmg.br\/index.php\/wp-json\/wp\/v2\/users\/1"}],"replies":[{"embeddable":true,"href":"https:\/\/bibliobelas.eba.ufmg.br\/index.php\/wp-json\/wp\/v2\/comments?post=71"}],"version-history":[{"count":14,"href":"https:\/\/bibliobelas.eba.ufmg.br\/index.php\/wp-json\/wp\/v2\/pages\/71\/revisions"}],"predecessor-version":[{"id":8509,"href":"https:\/\/bibliobelas.eba.ufmg.br\/index.php\/wp-json\/wp\/v2\/pages\/71\/revisions\/8509"}],"up":[{"embeddable":true,"href":"https:\/\/bibliobelas.eba.ufmg.br\/index.php\/wp-json\/wp\/v2\/pages\/20"}],"wp:attachment":[{"href":"https:\/\/bibliobelas.eba.ufmg.br\/index.php\/wp-json\/wp\/v2\/media?parent=71"}],"curies":[{"name":"wp","href":"https:\/\/api.w.org\/{rel}","templated":true}]}}