{"id":7161,"date":"2022-06-29T14:23:45","date_gmt":"2022-06-29T17:23:45","guid":{"rendered":"https:\/\/bibliobelas.wordpress.com\/?page_id=7161"},"modified":"2025-05-16T13:35:38","modified_gmt":"2025-05-16T16:35:38","slug":"pos-graduacao","status":"publish","type":"page","link":"https:\/\/bibliobelas.eba.ufmg.br\/index.php\/servicos\/normalizacao-bibliografica\/pos-graduacao\/","title":{"rendered":"P\u00f3s-Gradua\u00e7\u00e3o"},"content":{"rendered":"\n<p>Para trabalhos de p\u00f3s-gradua\u00e7\u00e3o (teses, disserta\u00e7\u00f5es e monografias), acesse as <strong>Diretrizes para Normaliza\u00e7\u00e3o de Trabalhos Acad\u00eamicos da UFMG<\/strong> pelo link:<\/p>\n\n\n\n<p><a href=\"https:\/\/repositorio.ufmg.br\/static\/politica\/diretrizes-para-normalizacao-de-trabalhos-academicos-da-UFMG.pdf\">https:\/\/repositorio.ufmg.br\/static\/politica\/diretrizes-para-normalizacao-de-trabalhos-academicos-da-UFMG.pdf<\/a><\/p>\n\n\n\n<hr class=\"wp-block-separator has-alpha-channel-opacity\"\/>\n\n\n\n<h2 class=\"wp-block-heading has-text-align-center\">ORIENTA\u00c7\u00d5ES E MODELOS<\/h2>\n\n\n\n<p><\/p>\n\n\n\n<p class=\"has-medium-font-size\"><strong>Formata\u00e7\u00e3o do Trabalho Acad\u00eamico<\/strong><\/p>\n\n\n\n<p>Confira abaixo os modelos de disserta\u00e7\u00f5es, teses e monografias de p\u00f3s-gradua\u00e7\u00e3o , elaborados pela biblioteca da EBA, com base nas normas da ABNT atualmente em vigor.<\/p>\n\n\n\n<p class=\"has-small-font-size\">(Os arquivo est\u00e3o dispon\u00edveis em formato <strong>word <\/strong>para facilitar o download e a edi\u00e7\u00e3o, oferecendo mais praticidade na organiza\u00e7\u00e3o do seu trabalho)<\/p>\n\n\n\n<p><strong>Importante:<\/strong> Para teses e disserta\u00e7\u00f5es, \u00e9 obrigat\u00f3ria a inclus\u00e3o da <strong>ficha catalogr\u00e1fica<\/strong>. A elabora\u00e7\u00e3o da ficha \u00e9 um servi\u00e7o oferecido pela biblioteca. <a href=\"https:\/\/bibliobelas.eba.ufmg.br\/index.php\/servicos\/orientacao-de-norm7alizacao-bibliografica\/\">Clique aqui para solicitar a ficha<\/a><\/p>\n\n\n\n<p><\/p>\n\n\n\n<h2 class=\"wp-block-heading\">&#8211; Mestrado e doutorado acad\u00eamico<\/h2>\n\n\n\n<div class=\"wp-block-file\"><a id=\"wp-block-file--media-aaaad4e9-944b-4fa1-9516-ebab26f10913\" href=\"https:\/\/bibliobelas.eba.ufmg.br\/wp-content\/uploads\/2023\/08\/2023-Modelo-Template-DISSERTACAO.doc\">Modelo\/Template &#8211; DISSERTA\u00c7\u00c3O<\/a><a href=\"https:\/\/bibliobelas.eba.ufmg.br\/wp-content\/uploads\/2023\/08\/2023-Modelo-Template-DISSERTACAO.doc\" class=\"wp-block-file__button wp-element-button\" download aria-describedby=\"wp-block-file--media-aaaad4e9-944b-4fa1-9516-ebab26f10913\">Baixar<\/a><\/div>\n\n\n\n<div class=\"wp-block-file\"><a id=\"wp-block-file--media-92143415-24af-4495-93d3-b07f881adc58\" href=\"https:\/\/bibliobelas.eba.ufmg.br\/wp-content\/uploads\/2023\/08\/2023-Modelo-Template-TESE.doc\">Modelo\/Template &#8211; TESE<\/a><a href=\"https:\/\/bibliobelas.eba.ufmg.br\/wp-content\/uploads\/2023\/08\/2023-Modelo-Template-TESE.doc\" class=\"wp-block-file__button wp-element-button\" download aria-describedby=\"wp-block-file--media-92143415-24af-4495-93d3-b07f881adc58\">Baixar<\/a><\/div>\n\n\n\n<h2 class=\"wp-block-heading\">&#8211; Mestrado profissional<\/h2>\n\n\n\n<div class=\"wp-block-file\"><a id=\"wp-block-file--media-aaaad4e9-944b-4fa1-9516-ebab26f10913\" href=\"https:\/\/bibliobelas.eba.ufmg.br\/wp-content\/uploads\/2023\/08\/2023-Modelo-Template-DISSERTACAO-PROF-ARTES.doc\">Modelo\/ Template &#8211; DISSERTA\u00c7\u00c3O PROF-ARTES<\/a><a href=\"https:\/\/bibliobelas.eba.ufmg.br\/wp-content\/uploads\/2023\/08\/2023-Modelo-Template-DISSERTACAO-PROF-ARTES.doc\" class=\"wp-block-file__button wp-element-button\" download aria-describedby=\"wp-block-file--media-aaaad4e9-944b-4fa1-9516-ebab26f10913\">Baixar<\/a><\/div>\n\n\n\n<div class=\"wp-block-file\"><a id=\"wp-block-file--media-aaaad4e9-944b-4fa1-9516-ebab26f10913\" href=\"https:\/\/bibliobelas.eba.ufmg.br\/wp-content\/uploads\/2023\/08\/2023-Modelo-Template-ARTIGO-PROF-ARTES.doc\">Modelo\/Template &#8211; ARTIGO PROF-ARTES<\/a><a href=\"https:\/\/bibliobelas.eba.ufmg.br\/wp-content\/uploads\/2023\/08\/2023-Modelo-Template-ARTIGO-PROF-ARTES.doc\" class=\"wp-block-file__button wp-element-button\" download aria-describedby=\"wp-block-file--media-aaaad4e9-944b-4fa1-9516-ebab26f10913\">Baixar<\/a><\/div>\n\n\n\n<p><\/p>\n\n\n\n<h2 class=\"wp-block-heading\">&#8211; Especializa\u00e7\u00e3o<\/h2>\n\n\n\n<div class=\"wp-block-file\"><a id=\"wp-block-file--media-aaaad4e9-944b-4fa1-9516-ebab26f10913\" href=\"https:\/\/bibliobelas.eba.ufmg.br\/wp-content\/uploads\/2023\/10\/2023-Modelo-Template-MONOGRAFIA-DE-ESPECIALIZACAO.doc\">Modelo Template &#8211; MONOGRAFIA DE ESPECIALIZA\u00c7\u00c3O<\/a><a href=\"https:\/\/bibliobelas.eba.ufmg.br\/wp-content\/uploads\/2023\/10\/2023-Modelo-Template-MONOGRAFIA-DE-ESPECIALIZACAO.doc\" class=\"wp-block-file__button wp-element-button\" download aria-describedby=\"wp-block-file--media-aaaad4e9-944b-4fa1-9516-ebab26f10913\">Baixar<\/a><\/div>\n\n\n\n<div class=\"wp-block-file\"><a id=\"wp-block-file--media-aaaad4e9-944b-4fa1-9516-ebab26f10913\" href=\"https:\/\/bibliobelas.eba.ufmg.br\/wp-content\/uploads\/2023\/10\/2023-Modelo-Template-MONOGRAFIA-DE-ESPECIALIZACAO-em-formato-de-ARTIGO-CIENTIFICO.doc\"><br>Modelo Template &#8211; MONOGRAFIA DE ESPECIALIZA\u00c7\u00c3O em formato de ARTIGO CIENT\u00cdFICO<\/a><a href=\"https:\/\/bibliobelas.eba.ufmg.br\/wp-content\/uploads\/2023\/10\/2023-Modelo-Template-MONOGRAFIA-DE-ESPECIALIZACAO-em-formato-de-ARTIGO-CIENTIFICO.doc\" class=\"wp-block-file__button wp-element-button\" download aria-describedby=\"wp-block-file--media-aaaad4e9-944b-4fa1-9516-ebab26f10913\">Baixar<\/a><\/div>\n\n\n\n<p><\/p>\n","protected":false},"excerpt":{"rendered":"<p>Para trabalhos de p\u00f3s-gradua\u00e7\u00e3o (teses, disserta\u00e7\u00f5es e monografias), acesse as Diretrizes para Normaliza\u00e7\u00e3o de Trabalhos Acad\u00eamicos da UFMG pelo link: https:\/\/repositorio.ufmg.br\/static\/politica\/diretrizes-para-normalizacao-de-trabalhos-academicos-da-UFMG.pdf ORIENTA\u00c7\u00d5ES E MODELOS Formata\u00e7\u00e3o do Trabalho Acad\u00eamico Confira abaixo os modelos de disserta\u00e7\u00f5es, teses e monografias de p\u00f3s-gradua\u00e7\u00e3o , elaborados pela biblioteca da EBA, com base nas normas da ABNT atualmente em vigor. (Os &hellip; <a href=\"https:\/\/bibliobelas.eba.ufmg.br\/index.php\/servicos\/normalizacao-bibliografica\/pos-graduacao\/\" class=\"more-link\">Continue lendo <span class=\"screen-reader-text\">P\u00f3s-Gradua\u00e7\u00e3o<\/span> <span class=\"meta-nav\">&rarr;<\/span><\/a><\/p>\n","protected":false},"author":1,"featured_media":0,"parent":324,"menu_order":-2,"comment_status":"closed","ping_status":"closed","template":"","meta":{"footnotes":""},"class_list":["post-7161","page","type-page","status-publish","hentry"],"_links":{"self":[{"href":"https:\/\/bibliobelas.eba.ufmg.br\/index.php\/wp-json\/wp\/v2\/pages\/7161","targetHints":{"allow":["GET"]}}],"collection":[{"href":"https:\/\/bibliobelas.eba.ufmg.br\/index.php\/wp-json\/wp\/v2\/pages"}],"about":[{"href":"https:\/\/bibliobelas.eba.ufmg.br\/index.php\/wp-json\/wp\/v2\/types\/page"}],"author":[{"embeddable":true,"href":"https:\/\/bibliobelas.eba.ufmg.br\/index.php\/wp-json\/wp\/v2\/users\/1"}],"replies":[{"embeddable":true,"href":"https:\/\/bibliobelas.eba.ufmg.br\/index.php\/wp-json\/wp\/v2\/comments?post=7161"}],"version-history":[{"count":26,"href":"https:\/\/bibliobelas.eba.ufmg.br\/index.php\/wp-json\/wp\/v2\/pages\/7161\/revisions"}],"predecessor-version":[{"id":8555,"href":"https:\/\/bibliobelas.eba.ufmg.br\/index.php\/wp-json\/wp\/v2\/pages\/7161\/revisions\/8555"}],"up":[{"embeddable":true,"href":"https:\/\/bibliobelas.eba.ufmg.br\/index.php\/wp-json\/wp\/v2\/pages\/324"}],"wp:attachment":[{"href":"https:\/\/bibliobelas.eba.ufmg.br\/index.php\/wp-json\/wp\/v2\/media?parent=7161"}],"curies":[{"name":"wp","href":"https:\/\/api.w.org\/{rel}","templated":true}]}}