{"id":721,"date":"2011-03-23T15:23:50","date_gmt":"2011-03-23T17:23:50","guid":{"rendered":"http:\/\/bibliobelas.wordpress.com\/?page_id=721"},"modified":"2011-03-23T15:23:50","modified_gmt":"2011-03-23T17:23:50","slug":"andre-hauck","status":"publish","type":"page","link":"https:\/\/bibliobelas.eba.ufmg.br\/index.php\/galeria-3\/artistas\/andre-hauck\/","title":{"rendered":"Andr\u00e9 Hauck"},"content":{"rendered":"<p style=\"text-align:justify;\">Graduado pela Escola de Belas Artes da UFMG, 2005, atualmente vive e trabalha em Belo Horizonte, onde atua profissionalmente na \u00e1rea de fotografia e cinema. Exposi\u00e7\u00f5es e mostras coletivas: Entre Faces, no Espa\u00e7o Cultural Jayme de Andrade Peconick, Belo Horizonte, Agosto 2000. Ex-estrangeiros, nas salas Ana Orta e Celso Renato de Lima, Centro Cultural UFMG, Belo Horizonte, Mar\u00e7o 2003. Desenho sobre desenho, Galeria de Arte do TJMG, Belo Horizonte, Agosto 2004. Escultura, v\u00e3o da Biblioteca Central da UFMG, Belo Horizonte, Novembro 2004. Desenvolvimento, Galeria da Escola de Belas Artes da UFMG, Belo Horizonte, Novembro 2005. Mostra Rotativos, S\u00e3o Paulo, novembro 2006. Curta-circuito, Cine Umberto Mauro, Pal\u00e1cio das Artes, Belo Horizonte, Maio 2007. Indie2007 (Mostra de Cinema Mundial), Usina Unibanco de Cinema, Belo Horizonte, Outubro 2007. Estruturas Tencionadas, SESI MINAS, junho 2008. Exposi\u00e7\u00e3o individual: Selecionado para o Programa Anual de Fotografia do Centro Cultural S\u00e3o Paulo e Galeria Olido, S\u00e3o Paulo, agosto 2008. <a href=\"http:\/\/feaznar.multiply.com\/calendar\/item\/10500\">Fonte : http:\/\/feaznar.multiply.com\/calendar\/item\/10500<\/a><\/p>\n<div id='gallery-1' class='gallery galleryid-721 gallery-columns-3 gallery-size-thumbnail'><figure class='gallery-item'>\n\t\t\t<div class='gallery-icon landscape'>\n\t\t\t\t<a href='https:\/\/bibliobelas.eba.ufmg.br\/wp-content\/uploads\/2011\/03\/rastros2.jpg'><img loading=\"lazy\" decoding=\"async\" width=\"150\" height=\"150\" src=\"https:\/\/bibliobelas.eba.ufmg.br\/wp-content\/uploads\/2011\/03\/rastros2-150x150.jpg\" class=\"attachment-thumbnail size-thumbnail\" alt=\"\" srcset=\"https:\/\/bibliobelas.eba.ufmg.br\/wp-content\/uploads\/2011\/03\/rastros2-150x150.jpg 150w, https:\/\/bibliobelas.eba.ufmg.br\/wp-content\/uploads\/2011\/03\/rastros2-300x300.jpg 300w, https:\/\/bibliobelas.eba.ufmg.br\/wp-content\/uploads\/2011\/03\/rastros2-1024x1019.jpg 1024w, https:\/\/bibliobelas.eba.ufmg.br\/wp-content\/uploads\/2011\/03\/rastros2-768x765.jpg 768w, https:\/\/bibliobelas.eba.ufmg.br\/wp-content\/uploads\/2011\/03\/rastros2-1536x1529.jpg 1536w, https:\/\/bibliobelas.eba.ufmg.br\/wp-content\/uploads\/2011\/03\/rastros2.jpg 1568w\" sizes=\"auto, (max-width: 150px) 100vw, 150px\" \/><\/a>\n\t\t\t<\/div><\/figure><figure class='gallery-item'>\n\t\t\t<div class='gallery-icon landscape'>\n\t\t\t\t<a href='https:\/\/bibliobelas.eba.ufmg.br\/wp-content\/uploads\/2011\/03\/rastros-12.jpg'><img loading=\"lazy\" decoding=\"async\" width=\"150\" height=\"150\" src=\"https:\/\/bibliobelas.eba.ufmg.br\/wp-content\/uploads\/2011\/03\/rastros-12-150x150.jpg\" class=\"attachment-thumbnail size-thumbnail\" alt=\"\" \/><\/a>\n\t\t\t<\/div><\/figure><figure class='gallery-item'>\n\t\t\t<div class='gallery-icon portrait'>\n\t\t\t\t<a href='https:\/\/bibliobelas.eba.ufmg.br\/wp-content\/uploads\/2011\/03\/rastros-22.jpg'><img loading=\"lazy\" decoding=\"async\" width=\"150\" height=\"150\" src=\"https:\/\/bibliobelas.eba.ufmg.br\/wp-content\/uploads\/2011\/03\/rastros-22-150x150.jpg\" class=\"attachment-thumbnail size-thumbnail\" alt=\"\" srcset=\"https:\/\/bibliobelas.eba.ufmg.br\/wp-content\/uploads\/2011\/03\/rastros-22-150x150.jpg 150w, https:\/\/bibliobelas.eba.ufmg.br\/wp-content\/uploads\/2011\/03\/rastros-22-300x300.jpg 300w, https:\/\/bibliobelas.eba.ufmg.br\/wp-content\/uploads\/2011\/03\/rastros-22-1019x1024.jpg 1019w, https:\/\/bibliobelas.eba.ufmg.br\/wp-content\/uploads\/2011\/03\/rastros-22-768x771.jpg 768w, https:\/\/bibliobelas.eba.ufmg.br\/wp-content\/uploads\/2011\/03\/rastros-22-1529x1536.jpg 1529w, https:\/\/bibliobelas.eba.ufmg.br\/wp-content\/uploads\/2011\/03\/rastros-22.jpg 1569w\" sizes=\"auto, (max-width: 150px) 100vw, 150px\" \/><\/a>\n\t\t\t<\/div><\/figure><figure class='gallery-item'>\n\t\t\t<div class='gallery-icon portrait'>\n\t\t\t\t<a href='https:\/\/bibliobelas.eba.ufmg.br\/wp-content\/uploads\/2011\/03\/desertos-urbanos2.jpg'><img loading=\"lazy\" decoding=\"async\" width=\"150\" height=\"150\" src=\"https:\/\/bibliobelas.eba.ufmg.br\/wp-content\/uploads\/2011\/03\/desertos-urbanos2-150x150.jpg\" class=\"attachment-thumbnail size-thumbnail\" alt=\"\" srcset=\"https:\/\/bibliobelas.eba.ufmg.br\/wp-content\/uploads\/2011\/03\/desertos-urbanos2-150x150.jpg 150w, https:\/\/bibliobelas.eba.ufmg.br\/wp-content\/uploads\/2011\/03\/desertos-urbanos2-1014x1024.jpg 1014w, https:\/\/bibliobelas.eba.ufmg.br\/wp-content\/uploads\/2011\/03\/desertos-urbanos2-1521x1536.jpg 1521w\" sizes=\"auto, (max-width: 150px) 100vw, 150px\" \/><\/a>\n\t\t\t<\/div><\/figure><figure class='gallery-item'>\n\t\t\t<div class='gallery-icon portrait'>\n\t\t\t\t<a href='https:\/\/bibliobelas.eba.ufmg.br\/wp-content\/uploads\/2011\/03\/desertos-urbanos-12.jpg'><img loading=\"lazy\" decoding=\"async\" width=\"150\" height=\"150\" src=\"https:\/\/bibliobelas.eba.ufmg.br\/wp-content\/uploads\/2011\/03\/desertos-urbanos-12-150x150.jpg\" class=\"attachment-thumbnail size-thumbnail\" alt=\"\" \/><\/a>\n\t\t\t<\/div><\/figure><figure class='gallery-item'>\n\t\t\t<div class='gallery-icon landscape'>\n\t\t\t\t<a href='https:\/\/bibliobelas.eba.ufmg.br\/wp-content\/uploads\/2011\/03\/desertos-urbanos-22.jpg'><img loading=\"lazy\" decoding=\"async\" width=\"150\" height=\"150\" src=\"https:\/\/bibliobelas.eba.ufmg.br\/wp-content\/uploads\/2011\/03\/desertos-urbanos-22-150x150.jpg\" class=\"attachment-thumbnail size-thumbnail\" alt=\"\" srcset=\"https:\/\/bibliobelas.eba.ufmg.br\/wp-content\/uploads\/2011\/03\/desertos-urbanos-22-150x150.jpg 150w, https:\/\/bibliobelas.eba.ufmg.br\/wp-content\/uploads\/2011\/03\/desertos-urbanos-22-300x300.jpg 300w, https:\/\/bibliobelas.eba.ufmg.br\/wp-content\/uploads\/2011\/03\/desertos-urbanos-22-1024x1020.jpg 1024w, https:\/\/bibliobelas.eba.ufmg.br\/wp-content\/uploads\/2011\/03\/desertos-urbanos-22-768x765.jpg 768w, https:\/\/bibliobelas.eba.ufmg.br\/wp-content\/uploads\/2011\/03\/desertos-urbanos-22-1536x1530.jpg 1536w, https:\/\/bibliobelas.eba.ufmg.br\/wp-content\/uploads\/2011\/03\/desertos-urbanos-22.jpg 1540w\" sizes=\"auto, (max-width: 150px) 100vw, 150px\" \/><\/a>\n\t\t\t<\/div><\/figure><figure class='gallery-item'>\n\t\t\t<div class='gallery-icon landscape'>\n\t\t\t\t<a href='https:\/\/bibliobelas.eba.ufmg.br\/wp-content\/uploads\/2011\/03\/arquiteturas-em-declc3adnio1.jpg'><img loading=\"lazy\" decoding=\"async\" width=\"150\" height=\"150\" src=\"https:\/\/bibliobelas.eba.ufmg.br\/wp-content\/uploads\/2011\/03\/arquiteturas-em-declc3adnio1-150x150.jpg\" class=\"attachment-thumbnail size-thumbnail\" alt=\"\" \/><\/a>\n\t\t\t<\/div><\/figure><figure class='gallery-item'>\n\t\t\t<div class='gallery-icon landscape'>\n\t\t\t\t<a href='https:\/\/bibliobelas.eba.ufmg.br\/wp-content\/uploads\/2011\/03\/391062.jpg'><img loading=\"lazy\" decoding=\"async\" width=\"150\" height=\"150\" src=\"https:\/\/bibliobelas.eba.ufmg.br\/wp-content\/uploads\/2011\/03\/391062-150x150.jpg\" class=\"attachment-thumbnail size-thumbnail\" alt=\"\" srcset=\"https:\/\/bibliobelas.eba.ufmg.br\/wp-content\/uploads\/2011\/03\/391062-150x150.jpg 150w, https:\/\/bibliobelas.eba.ufmg.br\/wp-content\/uploads\/2011\/03\/391062-300x300.jpg 300w, https:\/\/bibliobelas.eba.ufmg.br\/wp-content\/uploads\/2011\/03\/391062.jpg 420w\" sizes=\"auto, (max-width: 150px) 100vw, 150px\" \/><\/a>\n\t\t\t<\/div><\/figure><figure class='gallery-item'>\n\t\t\t<div class='gallery-icon landscape'>\n\t\t\t\t<a href='https:\/\/bibliobelas.eba.ufmg.br\/wp-content\/uploads\/2011\/03\/391072.jpg'><img loading=\"lazy\" decoding=\"async\" width=\"150\" height=\"150\" src=\"https:\/\/bibliobelas.eba.ufmg.br\/wp-content\/uploads\/2011\/03\/391072-150x150.jpg\" class=\"attachment-thumbnail size-thumbnail\" alt=\"\" \/><\/a>\n\t\t\t<\/div><\/figure><figure class='gallery-item'>\n\t\t\t<div class='gallery-icon landscape'>\n\t\t\t\t<a href='https:\/\/bibliobelas.eba.ufmg.br\/wp-content\/uploads\/2011\/03\/391082.jpg'><img loading=\"lazy\" decoding=\"async\" width=\"150\" height=\"150\" src=\"https:\/\/bibliobelas.eba.ufmg.br\/wp-content\/uploads\/2011\/03\/391082-150x150.jpg\" class=\"attachment-thumbnail size-thumbnail\" alt=\"\" \/><\/a>\n\t\t\t<\/div><\/figure><figure class='gallery-item'>\n\t\t\t<div class='gallery-icon landscape'>\n\t\t\t\t<a href='https:\/\/bibliobelas.eba.ufmg.br\/wp-content\/uploads\/2011\/03\/391092.jpg'><img loading=\"lazy\" decoding=\"async\" width=\"150\" height=\"150\" src=\"https:\/\/bibliobelas.eba.ufmg.br\/wp-content\/uploads\/2011\/03\/391092-150x150.jpg\" class=\"attachment-thumbnail size-thumbnail\" alt=\"\" \/><\/a>\n\t\t\t<\/div><\/figure><figure class='gallery-item'>\n\t\t\t<div class='gallery-icon landscape'>\n\t\t\t\t<a href='https:\/\/bibliobelas.eba.ufmg.br\/wp-content\/uploads\/2011\/03\/391102.jpg'><img loading=\"lazy\" decoding=\"async\" width=\"150\" height=\"150\" src=\"https:\/\/bibliobelas.eba.ufmg.br\/wp-content\/uploads\/2011\/03\/391102-150x150.jpg\" class=\"attachment-thumbnail size-thumbnail\" alt=\"\" \/><\/a>\n\t\t\t<\/div><\/figure><figure class='gallery-item'>\n\t\t\t<div class='gallery-icon landscape'>\n\t\t\t\t<a href='https:\/\/bibliobelas.eba.ufmg.br\/wp-content\/uploads\/2011\/03\/391112.jpg'><img loading=\"lazy\" decoding=\"async\" width=\"150\" height=\"150\" src=\"https:\/\/bibliobelas.eba.ufmg.br\/wp-content\/uploads\/2011\/03\/391112-150x150.jpg\" class=\"attachment-thumbnail size-thumbnail\" alt=\"\" srcset=\"https:\/\/bibliobelas.eba.ufmg.br\/wp-content\/uploads\/2011\/03\/391112-150x150.jpg 150w, https:\/\/bibliobelas.eba.ufmg.br\/wp-content\/uploads\/2011\/03\/391112-300x300.jpg 300w, https:\/\/bibliobelas.eba.ufmg.br\/wp-content\/uploads\/2011\/03\/391112.jpg 420w\" sizes=\"auto, (max-width: 150px) 100vw, 150px\" \/><\/a>\n\t\t\t<\/div><\/figure><figure class='gallery-item'>\n\t\t\t<div class='gallery-icon landscape'>\n\t\t\t\t<a href='https:\/\/bibliobelas.eba.ufmg.br\/wp-content\/uploads\/2011\/03\/391122.jpg'><img loading=\"lazy\" decoding=\"async\" width=\"150\" height=\"150\" src=\"https:\/\/bibliobelas.eba.ufmg.br\/wp-content\/uploads\/2011\/03\/391122-150x150.jpg\" class=\"attachment-thumbnail size-thumbnail\" alt=\"\" srcset=\"https:\/\/bibliobelas.eba.ufmg.br\/wp-content\/uploads\/2011\/03\/391122-150x150.jpg 150w, https:\/\/bibliobelas.eba.ufmg.br\/wp-content\/uploads\/2011\/03\/391122-300x300.jpg 300w, https:\/\/bibliobelas.eba.ufmg.br\/wp-content\/uploads\/2011\/03\/391122.jpg 420w\" sizes=\"auto, (max-width: 150px) 100vw, 150px\" \/><\/a>\n\t\t\t<\/div><\/figure><figure class='gallery-item'>\n\t\t\t<div class='gallery-icon landscape'>\n\t\t\t\t<a href='https:\/\/bibliobelas.eba.ufmg.br\/wp-content\/uploads\/2011\/03\/391132.jpg'><img loading=\"lazy\" decoding=\"async\" width=\"150\" height=\"150\" src=\"https:\/\/bibliobelas.eba.ufmg.br\/wp-content\/uploads\/2011\/03\/391132-150x150.jpg\" class=\"attachment-thumbnail size-thumbnail\" alt=\"\" \/><\/a>\n\t\t\t<\/div><\/figure>\n\t\t<\/div>\n\n<p>Veja tamb\u00e9m um artigo divulgagado no blog:<\/p>\n<p><a href=\"http:\/\/bibliobelas.wordpress.com\/2011\/03\/21\/fotografo-andre-hauck-presta-tributo-ao-espaco-em-exposicao\/\" target=\"_blank\" rel=\"noopener\">http:\/\/bibliobelas.wordpress.com\/2011\/03\/21\/fotografo-andre-hauck-presta-tributo-ao-espaco-em-exposicao\/<\/a><\/p>\n","protected":false},"excerpt":{"rendered":"<p>Graduado pela Escola de Belas Artes da UFMG, 2005, atualmente vive e trabalha em Belo Horizonte, onde atua profissionalmente na \u00e1rea de fotografia e cinema. Exposi\u00e7\u00f5es e mostras coletivas: Entre Faces, no Espa\u00e7o Cultural Jayme de Andrade Peconick, Belo Horizonte, Agosto 2000. Ex-estrangeiros, nas salas Ana Orta e Celso Renato de Lima, Centro Cultural UFMG, &hellip; <a href=\"https:\/\/bibliobelas.eba.ufmg.br\/index.php\/galeria-3\/artistas\/andre-hauck\/\" class=\"more-link\">Continue lendo <span class=\"screen-reader-text\">Andr\u00e9 Hauck<\/span> <span class=\"meta-nav\">&rarr;<\/span><\/a><\/p>\n","protected":false},"author":1,"featured_media":0,"parent":718,"menu_order":1,"comment_status":"open","ping_status":"closed","template":"","meta":{"footnotes":""},"class_list":["post-721","page","type-page","status-publish","hentry"],"_links":{"self":[{"href":"https:\/\/bibliobelas.eba.ufmg.br\/index.php\/wp-json\/wp\/v2\/pages\/721","targetHints":{"allow":["GET"]}}],"collection":[{"href":"https:\/\/bibliobelas.eba.ufmg.br\/index.php\/wp-json\/wp\/v2\/pages"}],"about":[{"href":"https:\/\/bibliobelas.eba.ufmg.br\/index.php\/wp-json\/wp\/v2\/types\/page"}],"author":[{"embeddable":true,"href":"https:\/\/bibliobelas.eba.ufmg.br\/index.php\/wp-json\/wp\/v2\/users\/1"}],"replies":[{"embeddable":true,"href":"https:\/\/bibliobelas.eba.ufmg.br\/index.php\/wp-json\/wp\/v2\/comments?post=721"}],"version-history":[{"count":0,"href":"https:\/\/bibliobelas.eba.ufmg.br\/index.php\/wp-json\/wp\/v2\/pages\/721\/revisions"}],"up":[{"embeddable":true,"href":"https:\/\/bibliobelas.eba.ufmg.br\/index.php\/wp-json\/wp\/v2\/pages\/718"}],"wp:attachment":[{"href":"https:\/\/bibliobelas.eba.ufmg.br\/index.php\/wp-json\/wp\/v2\/media?parent=721"}],"curies":[{"name":"wp","href":"https:\/\/api.w.org\/{rel}","templated":true}]}}