{"id":7717,"date":"2023-04-27T15:49:41","date_gmt":"2023-04-27T18:49:41","guid":{"rendered":"https:\/\/bibliobelas.eba.ufmg.br\/?page_id=7717"},"modified":"2023-05-02T16:35:14","modified_gmt":"2023-05-02T19:35:14","slug":"solicitacao-de-isbn","status":"publish","type":"page","link":"https:\/\/bibliobelas.eba.ufmg.br\/index.php\/servicos\/solicitacao-de-isbn\/","title":{"rendered":"Solicita\u00e7\u00e3o de ISBN"},"content":{"rendered":"<div class=\"wp-block-image\">\n<figure class=\"aligncenter size-full is-resized\"><img loading=\"lazy\" decoding=\"async\" src=\"https:\/\/bibliobelas.eba.ufmg.br\/wp-content\/uploads\/2023\/04\/1-banner-topo-isbn_amb.png\" alt=\"\" class=\"wp-image-7718\" width=\"506\" height=\"229\" srcset=\"https:\/\/bibliobelas.eba.ufmg.br\/wp-content\/uploads\/2023\/04\/1-banner-topo-isbn_amb.png 1023w, https:\/\/bibliobelas.eba.ufmg.br\/wp-content\/uploads\/2023\/04\/1-banner-topo-isbn_amb-300x136.png 300w, https:\/\/bibliobelas.eba.ufmg.br\/wp-content\/uploads\/2023\/04\/1-banner-topo-isbn_amb-768x348.png 768w\" sizes=\"auto, (max-width: 506px) 100vw, 506px\" \/><\/figure>\n<\/div>\n\n\n<p>O<strong> <\/strong><strong>I<\/strong><strong>SBN<\/strong>(International Standard Book Number\/Padr\u00e3o Internacional de Numera\u00e7\u00e3o de Livro) \u00e9 um padr\u00e3o num\u00e9rico criado com o objetivo de fornecer uma esp\u00e9cie de &#8220;RG&#8221; para publica\u00e7\u00f5es monogr\u00e1ficas, como livros, artigos e apostilas. A difus\u00e3o global do <strong>ISBN <\/strong>e a facilidade com que \u00e9 lido por redes de varejo, bibliotecas e sistemas gerais de cataloga\u00e7\u00e3o, tornou-o imprescind\u00edvel para qualquer publica\u00e7\u00e3o.<br><br>A sequ\u00eancia \u00e9 criada a partir de um sistema de registro utilizado pelo mercado editorial e livreiro em todo o mundo. Ela \u00e9 composta de 13 n\u00fameros que indicam o t\u00edtulo, o autor, o pa\u00eds, a editora e a edi\u00e7\u00e3o de uma obra.<\/p>\n\n\n\n<p>Gra\u00e7as a essa combina\u00e7\u00e3o, \u00e9 poss\u00edvel individualizar e catalogar as informa\u00e7\u00f5es particulares e espec\u00edficas de cada uma das diversas publica\u00e7\u00f5es produzidas pelo mundo. O ISBN \u00e9 reconhecido em mais de 200 pa\u00edses permite o compartilhamento de metadados das obras em diferentes sistemas.<\/p>\n\n\n\n<p>Atualmente a C\u00e2mara Brasileira do Livro \u2013 CBL \u00e9 a institui\u00e7\u00e3o que gerencia o ISBN (International Standard Book Number) no Brasil. Na Escola de Belas Artes, a solicita\u00e7\u00e3o do ISBN pelo selo Editorial da EBA \u00e9 feita pela Biblioteca e a responsabilidade pelo pagamento do n\u00famero e de seu c\u00f3digo de barras (opcional) e do autor\/editor da obra.<\/p>\n\n\n\n<p>Para solicitar o ISBN, o usu\u00e1rio dever\u00e1 fornecer os seguintes dados e envi\u00e1-los, conforme descrito abaixo:<\/p>\n\n\n\n<p><strong>1 &#8211; <em><em>Escrever no corpo do e-mail ou em arquivo anexo:<\/em><\/em><\/strong><\/p>\n\n\n\n<figure class=\"wp-block-table\"><table><tbody><tr><td>T\u00edtulo da Obra<\/td><td><br><\/td><\/tr><tr><td>Subt\u00edtulo(opcional)<\/td><td><br><\/td><\/tr><tr><td>Tipo de Obra<\/td><td>individual, cole\u00e7\u00e3o ou s\u00e9rie<\/td><\/tr><tr><td>Idioma<\/td><td><br><\/td><\/tr><tr><td>Autores<\/td><td><br><\/td><\/tr><tr><td>Veicula\u00e7\u00e3o<\/td><td>digital ou f\u00edsico<\/td><\/tr><tr><td rowspan=\"2\"><br><br>Formato da obra<\/td><td>Para livro digital : Livro digital, audio livro, aplicativo, video, video livro<\/td><\/tr><tr><td>Para livro f\u00edsico : cd, DVD, papel, braile, mapa, capa dura, brochura<\/td><\/tr><tr><td><br>Extens\u00e3o da obra<\/td><td>Para livro digital : AZW, Epub, Epub2, Epub3, PDF, MOBI, IBA, TXT, LIT, RFT, KLM, BBeB, HTML, CRB, CBZ, ASXI, Aplicativo (web), KPF, RDP, SCORM, HTML5<\/td><\/tr><tr><td>N\u00ba de p\u00e1ginas<\/td><td><br><\/td><\/tr><tr><td>edi\u00e7\u00e3o<\/td><td><br><\/td><\/tr><tr><td>ano<\/td><td><br><\/td><\/tr><tr><td>UF e cidade<\/td><td><br><\/td><\/tr><tr><td>Coeditores<\/td><td><br><\/td><\/tr><tr><td>Publico alvo<\/td><td>adulto, infantil, infanto-juvenil, geral, ensino fundamental, ensino m\u00e9dio ou universit\u00e1rio<\/td><\/tr><tr><td>Palavras chave<\/td><td><br><\/td><\/tr><tr><td>Material adicional<\/td><td><br><\/td><\/tr><tr><td>Isbns complementares<\/td><td><br><\/td><\/tr><tr><td>Adquirir c\u00f3digo de Barras<\/td><td>sim ou n\u00e3o.<\/td><\/tr><tr><td>Sinopse<\/td><td><br><\/td><\/tr><\/tbody><\/table><\/figure>\n\n\n\n<p><strong><em>2 &#8211; Anexar ao e-mail<\/em><\/strong> (num \u00fanico arquivo \u2013 doc, docx ou pdf) :<\/p>\n\n\n\n<p>Obra a receber ISBN e confec\u00e7\u00e3o da ficha catalogr\u00e1fica (caso n\u00e3o tenha sido feita externamente)<em>.<\/em><\/p>\n\n\n\n<p><strong><em>3 &#8211; Enviar para :<\/em><\/strong><\/p>\n\n\n\n<p>bib@eba.ufmg.br<\/p>\n\n\n\n<p><em>cc : <a href=\"mailto:bib-trabalhoacademico@eba.ufmg.br\">bib-trabalhoacademico@eba.ufmg.br<\/a><\/em><\/p>\n\n\n\n<p><em>Assunto : Solicita\u00e7\u00e3o de ISBN<\/em><\/p>\n\n\n\n<p><\/p>\n\n\n\n<p>Caso necess\u00e1rio, a biblioteca entrar\u00e1 em contato para informa\u00e7\u00f5es adicionais. <\/p>\n\n\n\n<p>Caso o solicitante tamb\u00e9m precise de <strong>ficha catalogr\u00e1fica<\/strong> para a obra, seguir tamb\u00e9m as orienta\u00e7\u00f5es descritas <a href=\"https:\/\/bibliobelas.eba.ufmg.br\/index.php\/servicos\/orientacao-de-norm7alizacao-bibliografica\/livros\/\" data-type=\"URL\" data-id=\"https:\/\/bibliobelas.eba.ufmg.br\/index.php\/servicos\/orientacao-de-norm7alizacao-bibliografica\/livros\/\">aqui<\/a>. <\/p>\n\n\n\n<p>O solicitante ent\u00e3o receber\u00e1 o boleto para pagamento.  Ap\u00f3s a identifica\u00e7\u00e3o do pagamento pela CBL, o n\u00famero estar\u00e1 dispon\u00edvel em 2 dias \u00fateis. A biblioteca ent\u00e3o emitir\u00e1 a vers\u00e3o final da ficha catalogr\u00e1fica \u2013 caso tenha sido solicitada \u2013 contendo o n\u00famero do ISBN. <\/p>\n\n\n\n<p>A biblioteca poder\u00e1 sugerir adequa\u00e7\u00f5es na obra quanto \u00e0 normaliza\u00e7\u00e3o, considerando as normas da ABNT para a obra em quest\u00e3o.<\/p>\n","protected":false},"excerpt":{"rendered":"<p>O ISBN(International Standard Book Number\/Padr\u00e3o Internacional de Numera\u00e7\u00e3o de Livro) \u00e9 um padr\u00e3o num\u00e9rico criado com o objetivo de fornecer uma esp\u00e9cie de &#8220;RG&#8221; para publica\u00e7\u00f5es monogr\u00e1ficas, como livros, artigos e apostilas. A difus\u00e3o global do ISBN e a facilidade com que \u00e9 lido por redes de varejo, bibliotecas e sistemas gerais de cataloga\u00e7\u00e3o, tornou-o &hellip; <a href=\"https:\/\/bibliobelas.eba.ufmg.br\/index.php\/servicos\/solicitacao-de-isbn\/\" class=\"more-link\">Continue lendo <span class=\"screen-reader-text\">Solicita\u00e7\u00e3o de ISBN<\/span> <span class=\"meta-nav\">&rarr;<\/span><\/a><\/p>\n","protected":false},"author":1,"featured_media":0,"parent":36,"menu_order":4,"comment_status":"closed","ping_status":"closed","template":"","meta":{"footnotes":""},"class_list":["post-7717","page","type-page","status-publish","hentry"],"_links":{"self":[{"href":"https:\/\/bibliobelas.eba.ufmg.br\/index.php\/wp-json\/wp\/v2\/pages\/7717","targetHints":{"allow":["GET"]}}],"collection":[{"href":"https:\/\/bibliobelas.eba.ufmg.br\/index.php\/wp-json\/wp\/v2\/pages"}],"about":[{"href":"https:\/\/bibliobelas.eba.ufmg.br\/index.php\/wp-json\/wp\/v2\/types\/page"}],"author":[{"embeddable":true,"href":"https:\/\/bibliobelas.eba.ufmg.br\/index.php\/wp-json\/wp\/v2\/users\/1"}],"replies":[{"embeddable":true,"href":"https:\/\/bibliobelas.eba.ufmg.br\/index.php\/wp-json\/wp\/v2\/comments?post=7717"}],"version-history":[{"count":8,"href":"https:\/\/bibliobelas.eba.ufmg.br\/index.php\/wp-json\/wp\/v2\/pages\/7717\/revisions"}],"predecessor-version":[{"id":7736,"href":"https:\/\/bibliobelas.eba.ufmg.br\/index.php\/wp-json\/wp\/v2\/pages\/7717\/revisions\/7736"}],"up":[{"embeddable":true,"href":"https:\/\/bibliobelas.eba.ufmg.br\/index.php\/wp-json\/wp\/v2\/pages\/36"}],"wp:attachment":[{"href":"https:\/\/bibliobelas.eba.ufmg.br\/index.php\/wp-json\/wp\/v2\/media?parent=7717"}],"curies":[{"name":"wp","href":"https:\/\/api.w.org\/{rel}","templated":true}]}}