{"id":7729,"date":"2023-05-02T16:25:48","date_gmt":"2023-05-02T19:25:48","guid":{"rendered":"https:\/\/bibliobelas.eba.ufmg.br\/?page_id=7729"},"modified":"2023-05-26T11:51:36","modified_gmt":"2023-05-26T14:51:36","slug":"teses-e-dissertacoes","status":"publish","type":"page","link":"https:\/\/bibliobelas.eba.ufmg.br\/index.php\/servicos\/orientacao-de-norm7alizacao-bibliografica\/teses-e-dissertacoes\/","title":{"rendered":"Teses e disserta\u00e7\u00f5es"},"content":{"rendered":"\n<p>Para teses e disserta\u00e7\u00f5es, o prazo para a entrega da ficha ao solicitante \u00e9 de at\u00e9 5 (cinco) dias \u00fateis.<\/p>\n\n\n\n<p>Para solicitar a elabora\u00e7\u00e3o da ficha, o usu\u00e1rio dever\u00e1 fornecer os seguintes dados e envi\u00e1-los, conforme descrito abaixo:<\/p>\n\n\n\n<figure class=\"wp-block-table\"><table><tbody><tr><td><em>Escrever no corpo do e-mail:<\/em><\/td><\/tr><tr><td>Nome completo:<\/td><\/tr><tr><td>Nome em cita\u00e7\u00f5es bibliogr\u00e1ficas:<\/td><\/tr><tr><td>Ano de nascimento:<\/td><\/tr><tr><td>Total de p\u00e1ginas (\u00faltima p\u00e1gina que aparece numerada):<\/td><\/tr><tr><td>Possui material adicional?<\/td><\/tr><tr><td>&#8211; se sim, qual? Folheto, CD, DVD, Folder etc.<\/td><\/tr><tr><td>O trabalho \u00e9 ilustrado, possui imagens?<\/td><\/tr><tr><td>Cite algumas palavras-chave referentes ao assunto do trabalho:<\/td><\/tr><tr><td>Ano de defesa:<\/td><\/tr><tr><td>A vers\u00e3o de exemplar impresso e encadernado (OPCIONAL) ser\u00e1 entregue?  Sim ___  N\u00e3o___<\/td><\/tr><tr><td>Telefone fixo:<\/td><\/tr><tr><td>Telefone celular:<\/td><\/tr><tr><td><em>Anexar ao e-mail (num <strong>\u00fanico<\/strong> arquivo &#8211; doc, docx ou pdf) :<\/em><\/td><\/tr><tr><td>Tese, Disserta\u00e7\u00e3o ou Monografia de Especializa\u00e7\u00e3o<\/td><\/tr><tr><td><em>Enviar para:&nbsp;<\/em><\/td><\/tr><tr><td>bib-trabalhoacademico@eba.ufmg.br &nbsp; <strong>A\/C: Luciana de Oliveira (Bibliotec\u00e1ria)<\/strong><\/td><\/tr><tr><td><em>Assunto do e-mail:<\/em><\/td><\/tr><tr><td>Elabora\u00e7\u00e3o de ficha catalogr\u00e1fica<\/td><\/tr><\/tbody><\/table><\/figure>\n","protected":false},"excerpt":{"rendered":"<p>Para teses e disserta\u00e7\u00f5es, o prazo para a entrega da ficha ao solicitante \u00e9 de at\u00e9 5 (cinco) dias \u00fateis. Para solicitar a elabora\u00e7\u00e3o da ficha, o usu\u00e1rio dever\u00e1 fornecer os seguintes dados e envi\u00e1-los, conforme descrito abaixo: Escrever no corpo do e-mail: Nome completo: Nome em cita\u00e7\u00f5es bibliogr\u00e1ficas: Ano de nascimento: Total de p\u00e1ginas &hellip; <a href=\"https:\/\/bibliobelas.eba.ufmg.br\/index.php\/servicos\/orientacao-de-norm7alizacao-bibliografica\/teses-e-dissertacoes\/\" class=\"more-link\">Continue lendo <span class=\"screen-reader-text\">Teses e disserta\u00e7\u00f5es<\/span> <span class=\"meta-nav\">&rarr;<\/span><\/a><\/p>\n","protected":false},"author":1,"featured_media":0,"parent":93,"menu_order":0,"comment_status":"closed","ping_status":"closed","template":"","meta":{"footnotes":""},"class_list":["post-7729","page","type-page","status-publish","hentry"],"_links":{"self":[{"href":"https:\/\/bibliobelas.eba.ufmg.br\/index.php\/wp-json\/wp\/v2\/pages\/7729","targetHints":{"allow":["GET"]}}],"collection":[{"href":"https:\/\/bibliobelas.eba.ufmg.br\/index.php\/wp-json\/wp\/v2\/pages"}],"about":[{"href":"https:\/\/bibliobelas.eba.ufmg.br\/index.php\/wp-json\/wp\/v2\/types\/page"}],"author":[{"embeddable":true,"href":"https:\/\/bibliobelas.eba.ufmg.br\/index.php\/wp-json\/wp\/v2\/users\/1"}],"replies":[{"embeddable":true,"href":"https:\/\/bibliobelas.eba.ufmg.br\/index.php\/wp-json\/wp\/v2\/comments?post=7729"}],"version-history":[{"count":2,"href":"https:\/\/bibliobelas.eba.ufmg.br\/index.php\/wp-json\/wp\/v2\/pages\/7729\/revisions"}],"predecessor-version":[{"id":7763,"href":"https:\/\/bibliobelas.eba.ufmg.br\/index.php\/wp-json\/wp\/v2\/pages\/7729\/revisions\/7763"}],"up":[{"embeddable":true,"href":"https:\/\/bibliobelas.eba.ufmg.br\/index.php\/wp-json\/wp\/v2\/pages\/93"}],"wp:attachment":[{"href":"https:\/\/bibliobelas.eba.ufmg.br\/index.php\/wp-json\/wp\/v2\/media?parent=7729"}],"curies":[{"name":"wp","href":"https:\/\/api.w.org\/{rel}","templated":true}]}}