{"id":7750,"date":"2023-05-24T19:11:09","date_gmt":"2023-05-24T22:11:09","guid":{"rendered":"https:\/\/bibliobelas.eba.ufmg.br\/?page_id=7750"},"modified":"2023-08-21T15:46:14","modified_gmt":"2023-08-21T18:46:14","slug":"tcc","status":"publish","type":"page","link":"https:\/\/bibliobelas.eba.ufmg.br\/index.php\/conteudos-digitais-de-artes\/tcc\/","title":{"rendered":"Trabalhos de Conclus\u00e3o de Curso (TCC\u00b4s)"},"content":{"rendered":"\n<p><\/p>\n\n\n\n<p class=\"has-text-align-center\"><strong>Acesse os TCC\u00b4s:<\/strong><\/p>\n\n\n<div class=\"wp-block-image\">\n<figure class=\"aligncenter size-full\"><a href=\"https:\/\/eba.ufmg.br\/tccs\/\"><img loading=\"lazy\" decoding=\"async\" width=\"141\" height=\"179\" src=\"https:\/\/bibliobelas.eba.ufmg.br\/wp-content\/uploads\/2023\/06\/Print-06-01-23-at-08.43-PM-002.jpg\" alt=\"\" class=\"wp-image-7790\"\/><\/a><\/figure>\n<\/div>\n\n\n<p>A inser\u00e7\u00e3o dos TCCs no Reposit\u00f3rio Institucional da EBA est\u00e1 sendo feita de forma gradual. Observe que o Reposit\u00f3rio inclui apenas os arquivos de texto em PDF. Caso o trabalho inclua elementos adicionais como arquivos execut\u00e1veis ou arquivos de v\u00eddeo, este possivelmente estar\u00e3o inclusos apenas no CD-ROM\/DVD arquivado no acervo f\u00edsico da biblioteca. Caso n\u00e3o encontre o material desejado, fa\u00e7a a busca pelo Cat\u00e1logo Pergamum.<\/p>\n","protected":false},"excerpt":{"rendered":"<p>Acesse os TCC\u00b4s: A inser\u00e7\u00e3o dos TCCs no Reposit\u00f3rio Institucional da EBA est\u00e1 sendo feita de forma gradual. Observe que o Reposit\u00f3rio inclui apenas os arquivos de texto em PDF. Caso o trabalho inclua elementos adicionais como arquivos execut\u00e1veis ou arquivos de v\u00eddeo, este possivelmente estar\u00e3o inclusos apenas no CD-ROM\/DVD arquivado no acervo f\u00edsico da &hellip; <a href=\"https:\/\/bibliobelas.eba.ufmg.br\/index.php\/conteudos-digitais-de-artes\/tcc\/\" class=\"more-link\">Continue lendo <span class=\"screen-reader-text\">Trabalhos de Conclus\u00e3o de Curso (TCC\u00b4s)<\/span> <span class=\"meta-nav\">&rarr;<\/span><\/a><\/p>\n","protected":false},"author":1,"featured_media":0,"parent":6820,"menu_order":4,"comment_status":"closed","ping_status":"closed","template":"","meta":{"footnotes":""},"class_list":["post-7750","page","type-page","status-publish","hentry"],"_links":{"self":[{"href":"https:\/\/bibliobelas.eba.ufmg.br\/index.php\/wp-json\/wp\/v2\/pages\/7750","targetHints":{"allow":["GET"]}}],"collection":[{"href":"https:\/\/bibliobelas.eba.ufmg.br\/index.php\/wp-json\/wp\/v2\/pages"}],"about":[{"href":"https:\/\/bibliobelas.eba.ufmg.br\/index.php\/wp-json\/wp\/v2\/types\/page"}],"author":[{"embeddable":true,"href":"https:\/\/bibliobelas.eba.ufmg.br\/index.php\/wp-json\/wp\/v2\/users\/1"}],"replies":[{"embeddable":true,"href":"https:\/\/bibliobelas.eba.ufmg.br\/index.php\/wp-json\/wp\/v2\/comments?post=7750"}],"version-history":[{"count":9,"href":"https:\/\/bibliobelas.eba.ufmg.br\/index.php\/wp-json\/wp\/v2\/pages\/7750\/revisions"}],"predecessor-version":[{"id":7864,"href":"https:\/\/bibliobelas.eba.ufmg.br\/index.php\/wp-json\/wp\/v2\/pages\/7750\/revisions\/7864"}],"up":[{"embeddable":true,"href":"https:\/\/bibliobelas.eba.ufmg.br\/index.php\/wp-json\/wp\/v2\/pages\/6820"}],"wp:attachment":[{"href":"https:\/\/bibliobelas.eba.ufmg.br\/index.php\/wp-json\/wp\/v2\/media?parent=7750"}],"curies":[{"name":"wp","href":"https:\/\/api.w.org\/{rel}","templated":true}]}}