{"id":8322,"date":"2024-09-23T17:59:59","date_gmt":"2024-09-23T20:59:59","guid":{"rendered":"https:\/\/bibliobelas.eba.ufmg.br\/?page_id=8322"},"modified":"2024-09-23T20:47:58","modified_gmt":"2024-09-23T23:47:58","slug":"cengage-learning","status":"publish","type":"page","link":"https:\/\/bibliobelas.eba.ufmg.br\/index.php\/e-books\/cengage-learning\/","title":{"rendered":"Cengage Learning"},"content":{"rendered":"<div class=\"wp-block-image\">\n<figure class=\"aligncenter size-full\"><img loading=\"lazy\" decoding=\"async\" width=\"369\" height=\"128\" src=\"https:\/\/bibliobelas.eba.ufmg.br\/wp-content\/uploads\/2024\/09\/cengage-1.png\" alt=\"\" class=\"wp-image-8331\" srcset=\"https:\/\/bibliobelas.eba.ufmg.br\/wp-content\/uploads\/2024\/09\/cengage-1.png 369w, https:\/\/bibliobelas.eba.ufmg.br\/wp-content\/uploads\/2024\/09\/cengage-1-300x104.png 300w\" sizes=\"auto, (max-width: 369px) 100vw, 369px\" \/><\/figure>\n<\/div>\n\n\n<p class=\"has-text-align-justify\">A plataforma de e-books perp\u00e9tuos Cengage Learning poder\u00e1 ser acessada atrav\u00e9s do &#8220;Acesso Usu\u00e1rio&#8221; no Pergamum. Basta que o(a) usu\u00e1rio(a) acesse a sua conta, clique \u201cBase de dados\u201d, e em seguida ser\u00e1 mostrado as plataformas dispon\u00edveis. N\u00e3o \u00e9 necess\u00e1rio nenhum cadastro pr\u00e9vio para o acesso \u00e0 Cengage, haja vista que as obras s\u00e3o perp\u00e9tuas, ou seja, comp\u00f5em o acervo do Sistema de Biblioteca de forma permanente.<\/p>\n\n\n\n<p><strong>Confira a tela:<\/strong><\/p>\n\n\n<div class=\"wp-block-image\">\n<figure class=\"aligncenter size-large\"><a href=\"https:\/\/bibliobelas.eba.ufmg.br\/wp-content\/uploads\/2024\/09\/Cengage-Learning-1.jpg\"><img loading=\"lazy\" decoding=\"async\" width=\"1024\" height=\"348\" src=\"https:\/\/bibliobelas.eba.ufmg.br\/wp-content\/uploads\/2024\/09\/Cengage-Learning-1024x348.jpg\" alt=\"\" class=\"wp-image-8326\" srcset=\"https:\/\/bibliobelas.eba.ufmg.br\/wp-content\/uploads\/2024\/09\/Cengage-Learning-1024x348.jpg 1024w, https:\/\/bibliobelas.eba.ufmg.br\/wp-content\/uploads\/2024\/09\/Cengage-Learning-300x102.jpg 300w, https:\/\/bibliobelas.eba.ufmg.br\/wp-content\/uploads\/2024\/09\/Cengage-Learning-768x261.jpg 768w, https:\/\/bibliobelas.eba.ufmg.br\/wp-content\/uploads\/2024\/09\/Cengage-Learning-1536x522.jpg 1536w, https:\/\/bibliobelas.eba.ufmg.br\/wp-content\/uploads\/2024\/09\/Cengage-Learning.jpg 1911w\" sizes=\"auto, (max-width: 1024px) 100vw, 1024px\" \/><\/a><figcaption class=\"wp-element-caption\">Link &#8220;Base de dados&#8221; no acesso usu\u00e1rio Pergamum para acesso a Cengage.<\/figcaption><\/figure>\n<\/div>\n\n\n<hr class=\"wp-block-separator has-alpha-channel-opacity\"\/>\n\n\n\n<p><strong>Tutorial de acesso a um e-book espec\u00edfico diretamente do Cat\u00e1logo Pergamum UFMG<\/strong>: <\/p>\n\n\n\n<p class=\"has-text-align-justify\">O acesso ao e-book perp\u00e9tuo \u00e9 permitido clicando no link que consta no registro do livro. Para isso, realize a pesquisa no Cat\u00e1logo Pergamum, localize o livro, abra o registro e clique no link disponibilizado.<\/p>\n\n\n\n<p><strong>Exemplo:<\/strong><\/p>\n\n\n<div class=\"wp-block-image\">\n<figure class=\"aligncenter size-large\"><a href=\"https:\/\/bibliobelas.eba.ufmg.br\/wp-content\/uploads\/2024\/09\/Captura-de-tela-2024-09-23-202733-Copia-1.jpg\"><img loading=\"lazy\" decoding=\"async\" width=\"1024\" height=\"686\" src=\"https:\/\/bibliobelas.eba.ufmg.br\/wp-content\/uploads\/2024\/09\/Captura-de-tela-2024-09-23-202733-Copia-1024x686.jpg\" alt=\"\" class=\"wp-image-8344\" srcset=\"https:\/\/bibliobelas.eba.ufmg.br\/wp-content\/uploads\/2024\/09\/Captura-de-tela-2024-09-23-202733-Copia-1024x686.jpg 1024w, https:\/\/bibliobelas.eba.ufmg.br\/wp-content\/uploads\/2024\/09\/Captura-de-tela-2024-09-23-202733-Copia-300x201.jpg 300w, https:\/\/bibliobelas.eba.ufmg.br\/wp-content\/uploads\/2024\/09\/Captura-de-tela-2024-09-23-202733-Copia-768x515.jpg 768w, https:\/\/bibliobelas.eba.ufmg.br\/wp-content\/uploads\/2024\/09\/Captura-de-tela-2024-09-23-202733-Copia.jpg 1118w\" sizes=\"auto, (max-width: 1024px) 100vw, 1024px\" \/><\/a><figcaption class=\"wp-element-caption\">Utilize os filtros para facilitar a localiza\u00e7\u00e3o do registro da obra.<\/figcaption><\/figure>\n<\/div>\n\n<div class=\"wp-block-image\">\n<figure class=\"aligncenter size-full\"><a href=\"https:\/\/bibliobelas.eba.ufmg.br\/wp-content\/uploads\/2024\/09\/Captura-de-tela-2024-09-23-202933-1.jpg\"><img loading=\"lazy\" decoding=\"async\" width=\"829\" height=\"497\" src=\"https:\/\/bibliobelas.eba.ufmg.br\/wp-content\/uploads\/2024\/09\/Captura-de-tela-2024-09-23-202933.jpg\" alt=\"\" class=\"wp-image-8345\" srcset=\"https:\/\/bibliobelas.eba.ufmg.br\/wp-content\/uploads\/2024\/09\/Captura-de-tela-2024-09-23-202933.jpg 829w, https:\/\/bibliobelas.eba.ufmg.br\/wp-content\/uploads\/2024\/09\/Captura-de-tela-2024-09-23-202933-300x180.jpg 300w, https:\/\/bibliobelas.eba.ufmg.br\/wp-content\/uploads\/2024\/09\/Captura-de-tela-2024-09-23-202933-768x460.jpg 768w\" sizes=\"auto, (max-width: 829px) 100vw, 829px\" \/><\/a><figcaption class=\"wp-element-caption\">Clique no link disponibilizado.<\/figcaption><\/figure>\n<\/div>\n\n<div class=\"wp-block-image\">\n<figure class=\"aligncenter size-full\"><a href=\"https:\/\/bibliobelas.eba.ufmg.br\/wp-content\/uploads\/2024\/09\/Captura-de-tela-2024-09-23-203202-1.jpg\"><img loading=\"lazy\" decoding=\"async\" width=\"622\" height=\"314\" src=\"https:\/\/bibliobelas.eba.ufmg.br\/wp-content\/uploads\/2024\/09\/Captura-de-tela-2024-09-23-203202.jpg\" alt=\"\" class=\"wp-image-8346\" srcset=\"https:\/\/bibliobelas.eba.ufmg.br\/wp-content\/uploads\/2024\/09\/Captura-de-tela-2024-09-23-203202.jpg 622w, https:\/\/bibliobelas.eba.ufmg.br\/wp-content\/uploads\/2024\/09\/Captura-de-tela-2024-09-23-203202-300x151.jpg 300w\" sizes=\"auto, (max-width: 622px) 100vw, 622px\" \/><\/a><figcaption class=\"wp-element-caption\">A janela pop-up de login abrir\u00e1 para que seja feita a autentica\u00e7\u00e3o.<\/figcaption><\/figure>\n<\/div>\n\n<div class=\"wp-block-image\">\n<figure class=\"aligncenter size-large\"><a href=\"https:\/\/bibliobelas.eba.ufmg.br\/wp-content\/uploads\/2024\/09\/Captura-de-tela-2024-09-23-203326-1.jpg\"><img loading=\"lazy\" decoding=\"async\" width=\"1024\" height=\"752\" src=\"https:\/\/bibliobelas.eba.ufmg.br\/wp-content\/uploads\/2024\/09\/Captura-de-tela-2024-09-23-203326-1024x752.jpg\" alt=\"\" class=\"wp-image-8347\" srcset=\"https:\/\/bibliobelas.eba.ufmg.br\/wp-content\/uploads\/2024\/09\/Captura-de-tela-2024-09-23-203326-1024x752.jpg 1024w, https:\/\/bibliobelas.eba.ufmg.br\/wp-content\/uploads\/2024\/09\/Captura-de-tela-2024-09-23-203326-300x220.jpg 300w, https:\/\/bibliobelas.eba.ufmg.br\/wp-content\/uploads\/2024\/09\/Captura-de-tela-2024-09-23-203326-768x564.jpg 768w, https:\/\/bibliobelas.eba.ufmg.br\/wp-content\/uploads\/2024\/09\/Captura-de-tela-2024-09-23-203326.jpg 1125w\" sizes=\"auto, (max-width: 1024px) 100vw, 1024px\" \/><\/a><figcaption class=\"wp-element-caption\">Uma nova janela se abrir\u00e1 para que seja mostrado o e-book na \u00edntegra.<\/figcaption><\/figure>\n<\/div>","protected":false},"excerpt":{"rendered":"<p>A plataforma de e-books perp\u00e9tuos Cengage Learning poder\u00e1 ser acessada atrav\u00e9s do &#8220;Acesso Usu\u00e1rio&#8221; no Pergamum. Basta que o(a) usu\u00e1rio(a) acesse a sua conta, clique \u201cBase de dados\u201d, e em seguida ser\u00e1 mostrado as plataformas dispon\u00edveis. N\u00e3o \u00e9 necess\u00e1rio nenhum cadastro pr\u00e9vio para o acesso \u00e0 Cengage, haja vista que as obras s\u00e3o perp\u00e9tuas, ou &hellip; <a href=\"https:\/\/bibliobelas.eba.ufmg.br\/index.php\/e-books\/cengage-learning\/\" class=\"more-link\">Continue lendo <span class=\"screen-reader-text\">Cengage Learning<\/span> <span class=\"meta-nav\">&rarr;<\/span><\/a><\/p>\n","protected":false},"author":1,"featured_media":0,"parent":5954,"menu_order":3,"comment_status":"closed","ping_status":"closed","template":"","meta":{"footnotes":""},"class_list":["post-8322","page","type-page","status-publish","hentry"],"_links":{"self":[{"href":"https:\/\/bibliobelas.eba.ufmg.br\/index.php\/wp-json\/wp\/v2\/pages\/8322","targetHints":{"allow":["GET"]}}],"collection":[{"href":"https:\/\/bibliobelas.eba.ufmg.br\/index.php\/wp-json\/wp\/v2\/pages"}],"about":[{"href":"https:\/\/bibliobelas.eba.ufmg.br\/index.php\/wp-json\/wp\/v2\/types\/page"}],"author":[{"embeddable":true,"href":"https:\/\/bibliobelas.eba.ufmg.br\/index.php\/wp-json\/wp\/v2\/users\/1"}],"replies":[{"embeddable":true,"href":"https:\/\/bibliobelas.eba.ufmg.br\/index.php\/wp-json\/wp\/v2\/comments?post=8322"}],"version-history":[{"count":10,"href":"https:\/\/bibliobelas.eba.ufmg.br\/index.php\/wp-json\/wp\/v2\/pages\/8322\/revisions"}],"predecessor-version":[{"id":8359,"href":"https:\/\/bibliobelas.eba.ufmg.br\/index.php\/wp-json\/wp\/v2\/pages\/8322\/revisions\/8359"}],"up":[{"embeddable":true,"href":"https:\/\/bibliobelas.eba.ufmg.br\/index.php\/wp-json\/wp\/v2\/pages\/5954"}],"wp:attachment":[{"href":"https:\/\/bibliobelas.eba.ufmg.br\/index.php\/wp-json\/wp\/v2\/media?parent=8322"}],"curies":[{"name":"wp","href":"https:\/\/api.w.org\/{rel}","templated":true}]}}