{"id":845,"date":"2011-03-24T15:56:13","date_gmt":"2011-03-24T17:56:13","guid":{"rendered":"http:\/\/bibliobelas.wordpress.com\/?page_id=845"},"modified":"2011-03-24T15:56:13","modified_gmt":"2011-03-24T17:56:13","slug":"camila-otto","status":"publish","type":"page","link":"https:\/\/bibliobelas.eba.ufmg.br\/index.php\/galeria-3\/artistas\/camila-otto\/","title":{"rendered":"Camila Otto"},"content":{"rendered":"<p style=\"text-align:justify;\">Camila Otto, natural de Belo Horizonte, \u00a0\u00e9 aluna de p\u00f3s-gradua\u00e7\u00e3o da Escola de Belas Artes. Formada em Artes Pl\u00e1sticas pela Universidade Federal de Minas Gerais e, em Design Industrial, na UEMG, a artista atua na \u00e1rea de gravura, fotografia e educa\u00e7\u00e3o em artes e trabalha tamb\u00e9m como designer de produto e com estamparia. J\u00e1 apresentou seus trabalhos em galerias nacionais e internacionais. Atuou, como curadora, em exposi\u00e7\u00f5es no Pal\u00e1cio das Artes, Minascentro e PUC Contagem.<\/p>\n<div id='gallery-1' class='gallery galleryid-845 gallery-columns-3 gallery-size-thumbnail'><figure class='gallery-item'>\n\t\t\t<div class='gallery-icon landscape'>\n\t\t\t\t<a href='https:\/\/bibliobelas.eba.ufmg.br\/wp-content\/uploads\/2011\/03\/afeto.jpg'><img loading=\"lazy\" decoding=\"async\" width=\"150\" height=\"150\" src=\"https:\/\/bibliobelas.eba.ufmg.br\/wp-content\/uploads\/2011\/03\/afeto-150x150.jpg\" class=\"attachment-thumbnail size-thumbnail\" alt=\"\" \/><\/a>\n\t\t\t<\/div><\/figure><figure class='gallery-item'>\n\t\t\t<div class='gallery-icon landscape'>\n\t\t\t\t<a href='https:\/\/bibliobelas.eba.ufmg.br\/wp-content\/uploads\/2011\/03\/afeto-1.jpg'><img loading=\"lazy\" decoding=\"async\" width=\"150\" height=\"150\" src=\"https:\/\/bibliobelas.eba.ufmg.br\/wp-content\/uploads\/2011\/03\/afeto-1-150x150.jpg\" class=\"attachment-thumbnail size-thumbnail\" alt=\"\" \/><\/a>\n\t\t\t<\/div><\/figure><figure class='gallery-item'>\n\t\t\t<div class='gallery-icon landscape'>\n\t\t\t\t<a href='https:\/\/bibliobelas.eba.ufmg.br\/wp-content\/uploads\/2011\/03\/afeto-3.jpg'><img loading=\"lazy\" decoding=\"async\" width=\"150\" height=\"150\" src=\"https:\/\/bibliobelas.eba.ufmg.br\/wp-content\/uploads\/2011\/03\/afeto-3-150x150.jpg\" class=\"attachment-thumbnail size-thumbnail\" alt=\"\" \/><\/a>\n\t\t\t<\/div><\/figure><figure class='gallery-item'>\n\t\t\t<div class='gallery-icon landscape'>\n\t\t\t\t<a href='https:\/\/bibliobelas.eba.ufmg.br\/wp-content\/uploads\/2011\/03\/afeto-2.jpg'><img loading=\"lazy\" decoding=\"async\" width=\"150\" height=\"150\" src=\"https:\/\/bibliobelas.eba.ufmg.br\/wp-content\/uploads\/2011\/03\/afeto-2-150x150.jpg\" class=\"attachment-thumbnail size-thumbnail\" alt=\"\" \/><\/a>\n\t\t\t<\/div><\/figure><figure class='gallery-item'>\n\t\t\t<div class='gallery-icon portrait'>\n\t\t\t\t<a href='https:\/\/bibliobelas.eba.ufmg.br\/wp-content\/uploads\/2011\/03\/muito-mais-que-rac3adzes-copy.jpg'><img loading=\"lazy\" decoding=\"async\" width=\"150\" height=\"150\" src=\"https:\/\/bibliobelas.eba.ufmg.br\/wp-content\/uploads\/2011\/03\/muito-mais-que-rac3adzes-copy-150x150.jpg\" class=\"attachment-thumbnail size-thumbnail\" alt=\"\" \/><\/a>\n\t\t\t<\/div><\/figure><figure class='gallery-item'>\n\t\t\t<div class='gallery-icon landscape'>\n\t\t\t\t<a href='https:\/\/bibliobelas.eba.ufmg.br\/wp-content\/uploads\/2011\/03\/obras-copasa17.jpg'><img loading=\"lazy\" decoding=\"async\" width=\"150\" height=\"150\" src=\"https:\/\/bibliobelas.eba.ufmg.br\/wp-content\/uploads\/2011\/03\/obras-copasa17-150x150.jpg\" class=\"attachment-thumbnail size-thumbnail\" alt=\"\" \/><\/a>\n\t\t\t<\/div><\/figure><figure class='gallery-item'>\n\t\t\t<div class='gallery-icon landscape'>\n\t\t\t\t<a href='https:\/\/bibliobelas.eba.ufmg.br\/wp-content\/uploads\/2011\/03\/img_9649.jpg'><img loading=\"lazy\" decoding=\"async\" width=\"150\" height=\"150\" src=\"https:\/\/bibliobelas.eba.ufmg.br\/wp-content\/uploads\/2011\/03\/img_9649-150x150.jpg\" class=\"attachment-thumbnail size-thumbnail\" alt=\"\" \/><\/a>\n\t\t\t<\/div><\/figure><figure class='gallery-item'>\n\t\t\t<div class='gallery-icon landscape'>\n\t\t\t\t<a href='https:\/\/bibliobelas.eba.ufmg.br\/wp-content\/uploads\/2011\/03\/img_9650.jpg'><img loading=\"lazy\" decoding=\"async\" width=\"150\" height=\"150\" src=\"https:\/\/bibliobelas.eba.ufmg.br\/wp-content\/uploads\/2011\/03\/img_9650-150x150.jpg\" class=\"attachment-thumbnail size-thumbnail\" alt=\"\" \/><\/a>\n\t\t\t<\/div><\/figure><figure class='gallery-item'>\n\t\t\t<div class='gallery-icon landscape'>\n\t\t\t\t<a href='https:\/\/bibliobelas.eba.ufmg.br\/wp-content\/uploads\/2011\/03\/img_9651.jpg'><img loading=\"lazy\" decoding=\"async\" width=\"150\" height=\"150\" src=\"https:\/\/bibliobelas.eba.ufmg.br\/wp-content\/uploads\/2011\/03\/img_9651-150x150.jpg\" class=\"attachment-thumbnail size-thumbnail\" alt=\"\" \/><\/a>\n\t\t\t<\/div><\/figure><figure class='gallery-item'>\n\t\t\t<div class='gallery-icon landscape'>\n\t\t\t\t<a href='https:\/\/bibliobelas.eba.ufmg.br\/wp-content\/uploads\/2011\/03\/img_9731.jpg'><img loading=\"lazy\" decoding=\"async\" width=\"150\" height=\"150\" src=\"https:\/\/bibliobelas.eba.ufmg.br\/wp-content\/uploads\/2011\/03\/img_9731-150x150.jpg\" class=\"attachment-thumbnail size-thumbnail\" alt=\"\" \/><\/a>\n\t\t\t<\/div><\/figure><figure class='gallery-item'>\n\t\t\t<div class='gallery-icon landscape'>\n\t\t\t\t<a href='https:\/\/bibliobelas.eba.ufmg.br\/wp-content\/uploads\/2011\/03\/img_9636.jpg'><img loading=\"lazy\" decoding=\"async\" width=\"150\" height=\"150\" src=\"https:\/\/bibliobelas.eba.ufmg.br\/wp-content\/uploads\/2011\/03\/img_9636-150x150.jpg\" class=\"attachment-thumbnail size-thumbnail\" alt=\"\" \/><\/a>\n\t\t\t<\/div><\/figure><figure class='gallery-item'>\n\t\t\t<div class='gallery-icon landscape'>\n\t\t\t\t<a href='https:\/\/bibliobelas.eba.ufmg.br\/wp-content\/uploads\/2011\/03\/img_9631.jpg'><img loading=\"lazy\" decoding=\"async\" width=\"150\" height=\"150\" src=\"https:\/\/bibliobelas.eba.ufmg.br\/wp-content\/uploads\/2011\/03\/img_9631-150x150.jpg\" class=\"attachment-thumbnail size-thumbnail\" alt=\"\" \/><\/a>\n\t\t\t<\/div><\/figure><figure class='gallery-item'>\n\t\t\t<div class='gallery-icon landscape'>\n\t\t\t\t<a href='https:\/\/bibliobelas.eba.ufmg.br\/wp-content\/uploads\/2011\/03\/obras-copasa18.jpg'><img loading=\"lazy\" decoding=\"async\" width=\"150\" height=\"150\" src=\"https:\/\/bibliobelas.eba.ufmg.br\/wp-content\/uploads\/2011\/03\/obras-copasa18-150x150.jpg\" class=\"attachment-thumbnail size-thumbnail\" alt=\"\" \/><\/a>\n\t\t\t<\/div><\/figure><figure class='gallery-item'>\n\t\t\t<div class='gallery-icon landscape'>\n\t\t\t\t<a href='https:\/\/bibliobelas.eba.ufmg.br\/wp-content\/uploads\/2011\/03\/img_9638.jpg'><img loading=\"lazy\" decoding=\"async\" width=\"150\" height=\"150\" src=\"https:\/\/bibliobelas.eba.ufmg.br\/wp-content\/uploads\/2011\/03\/img_9638-150x150.jpg\" class=\"attachment-thumbnail size-thumbnail\" alt=\"\" \/><\/a>\n\t\t\t<\/div><\/figure><figure class='gallery-item'>\n\t\t\t<div class='gallery-icon landscape'>\n\t\t\t\t<a href='https:\/\/bibliobelas.eba.ufmg.br\/wp-content\/uploads\/2011\/03\/img_9645.jpg'><img loading=\"lazy\" decoding=\"async\" width=\"150\" height=\"150\" src=\"https:\/\/bibliobelas.eba.ufmg.br\/wp-content\/uploads\/2011\/03\/img_9645-150x150.jpg\" class=\"attachment-thumbnail size-thumbnail\" alt=\"\" \/><\/a>\n\t\t\t<\/div><\/figure><figure class='gallery-item'>\n\t\t\t<div class='gallery-icon portrait'>\n\t\t\t\t<a href='https:\/\/bibliobelas.eba.ufmg.br\/wp-content\/uploads\/2011\/03\/img_9757.jpg'><img loading=\"lazy\" decoding=\"async\" width=\"150\" height=\"150\" src=\"https:\/\/bibliobelas.eba.ufmg.br\/wp-content\/uploads\/2011\/03\/img_9757-150x150.jpg\" class=\"attachment-thumbnail size-thumbnail\" alt=\"\" \/><\/a>\n\t\t\t<\/div><\/figure><figure class='gallery-item'>\n\t\t\t<div class='gallery-icon landscape'>\n\t\t\t\t<a href='https:\/\/bibliobelas.eba.ufmg.br\/wp-content\/uploads\/2011\/03\/img_9776.jpg'><img loading=\"lazy\" decoding=\"async\" width=\"150\" height=\"150\" src=\"https:\/\/bibliobelas.eba.ufmg.br\/wp-content\/uploads\/2011\/03\/img_9776-150x150.jpg\" class=\"attachment-thumbnail size-thumbnail\" alt=\"\" \/><\/a>\n\t\t\t<\/div><\/figure><figure class='gallery-item'>\n\t\t\t<div class='gallery-icon landscape'>\n\t\t\t\t<a href='https:\/\/bibliobelas.eba.ufmg.br\/wp-content\/uploads\/2011\/03\/img_9814.jpg'><img loading=\"lazy\" decoding=\"async\" width=\"150\" height=\"150\" src=\"https:\/\/bibliobelas.eba.ufmg.br\/wp-content\/uploads\/2011\/03\/img_9814-150x150.jpg\" class=\"attachment-thumbnail size-thumbnail\" alt=\"\" \/><\/a>\n\t\t\t<\/div><\/figure>\n\t\t<\/div>\n\n","protected":false},"excerpt":{"rendered":"<p>Camila Otto, natural de Belo Horizonte, \u00a0\u00e9 aluna de p\u00f3s-gradua\u00e7\u00e3o da Escola de Belas Artes. Formada em Artes Pl\u00e1sticas pela Universidade Federal de Minas Gerais e, em Design Industrial, na UEMG, a artista atua na \u00e1rea de gravura, fotografia e educa\u00e7\u00e3o em artes e trabalha tamb\u00e9m como designer de produto e com estamparia. J\u00e1 apresentou &hellip; <a href=\"https:\/\/bibliobelas.eba.ufmg.br\/index.php\/galeria-3\/artistas\/camila-otto\/\" class=\"more-link\">Continue lendo <span class=\"screen-reader-text\">Camila Otto<\/span> <span class=\"meta-nav\">&rarr;<\/span><\/a><\/p>\n","protected":false},"author":1,"featured_media":0,"parent":718,"menu_order":2,"comment_status":"open","ping_status":"open","template":"","meta":{"footnotes":""},"class_list":["post-845","page","type-page","status-publish","hentry"],"_links":{"self":[{"href":"https:\/\/bibliobelas.eba.ufmg.br\/index.php\/wp-json\/wp\/v2\/pages\/845","targetHints":{"allow":["GET"]}}],"collection":[{"href":"https:\/\/bibliobelas.eba.ufmg.br\/index.php\/wp-json\/wp\/v2\/pages"}],"about":[{"href":"https:\/\/bibliobelas.eba.ufmg.br\/index.php\/wp-json\/wp\/v2\/types\/page"}],"author":[{"embeddable":true,"href":"https:\/\/bibliobelas.eba.ufmg.br\/index.php\/wp-json\/wp\/v2\/users\/1"}],"replies":[{"embeddable":true,"href":"https:\/\/bibliobelas.eba.ufmg.br\/index.php\/wp-json\/wp\/v2\/comments?post=845"}],"version-history":[{"count":0,"href":"https:\/\/bibliobelas.eba.ufmg.br\/index.php\/wp-json\/wp\/v2\/pages\/845\/revisions"}],"up":[{"embeddable":true,"href":"https:\/\/bibliobelas.eba.ufmg.br\/index.php\/wp-json\/wp\/v2\/pages\/718"}],"wp:attachment":[{"href":"https:\/\/bibliobelas.eba.ufmg.br\/index.php\/wp-json\/wp\/v2\/media?parent=845"}],"curies":[{"name":"wp","href":"https:\/\/api.w.org\/{rel}","templated":true}]}}