{"id":85,"date":"2010-11-11T17:58:28","date_gmt":"2010-11-11T19:58:28","guid":{"rendered":"http:\/\/bibliobelas.wordpress.com\/"},"modified":"2025-03-10T16:18:31","modified_gmt":"2025-03-10T19:18:31","slug":"pesquisa-bibliografica","status":"publish","type":"page","link":"https:\/\/bibliobelas.eba.ufmg.br\/index.php\/servicos\/pesquisa-bibliografica\/","title":{"rendered":"Pesquisa Bibliogr\u00e1fica"},"content":{"rendered":"<p style=\"text-align: justify;\">A pesquisa bibliogr\u00e1fica \u00e9 a atividade de localiza\u00e7\u00e3o e consulta de fontes diversas de informa\u00e7\u00f5es, para coletar dados gerais ou espec\u00edficos a respeito de um tema. No que se refere ao acervo da UFMG, a pesquisa pode ser feita pelo pr\u00f3prio usu\u00e1rio atrav\u00e9s do cat\u00e1logo online <a href=\"http:\/\/catalogobiblioteca.ufmg.br\/pergamum\/biblioteca\/index.php\" target=\"_blank\" rel=\"noopener\">Pergamum<\/a>.<\/p>\n\n\n<figure class=\"wp-block-image size-large\"><img loading=\"lazy\" decoding=\"async\" width=\"1024\" height=\"576\" src=\"https:\/\/bibliobelas.eba.ufmg.br\/wp-content\/uploads\/2025\/03\/pergamum-1024x576.jpg\" alt=\"\" class=\"wp-image-8450\" srcset=\"https:\/\/bibliobelas.eba.ufmg.br\/wp-content\/uploads\/2025\/03\/pergamum-1024x576.jpg 1024w, https:\/\/bibliobelas.eba.ufmg.br\/wp-content\/uploads\/2025\/03\/pergamum-300x169.jpg 300w, https:\/\/bibliobelas.eba.ufmg.br\/wp-content\/uploads\/2025\/03\/pergamum-768x432.jpg 768w, https:\/\/bibliobelas.eba.ufmg.br\/wp-content\/uploads\/2025\/03\/pergamum-1536x864.jpg 1536w, https:\/\/bibliobelas.eba.ufmg.br\/wp-content\/uploads\/2025\/03\/pergamum.jpg 1600w\" sizes=\"auto, (max-width: 1024px) 100vw, 1024px\" \/><\/figure>\n\n\n\n<p>A UFMG possui um mecanismo de <a href=\"https:\/\/www.bu.ufmg.br\/bu_atual\/\">busca integrada<\/a> que permite pesquisar ao mesmo tempo em todas as plataformas acess\u00edveis a UFMG, que no caso s\u00e3o as bases de <a href=\"https:\/\/bibliobelas.eba.ufmg.br\/index.php\/e-books\/\">ebooks<\/a>, bases externas diversas, cat\u00e1logo <a href=\"https:\/\/catalogobiblioteca.ufmg.br\/\">Pergamum<\/a>, <a href=\"https:\/\/periodicos.ufmg.br\/\">Peri\u00f3dicos<\/a> da UFMG e <a href=\"https:\/\/repositorio.ufmg.br\/\">Reposit\u00f3rio <\/a><a href=\"https:\/\/repositorio.ufmg.br\/\">institucional da UFMG<\/a> e de diversas outras institui\u00e7\u00f5es acad\u00eamicas.<\/p>\n\n\n\n<figure class=\"wp-block-image size-large\"><img loading=\"lazy\" decoding=\"async\" width=\"1024\" height=\"576\" src=\"https:\/\/bibliobelas.eba.ufmg.br\/wp-content\/uploads\/2025\/03\/pesquisa-integrada-1024x576.jpg\" alt=\"\" class=\"wp-image-8452\" srcset=\"https:\/\/bibliobelas.eba.ufmg.br\/wp-content\/uploads\/2025\/03\/pesquisa-integrada-1024x576.jpg 1024w, https:\/\/bibliobelas.eba.ufmg.br\/wp-content\/uploads\/2025\/03\/pesquisa-integrada-300x169.jpg 300w, https:\/\/bibliobelas.eba.ufmg.br\/wp-content\/uploads\/2025\/03\/pesquisa-integrada-768x432.jpg 768w, https:\/\/bibliobelas.eba.ufmg.br\/wp-content\/uploads\/2025\/03\/pesquisa-integrada-1536x864.jpg 1536w, https:\/\/bibliobelas.eba.ufmg.br\/wp-content\/uploads\/2025\/03\/pesquisa-integrada.jpg 1600w\" sizes=\"auto, (max-width: 1024px) 100vw, 1024px\" \/><\/figure>\n","protected":false},"excerpt":{"rendered":"<p>A pesquisa bibliogr\u00e1fica \u00e9 a atividade de localiza\u00e7\u00e3o e consulta de fontes diversas de informa\u00e7\u00f5es, para coletar dados gerais ou espec\u00edficos a respeito de um tema. No que se refere ao acervo da UFMG, a pesquisa pode ser feita pelo pr\u00f3prio usu\u00e1rio atrav\u00e9s do cat\u00e1logo online Pergamum. A UFMG possui um mecanismo de busca integrada &hellip; <a href=\"https:\/\/bibliobelas.eba.ufmg.br\/index.php\/servicos\/pesquisa-bibliografica\/\" class=\"more-link\">Continue lendo <span class=\"screen-reader-text\">Pesquisa Bibliogr\u00e1fica<\/span> <span class=\"meta-nav\">&rarr;<\/span><\/a><\/p>\n","protected":false},"author":1,"featured_media":0,"parent":36,"menu_order":5,"comment_status":"closed","ping_status":"open","template":"","meta":{"footnotes":""},"class_list":["post-85","page","type-page","status-publish","hentry"],"_links":{"self":[{"href":"https:\/\/bibliobelas.eba.ufmg.br\/index.php\/wp-json\/wp\/v2\/pages\/85","targetHints":{"allow":["GET"]}}],"collection":[{"href":"https:\/\/bibliobelas.eba.ufmg.br\/index.php\/wp-json\/wp\/v2\/pages"}],"about":[{"href":"https:\/\/bibliobelas.eba.ufmg.br\/index.php\/wp-json\/wp\/v2\/types\/page"}],"author":[{"embeddable":true,"href":"https:\/\/bibliobelas.eba.ufmg.br\/index.php\/wp-json\/wp\/v2\/users\/1"}],"replies":[{"embeddable":true,"href":"https:\/\/bibliobelas.eba.ufmg.br\/index.php\/wp-json\/wp\/v2\/comments?post=85"}],"version-history":[{"count":5,"href":"https:\/\/bibliobelas.eba.ufmg.br\/index.php\/wp-json\/wp\/v2\/pages\/85\/revisions"}],"predecessor-version":[{"id":8456,"href":"https:\/\/bibliobelas.eba.ufmg.br\/index.php\/wp-json\/wp\/v2\/pages\/85\/revisions\/8456"}],"up":[{"embeddable":true,"href":"https:\/\/bibliobelas.eba.ufmg.br\/index.php\/wp-json\/wp\/v2\/pages\/36"}],"wp:attachment":[{"href":"https:\/\/bibliobelas.eba.ufmg.br\/index.php\/wp-json\/wp\/v2\/media?parent=85"}],"curies":[{"name":"wp","href":"https:\/\/api.w.org\/{rel}","templated":true}]}}