{"id":8534,"date":"2025-05-15T19:54:13","date_gmt":"2025-05-15T22:54:13","guid":{"rendered":"https:\/\/bibliobelas.eba.ufmg.br\/?page_id=8534"},"modified":"2025-05-16T13:39:19","modified_gmt":"2025-05-16T16:39:19","slug":"graduacao","status":"publish","type":"page","link":"https:\/\/bibliobelas.eba.ufmg.br\/index.php\/servicos\/normalizacao-bibliografica\/graduacao\/","title":{"rendered":"Gradua\u00e7\u00e3o"},"content":{"rendered":"\n<p class=\"has-text-align-center has-medium-font-size\">TCC &#8211; ORIENTA\u00c7\u00d5ES E MODELO<\/p>\n\n\n\n<p class=\"has-medium-font-size\"><strong>Formata\u00e7\u00e3o do Trabalho Acad\u00eamico<\/strong><\/p>\n\n\n\n<p>Confira abaixo o modelo do Trabalho de Conclus\u00e3o de Curso (TCC), elaborado pela Biblioteca da EBA, com base nas normas da ABNT atualmente em vigor.<\/p>\n\n\n\n<p class=\"has-text-align-center has-large-font-size\"><a href=\"https:\/\/bibliobelas.eba.ufmg.br\/wp-content\/uploads\/2025\/05\/2025-Modelo-Template-TCC.doc\">Modelo\/Template \u2013 TCC<\/a><\/p>\n\n\n\n<p class=\"has-small-font-size\">(O arquivo est\u00e1 dispon\u00edvel em formato Word para facilitar o download e a edi\u00e7\u00e3o, oferecendo mais praticidade na organiza\u00e7\u00e3o do seu trabalho) <\/p>\n\n\n\n<p class=\"has-medium-font-size\"><\/p>\n\n\n\n<p><\/p>\n","protected":false},"excerpt":{"rendered":"<p>TCC &#8211; ORIENTA\u00c7\u00d5ES E MODELO Formata\u00e7\u00e3o do Trabalho Acad\u00eamico Confira abaixo o modelo do Trabalho de Conclus\u00e3o de Curso (TCC), elaborado pela Biblioteca da EBA, com base nas normas da ABNT atualmente em vigor. Modelo\/Template \u2013 TCC (O arquivo est\u00e1 dispon\u00edvel em formato Word para facilitar o download e a edi\u00e7\u00e3o, oferecendo mais praticidade na &hellip; <a href=\"https:\/\/bibliobelas.eba.ufmg.br\/index.php\/servicos\/normalizacao-bibliografica\/graduacao\/\" class=\"more-link\">Continue lendo <span class=\"screen-reader-text\">Gradua\u00e7\u00e3o<\/span> <span class=\"meta-nav\">&rarr;<\/span><\/a><\/p>\n","protected":false},"author":1,"featured_media":0,"parent":324,"menu_order":-3,"comment_status":"closed","ping_status":"closed","template":"","meta":{"footnotes":""},"class_list":["post-8534","page","type-page","status-publish","hentry"],"_links":{"self":[{"href":"https:\/\/bibliobelas.eba.ufmg.br\/index.php\/wp-json\/wp\/v2\/pages\/8534","targetHints":{"allow":["GET"]}}],"collection":[{"href":"https:\/\/bibliobelas.eba.ufmg.br\/index.php\/wp-json\/wp\/v2\/pages"}],"about":[{"href":"https:\/\/bibliobelas.eba.ufmg.br\/index.php\/wp-json\/wp\/v2\/types\/page"}],"author":[{"embeddable":true,"href":"https:\/\/bibliobelas.eba.ufmg.br\/index.php\/wp-json\/wp\/v2\/users\/1"}],"replies":[{"embeddable":true,"href":"https:\/\/bibliobelas.eba.ufmg.br\/index.php\/wp-json\/wp\/v2\/comments?post=8534"}],"version-history":[{"count":9,"href":"https:\/\/bibliobelas.eba.ufmg.br\/index.php\/wp-json\/wp\/v2\/pages\/8534\/revisions"}],"predecessor-version":[{"id":8558,"href":"https:\/\/bibliobelas.eba.ufmg.br\/index.php\/wp-json\/wp\/v2\/pages\/8534\/revisions\/8558"}],"up":[{"embeddable":true,"href":"https:\/\/bibliobelas.eba.ufmg.br\/index.php\/wp-json\/wp\/v2\/pages\/324"}],"wp:attachment":[{"href":"https:\/\/bibliobelas.eba.ufmg.br\/index.php\/wp-json\/wp\/v2\/media?parent=8534"}],"curies":[{"name":"wp","href":"https:\/\/api.w.org\/{rel}","templated":true}]}}