{"id":91,"date":"2010-11-11T18:07:57","date_gmt":"2010-11-11T20:07:57","guid":{"rendered":"http:\/\/bibliobelas.wordpress.com\/"},"modified":"2023-02-10T18:35:04","modified_gmt":"2023-02-10T21:35:04","slug":"comutacao-bibliografica","status":"publish","type":"page","link":"https:\/\/bibliobelas.eba.ufmg.br\/index.php\/servicos\/comutacao-bibliografica\/","title":{"rendered":"Comuta\u00e7\u00e3o Bibliogr\u00e1fica"},"content":{"rendered":"<ul style=\"text-align: justify;\">\u00a0Comuta\u00e7\u00e3o Bibliogr\u00e1fica (COMUT)<\/ul>\n<p style=\"text-align: justify;\">O Servi\u00e7o de Comuta\u00e7\u00e3o Bibliogr\u00e1fica (COMUT) permite a obten\u00e7\u00e3o de c\u00f3pias de documentos t\u00e9cnico-cient\u00edficos dispon\u00edveis nos acervos das principais bibliotecas brasileiras e em servi\u00e7os de informa\u00e7\u00e3o internacionais.<\/p>\n<p style=\"text-align: justify;\">Entre os documentos acess\u00edveis, encontram-se peri\u00f3dicos, teses, anais de congressos, relat\u00f3rios t\u00e9cnicos e partes de documentos.<\/p>\n<p style=\"text-align: justify;\">A cada 5 folhas de informa\u00e7\u00e3o o usu\u00e1rio paga o valor de R$ 2,20. Entre em contato com a biblioteca para pedir c\u00f3pias de documentos n\u00e3o dispon\u00edveis nas bibliotecas da UFMG.<\/p>\n<p style=\"text-align: justify;\">Segue artigo publicado no Boletim Informativo do Sistema de Bibliotecas da UFMG, n\u00ba1, ano 1, Abril\/Maio 2012 :<\/p>\n<p style=\"text-align: justify;\"><a href=\"https:\/\/bibliobelas.eba.ufmg.br\/wp-content\/uploads\/2014\/02\/063.png\"><img loading=\"lazy\" decoding=\"async\" class=\"aligncenter size-full wp-image-3411\" src=\"https:\/\/bibliobelas.eba.ufmg.br\/wp-content\/uploads\/2014\/02\/063.png\" alt=\"06\" width=\"500\" height=\"707\" srcset=\"https:\/\/bibliobelas.eba.ufmg.br\/wp-content\/uploads\/2014\/02\/063.png 1414w, https:\/\/bibliobelas.eba.ufmg.br\/wp-content\/uploads\/2014\/02\/063-212x300.png 212w, https:\/\/bibliobelas.eba.ufmg.br\/wp-content\/uploads\/2014\/02\/063-724x1024.png 724w, https:\/\/bibliobelas.eba.ufmg.br\/wp-content\/uploads\/2014\/02\/063-768x1086.png 768w, https:\/\/bibliobelas.eba.ufmg.br\/wp-content\/uploads\/2014\/02\/063-1086x1536.png 1086w\" sizes=\"auto, (max-width: 500px) 100vw, 500px\" \/><\/a><\/p>\n","protected":false},"excerpt":{"rendered":"<p>\u00a0Comuta\u00e7\u00e3o Bibliogr\u00e1fica (COMUT) O Servi\u00e7o de Comuta\u00e7\u00e3o Bibliogr\u00e1fica (COMUT) permite a obten\u00e7\u00e3o de c\u00f3pias de documentos t\u00e9cnico-cient\u00edficos dispon\u00edveis nos acervos das principais bibliotecas brasileiras e em servi\u00e7os de informa\u00e7\u00e3o internacionais. Entre os documentos acess\u00edveis, encontram-se peri\u00f3dicos, teses, anais de congressos, relat\u00f3rios t\u00e9cnicos e partes de documentos. A cada 5 folhas de informa\u00e7\u00e3o o usu\u00e1rio paga &hellip; <a href=\"https:\/\/bibliobelas.eba.ufmg.br\/index.php\/servicos\/comutacao-bibliografica\/\" class=\"more-link\">Continue lendo <span class=\"screen-reader-text\">Comuta\u00e7\u00e3o Bibliogr\u00e1fica<\/span> <span class=\"meta-nav\">&rarr;<\/span><\/a><\/p>\n","protected":false},"author":1,"featured_media":0,"parent":36,"menu_order":6,"comment_status":"closed","ping_status":"open","template":"","meta":{"footnotes":""},"class_list":["post-91","page","type-page","status-publish","hentry"],"_links":{"self":[{"href":"https:\/\/bibliobelas.eba.ufmg.br\/index.php\/wp-json\/wp\/v2\/pages\/91","targetHints":{"allow":["GET"]}}],"collection":[{"href":"https:\/\/bibliobelas.eba.ufmg.br\/index.php\/wp-json\/wp\/v2\/pages"}],"about":[{"href":"https:\/\/bibliobelas.eba.ufmg.br\/index.php\/wp-json\/wp\/v2\/types\/page"}],"author":[{"embeddable":true,"href":"https:\/\/bibliobelas.eba.ufmg.br\/index.php\/wp-json\/wp\/v2\/users\/1"}],"replies":[{"embeddable":true,"href":"https:\/\/bibliobelas.eba.ufmg.br\/index.php\/wp-json\/wp\/v2\/comments?post=91"}],"version-history":[{"count":1,"href":"https:\/\/bibliobelas.eba.ufmg.br\/index.php\/wp-json\/wp\/v2\/pages\/91\/revisions"}],"predecessor-version":[{"id":7647,"href":"https:\/\/bibliobelas.eba.ufmg.br\/index.php\/wp-json\/wp\/v2\/pages\/91\/revisions\/7647"}],"up":[{"embeddable":true,"href":"https:\/\/bibliobelas.eba.ufmg.br\/index.php\/wp-json\/wp\/v2\/pages\/36"}],"wp:attachment":[{"href":"https:\/\/bibliobelas.eba.ufmg.br\/index.php\/wp-json\/wp\/v2\/media?parent=91"}],"curies":[{"name":"wp","href":"https:\/\/api.w.org\/{rel}","templated":true}]}}